{"id":17463,"date":"2021-05-27T11:16:49","date_gmt":"2021-05-27T09:16:49","guid":{"rendered":"https:\/\/huusvandetaol.nl\/?post_type=product&#038;p=17463"},"modified":"2026-03-25T14:21:32","modified_gmt":"2026-03-25T13:21:32","slug":"de-man-die-russisch-preut-anne-doornbos","status":"publish","type":"product","link":"https:\/\/huusvandetaol.nl\/nl\/product\/de-man-die-russisch-preut-anne-doornbos\/","title":{"rendered":"De man die Russisch preut &#8211; Anne Doornbos"},"content":{"rendered":"<p>In de opvolger van <em>De paddenvanger<\/em> kreg inspecteur Freek Rossing te maken met de moord op een hoge metwarker van de NAM. Hij wordt dood antr\u00f6ffen nao een braand in zien priv\u00e9-sauna in de tuun in Gies. Dat lat niet all\u00e9n in Drenthe, maor ok in Den Haag de alarmbellen rinkeln. Veur Rossing en zien team begunt een stoere speurtocht. Hef het te maken met het verzet tegen de gaswinning in Grunning? Is der wat loos in het huwelijk van het slachtoffer? Of komp dit deur onienigheid over een mestopslag? In de loop van het underzuuk graaft Freek Rossing en zien collega\u2019s aal dieper in het verleden. Een verleden waorin smerige geheimen rond collegialiteit, ontrouw en verraod speult.<\/p>\n<p><em>De man die Russisch preut<\/em> speult in de dudelk herkenbare umgeving van Gies, met oetstappies naor undermeer Emmen, Emmelkamp en N\u00f6rg.<\/p>\n<p>&nbsp;<\/p>\n","protected":false},"excerpt":{"rendered":"<p>In\u00a0<em>De man die Russisch preut\u00a0<\/em>kreg inspecteur Freek Rossing te maken met een duuster en ingewikkeld misdrief.<\/p>\n","protected":false},"featured_media":17469,"template":"","meta":{"_acf_changed":false},"product_brand":[],"product_cat":[26,205],"product_tag":[212,211,923,922,924,210],"class_list":{"0":"post-17463","1":"product","2":"type-product","3":"status-publish","4":"has-post-thumbnail","6":"product_cat-boeken","7":"product_cat-thrillers","8":"product_tag-anne-doornbos","9":"product_tag-drents","10":"product_tag-freek-rossing","11":"product_tag-misdaadroman","12":"product_tag-nam","13":"product_tag-thriller","15":"first","16":"instock","17":"taxable","18":"shipping-taxable","19":"purchasable","20":"product-type-simple"},"acf":[],"yoast_head":"<!-- This site is optimized with the Yoast SEO plugin v27.3 - https:\/\/yoast.com\/product\/yoast-seo-wordpress\/ -->\n<title>De man die Russisch preut - Anne Doornbos - Huus van de Taol<\/title>\n<meta name=\"description\" content=\"&#039;De man die Russisch preut&#039; is het neie boek van schriever Anne Doornbos. Dizze thriller giet over de moord op een metwarker van de NAM.\" \/>\n<meta name=\"robots\" content=\"index, follow, max-snippet:-1, max-image-preview:large, max-video-preview:-1\" \/>\n<link rel=\"canonical\" href=\"https:\/\/huusvandetaol.nl\/nl\/product\/de-man-die-russisch-preut-anne-doornbos\/\" \/>\n<meta property=\"og:locale\" content=\"nl_NL\" \/>\n<meta property=\"og:type\" content=\"article\" \/>\n<meta property=\"og:title\" content=\"De man die Russisch preut - Anne Doornbos - Huus van de Taol\" \/>\n<meta property=\"og:description\" content=\"&#039;De man die Russisch preut&#039; is het neie boek van schriever Anne Doornbos. Dizze thriller giet over de moord op een metwarker van de NAM.\" \/>\n<meta property=\"og:url\" content=\"https:\/\/huusvandetaol.nl\/nl\/product\/de-man-die-russisch-preut-anne-doornbos\/\" \/>\n<meta property=\"og:site_name\" content=\"Huus van de Taol\" \/>\n<meta property=\"article:publisher\" content=\"https:\/\/www.facebook.com\/huusvandetaol\/\" \/>\n<meta property=\"article:modified_time\" content=\"2026-03-25T13:21:32+00:00\" \/>\n<meta property=\"og:image\" content=\"https:\/\/huusvandetaol.nl\/wp-content\/uploads\/2021\/05\/De-man-die-Russisch-preut-Anne-Doornbos-Freek-Rossing-Huus-van-de-Taol-Het-Drentse-Boek.jpg\" \/>\n\t<meta property=\"og:image:width\" content=\"1350\" \/>\n\t<meta property=\"og:image:height\" content=\"1192\" \/>\n\t<meta property=\"og:image:type\" content=\"image\/jpeg\" \/>\n<meta name=\"twitter:card\" content=\"summary_large_image\" \/>\n<meta name=\"twitter:site\" content=\"@HuusvandeTaol\" \/>\n<meta name=\"twitter:label1\" content=\"Geschatte leestijd\" \/>\n\t<meta name=\"twitter:data1\" content=\"1 minuut\" \/>\n<script type=\"application\/ld+json\" class=\"yoast-schema-graph\">{\"@context\":\"https:\\\/\\\/schema.org\",\"@graph\":[{\"@type\":\"WebPage\",\"@id\":\"https:\\\/\\\/huusvandetaol.nl\\\/nl\\\/product\\\/de-man-die-russisch-preut-anne-doornbos\\\/\",\"url\":\"https:\\\/\\\/huusvandetaol.nl\\\/nl\\\/product\\\/de-man-die-russisch-preut-anne-doornbos\\\/\",\"name\":\"De man die Russisch preut - Anne Doornbos - Huus van de Taol\",\"isPartOf\":{\"@id\":\"https:\\\/\\\/huusvandetaol.nl\\\/nl\\\/#website\"},\"primaryImageOfPage\":{\"@id\":\"https:\\\/\\\/huusvandetaol.nl\\\/nl\\\/product\\\/de-man-die-russisch-preut-anne-doornbos\\\/#primaryimage\"},\"image\":{\"@id\":\"https:\\\/\\\/huusvandetaol.nl\\\/nl\\\/product\\\/de-man-die-russisch-preut-anne-doornbos\\\/#primaryimage\"},\"thumbnailUrl\":\"https:\\\/\\\/huusvandetaol.nl\\\/wp-content\\\/uploads\\\/2021\\\/05\\\/De-man-die-Russisch-preut-Anne-Doornbos-Freek-Rossing-Huus-van-de-Taol-Het-Drentse-Boek.jpg\",\"datePublished\":\"2021-05-27T09:16:49+00:00\",\"dateModified\":\"2026-03-25T13:21:32+00:00\",\"description\":\"'De man die Russisch preut' is het neie boek van schriever Anne Doornbos. Dizze thriller giet over de moord op een metwarker van de NAM.\",\"breadcrumb\":{\"@id\":\"https:\\\/\\\/huusvandetaol.nl\\\/nl\\\/product\\\/de-man-die-russisch-preut-anne-doornbos\\\/#breadcrumb\"},\"inLanguage\":\"nl-NL\",\"potentialAction\":[{\"@type\":\"ReadAction\",\"target\":[\"https:\\\/\\\/huusvandetaol.nl\\\/nl\\\/product\\\/de-man-die-russisch-preut-anne-doornbos\\\/\"]}]},{\"@type\":\"ImageObject\",\"inLanguage\":\"nl-NL\",\"@id\":\"https:\\\/\\\/huusvandetaol.nl\\\/nl\\\/product\\\/de-man-die-russisch-preut-anne-doornbos\\\/#primaryimage\",\"url\":\"https:\\\/\\\/huusvandetaol.nl\\\/wp-content\\\/uploads\\\/2021\\\/05\\\/De-man-die-Russisch-preut-Anne-Doornbos-Freek-Rossing-Huus-van-de-Taol-Het-Drentse-Boek.jpg\",\"contentUrl\":\"https:\\\/\\\/huusvandetaol.nl\\\/wp-content\\\/uploads\\\/2021\\\/05\\\/De-man-die-Russisch-preut-Anne-Doornbos-Freek-Rossing-Huus-van-de-Taol-Het-Drentse-Boek.jpg\",\"width\":1350,\"height\":1192,\"caption\":\"De man die Russisch preut Anne Doornbos Freek Rossing Huus van de Taol Het Drentse Boek\"},{\"@type\":\"BreadcrumbList\",\"@id\":\"https:\\\/\\\/huusvandetaol.nl\\\/nl\\\/product\\\/de-man-die-russisch-preut-anne-doornbos\\\/#breadcrumb\",\"itemListElement\":[{\"@type\":\"ListItem\",\"position\":1,\"name\":\"Thoesblad\",\"item\":\"https:\\\/\\\/huusvandetaol.nl\\\/nl\\\/\"},{\"@type\":\"ListItem\",\"position\":2,\"name\":\"Webshop\",\"item\":\"https:\\\/\\\/huusvandetaol.nl\\\/nl\\\/webshop\\\/\"},{\"@type\":\"ListItem\",\"position\":3,\"name\":\"De man die Russisch preut &#8211; Anne Doornbos\"}]},{\"@type\":\"WebSite\",\"@id\":\"https:\\\/\\\/huusvandetaol.nl\\\/nl\\\/#website\",\"url\":\"https:\\\/\\\/huusvandetaol.nl\\\/nl\\\/\",\"name\":\"Huus van de Taol\",\"description\":\"Wies met Drents\",\"publisher\":{\"@id\":\"https:\\\/\\\/huusvandetaol.nl\\\/nl\\\/#organization\"},\"potentialAction\":[{\"@type\":\"SearchAction\",\"target\":{\"@type\":\"EntryPoint\",\"urlTemplate\":\"https:\\\/\\\/huusvandetaol.nl\\\/nl\\\/?s={search_term_string}\"},\"query-input\":{\"@type\":\"PropertyValueSpecification\",\"valueRequired\":true,\"valueName\":\"search_term_string\"}}],\"inLanguage\":\"nl-NL\"},{\"@type\":\"Organization\",\"@id\":\"https:\\\/\\\/huusvandetaol.nl\\\/nl\\\/#organization\",\"name\":\"Huus van de Taol\",\"url\":\"https:\\\/\\\/huusvandetaol.nl\\\/nl\\\/\",\"logo\":{\"@type\":\"ImageObject\",\"inLanguage\":\"nl-NL\",\"@id\":\"https:\\\/\\\/huusvandetaol.nl\\\/nl\\\/#\\\/schema\\\/logo\\\/image\\\/\",\"url\":\"https:\\\/\\\/huusvandetaol.nl\\\/wp-content\\\/uploads\\\/downloads\\\/logo.png\",\"contentUrl\":\"https:\\\/\\\/huusvandetaol.nl\\\/wp-content\\\/uploads\\\/downloads\\\/logo.png\",\"width\":1146,\"height\":693,\"caption\":\"Huus van de Taol\"},\"image\":{\"@id\":\"https:\\\/\\\/huusvandetaol.nl\\\/nl\\\/#\\\/schema\\\/logo\\\/image\\\/\"},\"sameAs\":[\"https:\\\/\\\/www.facebook.com\\\/huusvandetaol\\\/\",\"https:\\\/\\\/x.com\\\/HuusvandeTaol\",\"https:\\\/\\\/www.instagram.com\\\/huusvandetaol\\\/\"]}]}<\/script>\n<!-- \/ Yoast SEO plugin. -->","yoast_head_json":{"title":"De man die Russisch preut - Anne Doornbos - Huus van de Taol","description":"'De man die Russisch preut' is het neie boek van schriever Anne Doornbos. Dizze thriller giet over de moord op een metwarker van de NAM.","robots":{"index":"index","follow":"follow","max-snippet":"max-snippet:-1","max-image-preview":"max-image-preview:large","max-video-preview":"max-video-preview:-1"},"canonical":"https:\/\/huusvandetaol.nl\/nl\/product\/de-man-die-russisch-preut-anne-doornbos\/","og_locale":"nl_NL","og_type":"article","og_title":"De man die Russisch preut - Anne Doornbos - Huus van de Taol","og_description":"'De man die Russisch preut' is het neie boek van schriever Anne Doornbos. Dizze thriller giet over de moord op een metwarker van de NAM.","og_url":"https:\/\/huusvandetaol.nl\/nl\/product\/de-man-die-russisch-preut-anne-doornbos\/","og_site_name":"Huus van de Taol","article_publisher":"https:\/\/www.facebook.com\/huusvandetaol\/","article_modified_time":"2026-03-25T13:21:32+00:00","og_image":[{"width":1350,"height":1192,"url":"https:\/\/huusvandetaol.nl\/wp-content\/uploads\/2021\/05\/De-man-die-Russisch-preut-Anne-Doornbos-Freek-Rossing-Huus-van-de-Taol-Het-Drentse-Boek.jpg","type":"image\/jpeg"}],"twitter_card":"summary_large_image","twitter_site":"@HuusvandeTaol","twitter_misc":{"Geschatte leestijd":"1 minuut"},"schema":{"@context":"https:\/\/schema.org","@graph":[{"@type":"WebPage","@id":"https:\/\/huusvandetaol.nl\/nl\/product\/de-man-die-russisch-preut-anne-doornbos\/","url":"https:\/\/huusvandetaol.nl\/nl\/product\/de-man-die-russisch-preut-anne-doornbos\/","name":"De man die Russisch preut - Anne Doornbos - Huus van de Taol","isPartOf":{"@id":"https:\/\/huusvandetaol.nl\/nl\/#website"},"primaryImageOfPage":{"@id":"https:\/\/huusvandetaol.nl\/nl\/product\/de-man-die-russisch-preut-anne-doornbos\/#primaryimage"},"image":{"@id":"https:\/\/huusvandetaol.nl\/nl\/product\/de-man-die-russisch-preut-anne-doornbos\/#primaryimage"},"thumbnailUrl":"https:\/\/huusvandetaol.nl\/wp-content\/uploads\/2021\/05\/De-man-die-Russisch-preut-Anne-Doornbos-Freek-Rossing-Huus-van-de-Taol-Het-Drentse-Boek.jpg","datePublished":"2021-05-27T09:16:49+00:00","dateModified":"2026-03-25T13:21:32+00:00","description":"'De man die Russisch preut' is het neie boek van schriever Anne Doornbos. Dizze thriller giet over de moord op een metwarker van de NAM.","breadcrumb":{"@id":"https:\/\/huusvandetaol.nl\/nl\/product\/de-man-die-russisch-preut-anne-doornbos\/#breadcrumb"},"inLanguage":"nl-NL","potentialAction":[{"@type":"ReadAction","target":["https:\/\/huusvandetaol.nl\/nl\/product\/de-man-die-russisch-preut-anne-doornbos\/"]}]},{"@type":"ImageObject","inLanguage":"nl-NL","@id":"https:\/\/huusvandetaol.nl\/nl\/product\/de-man-die-russisch-preut-anne-doornbos\/#primaryimage","url":"https:\/\/huusvandetaol.nl\/wp-content\/uploads\/2021\/05\/De-man-die-Russisch-preut-Anne-Doornbos-Freek-Rossing-Huus-van-de-Taol-Het-Drentse-Boek.jpg","contentUrl":"https:\/\/huusvandetaol.nl\/wp-content\/uploads\/2021\/05\/De-man-die-Russisch-preut-Anne-Doornbos-Freek-Rossing-Huus-van-de-Taol-Het-Drentse-Boek.jpg","width":1350,"height":1192,"caption":"De man die Russisch preut Anne Doornbos Freek Rossing Huus van de Taol Het Drentse Boek"},{"@type":"BreadcrumbList","@id":"https:\/\/huusvandetaol.nl\/nl\/product\/de-man-die-russisch-preut-anne-doornbos\/#breadcrumb","itemListElement":[{"@type":"ListItem","position":1,"name":"Thoesblad","item":"https:\/\/huusvandetaol.nl\/nl\/"},{"@type":"ListItem","position":2,"name":"Webshop","item":"https:\/\/huusvandetaol.nl\/nl\/webshop\/"},{"@type":"ListItem","position":3,"name":"De man die Russisch preut &#8211; Anne Doornbos"}]},{"@type":"WebSite","@id":"https:\/\/huusvandetaol.nl\/nl\/#website","url":"https:\/\/huusvandetaol.nl\/nl\/","name":"Huus van de Taol","description":"Wies met Drents","publisher":{"@id":"https:\/\/huusvandetaol.nl\/nl\/#organization"},"potentialAction":[{"@type":"SearchAction","target":{"@type":"EntryPoint","urlTemplate":"https:\/\/huusvandetaol.nl\/nl\/?s={search_term_string}"},"query-input":{"@type":"PropertyValueSpecification","valueRequired":true,"valueName":"search_term_string"}}],"inLanguage":"nl-NL"},{"@type":"Organization","@id":"https:\/\/huusvandetaol.nl\/nl\/#organization","name":"Huus van de Taol","url":"https:\/\/huusvandetaol.nl\/nl\/","logo":{"@type":"ImageObject","inLanguage":"nl-NL","@id":"https:\/\/huusvandetaol.nl\/nl\/#\/schema\/logo\/image\/","url":"https:\/\/huusvandetaol.nl\/wp-content\/uploads\/downloads\/logo.png","contentUrl":"https:\/\/huusvandetaol.nl\/wp-content\/uploads\/downloads\/logo.png","width":1146,"height":693,"caption":"Huus van de Taol"},"image":{"@id":"https:\/\/huusvandetaol.nl\/nl\/#\/schema\/logo\/image\/"},"sameAs":["https:\/\/www.facebook.com\/huusvandetaol\/","https:\/\/x.com\/HuusvandeTaol","https:\/\/www.instagram.com\/huusvandetaol\/"]}]}},"_links":{"self":[{"href":"https:\/\/huusvandetaol.nl\/nl\/wp-json\/wp\/v2\/product\/17463","targetHints":{"allow":["GET"]}}],"collection":[{"href":"https:\/\/huusvandetaol.nl\/nl\/wp-json\/wp\/v2\/product"}],"about":[{"href":"https:\/\/huusvandetaol.nl\/nl\/wp-json\/wp\/v2\/types\/product"}],"wp:featuredmedia":[{"embeddable":true,"href":"https:\/\/huusvandetaol.nl\/nl\/wp-json\/wp\/v2\/media\/17469"}],"wp:attachment":[{"href":"https:\/\/huusvandetaol.nl\/nl\/wp-json\/wp\/v2\/media?parent=17463"}],"wp:term":[{"taxonomy":"product_brand","embeddable":true,"href":"https:\/\/huusvandetaol.nl\/nl\/wp-json\/wp\/v2\/product_brand?post=17463"},{"taxonomy":"product_cat","embeddable":true,"href":"https:\/\/huusvandetaol.nl\/nl\/wp-json\/wp\/v2\/product_cat?post=17463"},{"taxonomy":"product_tag","embeddable":true,"href":"https:\/\/huusvandetaol.nl\/nl\/wp-json\/wp\/v2\/product_tag?post=17463"}],"curies":[{"name":"wp","href":"https:\/\/api.w.org\/{rel}","templated":true}]}}