{"id":18671,"date":"2021-11-08T15:36:37","date_gmt":"2021-11-08T14:36:37","guid":{"rendered":"https:\/\/huusvandetaol.nl\/?post_type=product&#038;p=18671"},"modified":"2025-12-15T13:31:24","modified_gmt":"2025-12-15T12:31:24","slug":"koken-met-keen-roelof-keen","status":"publish","type":"product","link":"https:\/\/huusvandetaol.nl\/nl\/product\/koken-met-keen-roelof-keen\/","title":{"rendered":"Koken met Keen &#8211; Roelof Keen"},"content":{"rendered":"<p>Roelof Keen zien mam kun geweldig lekker koken. Zie hef heur kinder &#8211; zeker op dit gebied &#8211; schromelijk verwend en zie hef de liefde veur de keuken op heur kroost overbracht. Met recht kan dankzij mam Keen dan ok zegd worden \u2018Koken\u2026 zit de Kenen in de genen\u2019. Maor der is maor ien van de Kenen, die zien lekkerste gerechten bij mekaar gaard en opschreven hef. Dat de rest van de mensheid zuchz\u00f6lf en zien umgeving ok verwennen kan.<\/p>\n<p>Denk niet dat dit boek een dreuge opsomming is van ingredi\u00ebnten en stappenplannen um tot een goed risseltaot te kommen!<\/p>\n<p><a href=\"https:\/\/huusvandetaol.nl\/schrievers\/keen-roelof-1964\/\" target=\"_blank\" rel=\"noopener\">Roelof Keen<\/a> hef in hiel Drenthe en wiede umgeving lezings geven.\u00a0 En Roelof hef ok nog ies de gave um zien woorden op een meer as plezerige manier over een zaal vol volk oet te strooien. Zo is het ok met dit kookboek. Dit is een echt \u2018Keen-boek\u2019. Op een prettige manier en vol humor beschref Roelof Keen waor e zien gerechten opdaon hef (in Drenthe, Japan, Gambia, Frankriek, Zuud-Afrika, Griekenland, bij familie enz.), waornao de betreffende smullerij helder, dudelijk en weer vol humor op de riege zet wordt. Je komt dan zinnen tegen as \u2018Al gauw komp der een beetie broenachtig broes op de soep; gewoon zitten laoten, giet vanz\u00f6lf vort\u2019 of \u2018De kiprollades mugt op zwemles as de suker opl\u00f6st is\u2019. En nao het snieden van de siepels en Spaanse pepers kriej as raod \u2018Met de sloffe doek de traonen oet je ogen wrieven\u2019.<\/p>\n<p>En zoas elk gerecht wat hebben m\u00f6t um het \u00e9cht hielemaol af te maken, zo is het ok met dit boek. Roelof Keen zien kammeraod Gerrit Pomp hef &#8211; net as in een veurige bundel van Roelof &#8211; weer z\u00f6rgd veur de illustraties. De beide manlu vuult mekaar hielemaol an en hebt eenz\u00f6lfde gevuul veur humor. De illustraties past dan ok bij dit boek as zolt bij een ei.<\/p>\n<p>Bij elk recept stiet dudelijk wat aj neudig hebt en wat aj doen moet. Der bint gerechten bij waor aj de tied veur nimmen moet en recepten veur ienvoudiger eten. Het boek is ok geschikt veur begunnende koks en z\u00f6lfs veur m\u00e8ensen die meer van lezen as van koken holdt. Behalve recepten veur de warme maoltied kuj der ok idee\u00ebn in vinden veur borrelhappies en knieperties.<\/p>\n<p><em>Koken met Keen<\/em> is gewoon een hiel lekker boek. In dubbel opzicht: um te lezen \u00e9n um de lekkerste maoltied op taofel te kriegen. En oj Roelof Keen een opschepper vindt in de letterlijke of figuurlijke betiekenis moej z\u00f6lf maor bepaolen.<\/p>\n<p><em>Dit boek hef de Streektaolpries van het Dagblad van het Noorden wunnen!<\/em><\/p>\n","protected":false},"excerpt":{"rendered":"<p>Roelof Keen zien mam kun geweldig lekker koken. Zie hef heur kinder &#8211; zeker op dit gebied &#8211; schromelijk verwend en zie hef de liefde veur de keuken op heur kroost overbracht. Met recht kan dankzij mam Keen dan ok zegd worden \u2018Koken\u2026 zit de Kenen in de genen\u2019. Maor der is maor ien van de Kenen, die zien lekkerste gerechten bij mekaar gaard en opschreven hef. Dat de rest van de mensheid zuchz\u00f6lf en zien umgeving ok verwennen kan.<\/p>\n","protected":false},"featured_media":18673,"template":"","meta":{"_acf_changed":false},"product_brand":[],"product_cat":[26,339,28],"product_tag":[973,972,274,342,969,970,971],"class_list":{"0":"post-18671","1":"product","2":"type-product","3":"status-publish","4":"has-post-thumbnail","6":"product_cat-boeken","7":"product_cat-culinair","8":"product_cat-kedogies","9":"product_tag-culinair","10":"product_tag-gerrit-pomp","11":"product_tag-keen","12":"product_tag-koken","13":"product_tag-koken-met-keen","14":"product_tag-kookboek","15":"product_tag-roelof-keen","17":"first","18":"instock","19":"taxable","20":"shipping-taxable","21":"purchasable","22":"product-type-simple"},"acf":[],"yoast_head":"<!-- This site is optimized with the Yoast SEO plugin v27.3 - https:\/\/yoast.com\/product\/yoast-seo-wordpress\/ -->\n<title>Koken met Keen - Roelof Keen - Huus van de Taol<\/title>\n<meta name=\"description\" content=\"Roelof Keen levert met &#039;Koken met Keen&#039; zien darde boek of. In het boek staot veur-, heufd- en naogerechten.\" \/>\n<meta name=\"robots\" content=\"index, follow, max-snippet:-1, max-image-preview:large, max-video-preview:-1\" \/>\n<link rel=\"canonical\" href=\"https:\/\/huusvandetaol.nl\/nl\/product\/koken-met-keen-roelof-keen\/\" \/>\n<meta property=\"og:locale\" content=\"nl_NL\" \/>\n<meta property=\"og:type\" content=\"article\" \/>\n<meta property=\"og:title\" content=\"Koken met Keen - Roelof Keen - Huus van de Taol\" \/>\n<meta property=\"og:description\" content=\"Roelof Keen levert met &#039;Koken met Keen&#039; zien darde boek of. In het boek staot veur-, heufd- en naogerechten.\" \/>\n<meta property=\"og:url\" content=\"https:\/\/huusvandetaol.nl\/nl\/product\/koken-met-keen-roelof-keen\/\" \/>\n<meta property=\"og:site_name\" content=\"Huus van de Taol\" \/>\n<meta property=\"article:publisher\" content=\"https:\/\/www.facebook.com\/huusvandetaol\/\" \/>\n<meta property=\"article:modified_time\" content=\"2025-12-15T12:31:24+00:00\" \/>\n<meta property=\"og:image\" content=\"https:\/\/huusvandetaol.nl\/wp-content\/uploads\/2021\/11\/Koken-met-Keen-vierkant.jpg\" \/>\n\t<meta property=\"og:image:width\" content=\"2000\" \/>\n\t<meta property=\"og:image:height\" content=\"2000\" \/>\n\t<meta property=\"og:image:type\" content=\"image\/jpeg\" \/>\n<meta name=\"twitter:card\" content=\"summary_large_image\" \/>\n<meta name=\"twitter:site\" content=\"@HuusvandeTaol\" \/>\n<meta name=\"twitter:label1\" content=\"Geschatte leestijd\" \/>\n\t<meta name=\"twitter:data1\" content=\"3 minuten\" \/>\n<script type=\"application\/ld+json\" class=\"yoast-schema-graph\">{\"@context\":\"https:\\\/\\\/schema.org\",\"@graph\":[{\"@type\":\"WebPage\",\"@id\":\"https:\\\/\\\/huusvandetaol.nl\\\/nl\\\/product\\\/koken-met-keen-roelof-keen\\\/\",\"url\":\"https:\\\/\\\/huusvandetaol.nl\\\/nl\\\/product\\\/koken-met-keen-roelof-keen\\\/\",\"name\":\"Koken met Keen - Roelof Keen - Huus van de Taol\",\"isPartOf\":{\"@id\":\"https:\\\/\\\/huusvandetaol.nl\\\/nl\\\/#website\"},\"primaryImageOfPage\":{\"@id\":\"https:\\\/\\\/huusvandetaol.nl\\\/nl\\\/product\\\/koken-met-keen-roelof-keen\\\/#primaryimage\"},\"image\":{\"@id\":\"https:\\\/\\\/huusvandetaol.nl\\\/nl\\\/product\\\/koken-met-keen-roelof-keen\\\/#primaryimage\"},\"thumbnailUrl\":\"https:\\\/\\\/huusvandetaol.nl\\\/wp-content\\\/uploads\\\/2021\\\/11\\\/Koken-met-Keen-vierkant.jpg\",\"datePublished\":\"2021-11-08T14:36:37+00:00\",\"dateModified\":\"2025-12-15T12:31:24+00:00\",\"description\":\"Roelof Keen levert met 'Koken met Keen' zien darde boek of. In het boek staot veur-, heufd- en naogerechten.\",\"breadcrumb\":{\"@id\":\"https:\\\/\\\/huusvandetaol.nl\\\/nl\\\/product\\\/koken-met-keen-roelof-keen\\\/#breadcrumb\"},\"inLanguage\":\"nl-NL\",\"potentialAction\":[{\"@type\":\"ReadAction\",\"target\":[\"https:\\\/\\\/huusvandetaol.nl\\\/nl\\\/product\\\/koken-met-keen-roelof-keen\\\/\"]}]},{\"@type\":\"ImageObject\",\"inLanguage\":\"nl-NL\",\"@id\":\"https:\\\/\\\/huusvandetaol.nl\\\/nl\\\/product\\\/koken-met-keen-roelof-keen\\\/#primaryimage\",\"url\":\"https:\\\/\\\/huusvandetaol.nl\\\/wp-content\\\/uploads\\\/2021\\\/11\\\/Koken-met-Keen-vierkant.jpg\",\"contentUrl\":\"https:\\\/\\\/huusvandetaol.nl\\\/wp-content\\\/uploads\\\/2021\\\/11\\\/Koken-met-Keen-vierkant.jpg\",\"width\":2000,\"height\":2000,\"caption\":\"Koken met Keen - Roelof Keen - Gerrit Pomp - Het Drentse Boek - Huus van de Taol\"},{\"@type\":\"BreadcrumbList\",\"@id\":\"https:\\\/\\\/huusvandetaol.nl\\\/nl\\\/product\\\/koken-met-keen-roelof-keen\\\/#breadcrumb\",\"itemListElement\":[{\"@type\":\"ListItem\",\"position\":1,\"name\":\"Thoesblad\",\"item\":\"https:\\\/\\\/huusvandetaol.nl\\\/nl\\\/\"},{\"@type\":\"ListItem\",\"position\":2,\"name\":\"Webshop\",\"item\":\"https:\\\/\\\/huusvandetaol.nl\\\/nl\\\/webshop\\\/\"},{\"@type\":\"ListItem\",\"position\":3,\"name\":\"Koken met Keen &#8211; Roelof Keen\"}]},{\"@type\":\"WebSite\",\"@id\":\"https:\\\/\\\/huusvandetaol.nl\\\/nl\\\/#website\",\"url\":\"https:\\\/\\\/huusvandetaol.nl\\\/nl\\\/\",\"name\":\"Huus van de Taol\",\"description\":\"Wies met Drents\",\"publisher\":{\"@id\":\"https:\\\/\\\/huusvandetaol.nl\\\/nl\\\/#organization\"},\"potentialAction\":[{\"@type\":\"SearchAction\",\"target\":{\"@type\":\"EntryPoint\",\"urlTemplate\":\"https:\\\/\\\/huusvandetaol.nl\\\/nl\\\/?s={search_term_string}\"},\"query-input\":{\"@type\":\"PropertyValueSpecification\",\"valueRequired\":true,\"valueName\":\"search_term_string\"}}],\"inLanguage\":\"nl-NL\"},{\"@type\":\"Organization\",\"@id\":\"https:\\\/\\\/huusvandetaol.nl\\\/nl\\\/#organization\",\"name\":\"Huus van de Taol\",\"url\":\"https:\\\/\\\/huusvandetaol.nl\\\/nl\\\/\",\"logo\":{\"@type\":\"ImageObject\",\"inLanguage\":\"nl-NL\",\"@id\":\"https:\\\/\\\/huusvandetaol.nl\\\/nl\\\/#\\\/schema\\\/logo\\\/image\\\/\",\"url\":\"https:\\\/\\\/huusvandetaol.nl\\\/wp-content\\\/uploads\\\/downloads\\\/logo.png\",\"contentUrl\":\"https:\\\/\\\/huusvandetaol.nl\\\/wp-content\\\/uploads\\\/downloads\\\/logo.png\",\"width\":1146,\"height\":693,\"caption\":\"Huus van de Taol\"},\"image\":{\"@id\":\"https:\\\/\\\/huusvandetaol.nl\\\/nl\\\/#\\\/schema\\\/logo\\\/image\\\/\"},\"sameAs\":[\"https:\\\/\\\/www.facebook.com\\\/huusvandetaol\\\/\",\"https:\\\/\\\/x.com\\\/HuusvandeTaol\",\"https:\\\/\\\/www.instagram.com\\\/huusvandetaol\\\/\"]}]}<\/script>\n<!-- \/ Yoast SEO plugin. -->","yoast_head_json":{"title":"Koken met Keen - Roelof Keen - Huus van de Taol","description":"Roelof Keen levert met 'Koken met Keen' zien darde boek of. In het boek staot veur-, heufd- en naogerechten.","robots":{"index":"index","follow":"follow","max-snippet":"max-snippet:-1","max-image-preview":"max-image-preview:large","max-video-preview":"max-video-preview:-1"},"canonical":"https:\/\/huusvandetaol.nl\/nl\/product\/koken-met-keen-roelof-keen\/","og_locale":"nl_NL","og_type":"article","og_title":"Koken met Keen - Roelof Keen - Huus van de Taol","og_description":"Roelof Keen levert met 'Koken met Keen' zien darde boek of. In het boek staot veur-, heufd- en naogerechten.","og_url":"https:\/\/huusvandetaol.nl\/nl\/product\/koken-met-keen-roelof-keen\/","og_site_name":"Huus van de Taol","article_publisher":"https:\/\/www.facebook.com\/huusvandetaol\/","article_modified_time":"2025-12-15T12:31:24+00:00","og_image":[{"width":2000,"height":2000,"url":"https:\/\/huusvandetaol.nl\/wp-content\/uploads\/2021\/11\/Koken-met-Keen-vierkant.jpg","type":"image\/jpeg"}],"twitter_card":"summary_large_image","twitter_site":"@HuusvandeTaol","twitter_misc":{"Geschatte leestijd":"3 minuten"},"schema":{"@context":"https:\/\/schema.org","@graph":[{"@type":"WebPage","@id":"https:\/\/huusvandetaol.nl\/nl\/product\/koken-met-keen-roelof-keen\/","url":"https:\/\/huusvandetaol.nl\/nl\/product\/koken-met-keen-roelof-keen\/","name":"Koken met Keen - Roelof Keen - Huus van de Taol","isPartOf":{"@id":"https:\/\/huusvandetaol.nl\/nl\/#website"},"primaryImageOfPage":{"@id":"https:\/\/huusvandetaol.nl\/nl\/product\/koken-met-keen-roelof-keen\/#primaryimage"},"image":{"@id":"https:\/\/huusvandetaol.nl\/nl\/product\/koken-met-keen-roelof-keen\/#primaryimage"},"thumbnailUrl":"https:\/\/huusvandetaol.nl\/wp-content\/uploads\/2021\/11\/Koken-met-Keen-vierkant.jpg","datePublished":"2021-11-08T14:36:37+00:00","dateModified":"2025-12-15T12:31:24+00:00","description":"Roelof Keen levert met 'Koken met Keen' zien darde boek of. In het boek staot veur-, heufd- en naogerechten.","breadcrumb":{"@id":"https:\/\/huusvandetaol.nl\/nl\/product\/koken-met-keen-roelof-keen\/#breadcrumb"},"inLanguage":"nl-NL","potentialAction":[{"@type":"ReadAction","target":["https:\/\/huusvandetaol.nl\/nl\/product\/koken-met-keen-roelof-keen\/"]}]},{"@type":"ImageObject","inLanguage":"nl-NL","@id":"https:\/\/huusvandetaol.nl\/nl\/product\/koken-met-keen-roelof-keen\/#primaryimage","url":"https:\/\/huusvandetaol.nl\/wp-content\/uploads\/2021\/11\/Koken-met-Keen-vierkant.jpg","contentUrl":"https:\/\/huusvandetaol.nl\/wp-content\/uploads\/2021\/11\/Koken-met-Keen-vierkant.jpg","width":2000,"height":2000,"caption":"Koken met Keen - Roelof Keen - Gerrit Pomp - Het Drentse Boek - Huus van de Taol"},{"@type":"BreadcrumbList","@id":"https:\/\/huusvandetaol.nl\/nl\/product\/koken-met-keen-roelof-keen\/#breadcrumb","itemListElement":[{"@type":"ListItem","position":1,"name":"Thoesblad","item":"https:\/\/huusvandetaol.nl\/nl\/"},{"@type":"ListItem","position":2,"name":"Webshop","item":"https:\/\/huusvandetaol.nl\/nl\/webshop\/"},{"@type":"ListItem","position":3,"name":"Koken met Keen &#8211; Roelof Keen"}]},{"@type":"WebSite","@id":"https:\/\/huusvandetaol.nl\/nl\/#website","url":"https:\/\/huusvandetaol.nl\/nl\/","name":"Huus van de Taol","description":"Wies met Drents","publisher":{"@id":"https:\/\/huusvandetaol.nl\/nl\/#organization"},"potentialAction":[{"@type":"SearchAction","target":{"@type":"EntryPoint","urlTemplate":"https:\/\/huusvandetaol.nl\/nl\/?s={search_term_string}"},"query-input":{"@type":"PropertyValueSpecification","valueRequired":true,"valueName":"search_term_string"}}],"inLanguage":"nl-NL"},{"@type":"Organization","@id":"https:\/\/huusvandetaol.nl\/nl\/#organization","name":"Huus van de Taol","url":"https:\/\/huusvandetaol.nl\/nl\/","logo":{"@type":"ImageObject","inLanguage":"nl-NL","@id":"https:\/\/huusvandetaol.nl\/nl\/#\/schema\/logo\/image\/","url":"https:\/\/huusvandetaol.nl\/wp-content\/uploads\/downloads\/logo.png","contentUrl":"https:\/\/huusvandetaol.nl\/wp-content\/uploads\/downloads\/logo.png","width":1146,"height":693,"caption":"Huus van de Taol"},"image":{"@id":"https:\/\/huusvandetaol.nl\/nl\/#\/schema\/logo\/image\/"},"sameAs":["https:\/\/www.facebook.com\/huusvandetaol\/","https:\/\/x.com\/HuusvandeTaol","https:\/\/www.instagram.com\/huusvandetaol\/"]}]}},"_links":{"self":[{"href":"https:\/\/huusvandetaol.nl\/nl\/wp-json\/wp\/v2\/product\/18671","targetHints":{"allow":["GET"]}}],"collection":[{"href":"https:\/\/huusvandetaol.nl\/nl\/wp-json\/wp\/v2\/product"}],"about":[{"href":"https:\/\/huusvandetaol.nl\/nl\/wp-json\/wp\/v2\/types\/product"}],"wp:featuredmedia":[{"embeddable":true,"href":"https:\/\/huusvandetaol.nl\/nl\/wp-json\/wp\/v2\/media\/18673"}],"wp:attachment":[{"href":"https:\/\/huusvandetaol.nl\/nl\/wp-json\/wp\/v2\/media?parent=18671"}],"wp:term":[{"taxonomy":"product_brand","embeddable":true,"href":"https:\/\/huusvandetaol.nl\/nl\/wp-json\/wp\/v2\/product_brand?post=18671"},{"taxonomy":"product_cat","embeddable":true,"href":"https:\/\/huusvandetaol.nl\/nl\/wp-json\/wp\/v2\/product_cat?post=18671"},{"taxonomy":"product_tag","embeddable":true,"href":"https:\/\/huusvandetaol.nl\/nl\/wp-json\/wp\/v2\/product_tag?post=18671"}],"curies":[{"name":"wp","href":"https:\/\/api.w.org\/{rel}","templated":true}]}}