{"id":26669,"date":"2023-08-07T15:04:27","date_gmt":"2023-08-07T13:04:27","guid":{"rendered":"https:\/\/huusvandetaol.nl\/?post_type=product&#038;p=26669"},"modified":"2026-03-13T10:43:49","modified_gmt":"2026-03-13T09:43:49","slug":"appel-jongelui","status":"publish","type":"product","link":"https:\/\/huusvandetaol.nl\/nl\/product\/appel-jongelui\/","title":{"rendered":"App\u00e8l jongelui &#8211; Cees van der Velde"},"content":{"rendered":"<p>Cees van der Velde komp met zien eerste boek.<\/p>\n<div class=\"page\" title=\"Page 1\">\n<div class=\"section\">\n<div class=\"layoutArea\">\n<div class=\"column\">\n<p>In 1997 is de opkomstplicht veur militaire dienst afschaft en vanof dat jaor bestiet het Nederlaandse leger allent nog uut beroepsmilitairen. Veur die tied mussen de mieste gezonde jongen van achttien jaor heur melden. Cees van der Velde (1964) was d\u2019r iene van; hij mus opkommen in 1983. Dat het leger niks veur hum was, wus hij van teveuren al. In <em>Appe\u0300l jongelui<\/em> beschref hij hoe hij zich deur de veertien maond militaire dienst henslaon hef. In het boek wordt komische en serieuze veurvallen beschreven en de verteltoon is zo natuurlijk daj bij het lezen haost het gevuul hebt dat Cees naost joe zit te praoten.<\/p>\n<p><em>App\u00e8l jongelui<\/em> is schreven in het Drents van d&#8217; Olde Smilde. &#8217;t Is een belangriek boek, want der is nog niet eerder een boek in het Smildegers uutgeven. <em>App\u00e8l jongelui<\/em> is een mandielige oetgave van de Stichting Stellingwarver Schrieversronte en Stichting Het Drentse Boek.<\/p>\n<p>&nbsp;<\/p>\n<p><a href=\"https:\/\/huusvandetaol.nl\/wp-content\/uploads\/2023\/08\/Veurkaant-Appel-Jongelui.png\"><img loading=\"lazy\" decoding=\"async\" class=\"alignnone size-medium wp-image-26670\" src=\"https:\/\/huusvandetaol.nl\/wp-content\/uploads\/2023\/08\/Veurkaant-Appel-Jongelui-207x300.png\" alt=\"\" width=\"207\" height=\"300\" srcset=\"https:\/\/huusvandetaol.nl\/wp-content\/uploads\/2023\/08\/Veurkaant-Appel-Jongelui-207x300.png 207w, https:\/\/huusvandetaol.nl\/wp-content\/uploads\/2023\/08\/Veurkaant-Appel-Jongelui-707x1024.png 707w, https:\/\/huusvandetaol.nl\/wp-content\/uploads\/2023\/08\/Veurkaant-Appel-Jongelui-1x1.png 1w, https:\/\/huusvandetaol.nl\/wp-content\/uploads\/2023\/08\/Veurkaant-Appel-Jongelui-52x75.png 52w, https:\/\/huusvandetaol.nl\/wp-content\/uploads\/2023\/08\/Veurkaant-Appel-Jongelui-700x1014.png 700w, https:\/\/huusvandetaol.nl\/wp-content\/uploads\/2023\/08\/Veurkaant-Appel-Jongelui.png 726w\" sizes=\"auto, (max-width: 207px) 100vw, 207px\" \/><\/a><\/p>\n<\/div>\n<\/div>\n<\/div>\n<\/div>\n","protected":false},"excerpt":{"rendered":"<p>Cees van der Velde komp met zien eerste boek. In 1997 is de opkomstplicht veur militaire dienst afschaft en vanof dat jaor bestiet het Nederlaandse leger allent nog uut beroepsmilitairen. Veur die tied mussen de mieste gezonde jongen van achttien jaor heur melden. Cees van der Velde (1964) was d\u2019r iene van; hij mus opkommen [&hellip;]<\/p>\n","protected":false},"featured_media":26670,"template":"","meta":{"_acf_changed":false},"product_brand":[],"product_cat":[26,198],"product_tag":[1130,1128,211,1131,1132,1129],"class_list":{"0":"post-26669","1":"product","2":"type-product","3":"status-publish","4":"has-post-thumbnail","6":"product_cat-boeken","7":"product_cat-literatuur-romans","8":"product_tag-appel","9":"product_tag-cees-van-der-velde","10":"product_tag-drents","11":"product_tag-leger","12":"product_tag-militaire-dienst","13":"product_tag-smilde","15":"first","16":"instock","17":"taxable","18":"shipping-taxable","19":"purchasable","20":"product-type-simple"},"acf":[],"yoast_head":"<!-- This site is optimized with the Yoast SEO plugin v27.3 - https:\/\/yoast.com\/product\/yoast-seo-wordpress\/ -->\n<title>App\u00e8l jongelui - Cees van der Velde - Huus van de Taol<\/title>\n<meta name=\"description\" content=\"Cees van der Velde komp met zien eerste boek, App\u00e8l jongelui. Hij (1964) mus veur militaire dienst in 1983 opkommen. In App\u00e8l jongelui beschref hij hoe hij zich deur de veertien maond militaire dienst henslaon hef. &#039;t Is een belangriek boek, want der is nog niet eerder een boek in het Smildegers uutgeven. Appel jongelui is een mandielige uutgave van de Stichting Stellingwarver Schrieversronte en Stichting Het Drentse Boek.\" \/>\n<meta name=\"robots\" content=\"index, follow, max-snippet:-1, max-image-preview:large, max-video-preview:-1\" \/>\n<link rel=\"canonical\" href=\"https:\/\/huusvandetaol.nl\/nl\/product\/appel-jongelui\/\" \/>\n<meta property=\"og:locale\" content=\"nl_NL\" \/>\n<meta property=\"og:type\" content=\"article\" \/>\n<meta property=\"og:title\" content=\"App\u00e8l jongelui - Cees van der Velde - Huus van de Taol\" \/>\n<meta property=\"og:description\" content=\"Cees van der Velde komp met zien eerste boek, App\u00e8l jongelui. Hij (1964) mus veur militaire dienst in 1983 opkommen. In App\u00e8l jongelui beschref hij hoe hij zich deur de veertien maond militaire dienst henslaon hef. &#039;t Is een belangriek boek, want der is nog niet eerder een boek in het Smildegers uutgeven. Appel jongelui is een mandielige uutgave van de Stichting Stellingwarver Schrieversronte en Stichting Het Drentse Boek.\" \/>\n<meta property=\"og:url\" content=\"https:\/\/huusvandetaol.nl\/nl\/product\/appel-jongelui\/\" \/>\n<meta property=\"og:site_name\" content=\"Huus van de Taol\" \/>\n<meta property=\"article:publisher\" content=\"https:\/\/www.facebook.com\/huusvandetaol\/\" \/>\n<meta property=\"article:modified_time\" content=\"2026-03-13T09:43:49+00:00\" \/>\n<meta property=\"og:image\" content=\"https:\/\/huusvandetaol.nl\/wp-content\/uploads\/2023\/08\/Veurkaant-Appel-Jongelui.png\" \/>\n\t<meta property=\"og:image:width\" content=\"726\" \/>\n\t<meta property=\"og:image:height\" content=\"1052\" \/>\n\t<meta property=\"og:image:type\" content=\"image\/png\" \/>\n<meta name=\"twitter:card\" content=\"summary_large_image\" \/>\n<meta name=\"twitter:site\" content=\"@HuusvandeTaol\" \/>\n<meta name=\"twitter:label1\" content=\"Geschatte leestijd\" \/>\n\t<meta name=\"twitter:data1\" content=\"1 minuut\" \/>\n<script type=\"application\/ld+json\" class=\"yoast-schema-graph\">{\"@context\":\"https:\\\/\\\/schema.org\",\"@graph\":[{\"@type\":\"WebPage\",\"@id\":\"https:\\\/\\\/huusvandetaol.nl\\\/nl\\\/product\\\/appel-jongelui\\\/\",\"url\":\"https:\\\/\\\/huusvandetaol.nl\\\/nl\\\/product\\\/appel-jongelui\\\/\",\"name\":\"App\u00e8l jongelui - Cees van der Velde - Huus van de Taol\",\"isPartOf\":{\"@id\":\"https:\\\/\\\/huusvandetaol.nl\\\/nl\\\/#website\"},\"primaryImageOfPage\":{\"@id\":\"https:\\\/\\\/huusvandetaol.nl\\\/nl\\\/product\\\/appel-jongelui\\\/#primaryimage\"},\"image\":{\"@id\":\"https:\\\/\\\/huusvandetaol.nl\\\/nl\\\/product\\\/appel-jongelui\\\/#primaryimage\"},\"thumbnailUrl\":\"https:\\\/\\\/huusvandetaol.nl\\\/wp-content\\\/uploads\\\/2023\\\/08\\\/Veurkaant-Appel-Jongelui.png\",\"datePublished\":\"2023-08-07T13:04:27+00:00\",\"dateModified\":\"2026-03-13T09:43:49+00:00\",\"description\":\"Cees van der Velde komp met zien eerste boek, App\u00e8l jongelui. Hij (1964) mus veur militaire dienst in 1983 opkommen. In App\u00e8l jongelui beschref hij hoe hij zich deur de veertien maond militaire dienst henslaon hef. 't Is een belangriek boek, want der is nog niet eerder een boek in het Smildegers uutgeven. Appel jongelui is een mandielige uutgave van de Stichting Stellingwarver Schrieversronte en Stichting Het Drentse Boek.\",\"breadcrumb\":{\"@id\":\"https:\\\/\\\/huusvandetaol.nl\\\/nl\\\/product\\\/appel-jongelui\\\/#breadcrumb\"},\"inLanguage\":\"nl-NL\",\"potentialAction\":[{\"@type\":\"ReadAction\",\"target\":[\"https:\\\/\\\/huusvandetaol.nl\\\/nl\\\/product\\\/appel-jongelui\\\/\"]}]},{\"@type\":\"ImageObject\",\"inLanguage\":\"nl-NL\",\"@id\":\"https:\\\/\\\/huusvandetaol.nl\\\/nl\\\/product\\\/appel-jongelui\\\/#primaryimage\",\"url\":\"https:\\\/\\\/huusvandetaol.nl\\\/wp-content\\\/uploads\\\/2023\\\/08\\\/Veurkaant-Appel-Jongelui.png\",\"contentUrl\":\"https:\\\/\\\/huusvandetaol.nl\\\/wp-content\\\/uploads\\\/2023\\\/08\\\/Veurkaant-Appel-Jongelui.png\",\"width\":726,\"height\":1052},{\"@type\":\"BreadcrumbList\",\"@id\":\"https:\\\/\\\/huusvandetaol.nl\\\/nl\\\/product\\\/appel-jongelui\\\/#breadcrumb\",\"itemListElement\":[{\"@type\":\"ListItem\",\"position\":1,\"name\":\"Thoesblad\",\"item\":\"https:\\\/\\\/huusvandetaol.nl\\\/nl\\\/\"},{\"@type\":\"ListItem\",\"position\":2,\"name\":\"Webshop\",\"item\":\"https:\\\/\\\/huusvandetaol.nl\\\/nl\\\/webshop\\\/\"},{\"@type\":\"ListItem\",\"position\":3,\"name\":\"App\u00e8l jongelui &#8211; Cees van der Velde\"}]},{\"@type\":\"WebSite\",\"@id\":\"https:\\\/\\\/huusvandetaol.nl\\\/nl\\\/#website\",\"url\":\"https:\\\/\\\/huusvandetaol.nl\\\/nl\\\/\",\"name\":\"Huus van de Taol\",\"description\":\"Wies met Drents\",\"publisher\":{\"@id\":\"https:\\\/\\\/huusvandetaol.nl\\\/nl\\\/#organization\"},\"potentialAction\":[{\"@type\":\"SearchAction\",\"target\":{\"@type\":\"EntryPoint\",\"urlTemplate\":\"https:\\\/\\\/huusvandetaol.nl\\\/nl\\\/?s={search_term_string}\"},\"query-input\":{\"@type\":\"PropertyValueSpecification\",\"valueRequired\":true,\"valueName\":\"search_term_string\"}}],\"inLanguage\":\"nl-NL\"},{\"@type\":\"Organization\",\"@id\":\"https:\\\/\\\/huusvandetaol.nl\\\/nl\\\/#organization\",\"name\":\"Huus van de Taol\",\"url\":\"https:\\\/\\\/huusvandetaol.nl\\\/nl\\\/\",\"logo\":{\"@type\":\"ImageObject\",\"inLanguage\":\"nl-NL\",\"@id\":\"https:\\\/\\\/huusvandetaol.nl\\\/nl\\\/#\\\/schema\\\/logo\\\/image\\\/\",\"url\":\"https:\\\/\\\/huusvandetaol.nl\\\/wp-content\\\/uploads\\\/downloads\\\/logo.png\",\"contentUrl\":\"https:\\\/\\\/huusvandetaol.nl\\\/wp-content\\\/uploads\\\/downloads\\\/logo.png\",\"width\":1146,\"height\":693,\"caption\":\"Huus van de Taol\"},\"image\":{\"@id\":\"https:\\\/\\\/huusvandetaol.nl\\\/nl\\\/#\\\/schema\\\/logo\\\/image\\\/\"},\"sameAs\":[\"https:\\\/\\\/www.facebook.com\\\/huusvandetaol\\\/\",\"https:\\\/\\\/x.com\\\/HuusvandeTaol\",\"https:\\\/\\\/www.instagram.com\\\/huusvandetaol\\\/\"]}]}<\/script>\n<!-- \/ Yoast SEO plugin. -->","yoast_head_json":{"title":"App\u00e8l jongelui - Cees van der Velde - Huus van de Taol","description":"Cees van der Velde komp met zien eerste boek, App\u00e8l jongelui. Hij (1964) mus veur militaire dienst in 1983 opkommen. In App\u00e8l jongelui beschref hij hoe hij zich deur de veertien maond militaire dienst henslaon hef. 't Is een belangriek boek, want der is nog niet eerder een boek in het Smildegers uutgeven. Appel jongelui is een mandielige uutgave van de Stichting Stellingwarver Schrieversronte en Stichting Het Drentse Boek.","robots":{"index":"index","follow":"follow","max-snippet":"max-snippet:-1","max-image-preview":"max-image-preview:large","max-video-preview":"max-video-preview:-1"},"canonical":"https:\/\/huusvandetaol.nl\/nl\/product\/appel-jongelui\/","og_locale":"nl_NL","og_type":"article","og_title":"App\u00e8l jongelui - Cees van der Velde - Huus van de Taol","og_description":"Cees van der Velde komp met zien eerste boek, App\u00e8l jongelui. Hij (1964) mus veur militaire dienst in 1983 opkommen. In App\u00e8l jongelui beschref hij hoe hij zich deur de veertien maond militaire dienst henslaon hef. 't Is een belangriek boek, want der is nog niet eerder een boek in het Smildegers uutgeven. Appel jongelui is een mandielige uutgave van de Stichting Stellingwarver Schrieversronte en Stichting Het Drentse Boek.","og_url":"https:\/\/huusvandetaol.nl\/nl\/product\/appel-jongelui\/","og_site_name":"Huus van de Taol","article_publisher":"https:\/\/www.facebook.com\/huusvandetaol\/","article_modified_time":"2026-03-13T09:43:49+00:00","og_image":[{"width":726,"height":1052,"url":"https:\/\/huusvandetaol.nl\/wp-content\/uploads\/2023\/08\/Veurkaant-Appel-Jongelui.png","type":"image\/png"}],"twitter_card":"summary_large_image","twitter_site":"@HuusvandeTaol","twitter_misc":{"Geschatte leestijd":"1 minuut"},"schema":{"@context":"https:\/\/schema.org","@graph":[{"@type":"WebPage","@id":"https:\/\/huusvandetaol.nl\/nl\/product\/appel-jongelui\/","url":"https:\/\/huusvandetaol.nl\/nl\/product\/appel-jongelui\/","name":"App\u00e8l jongelui - Cees van der Velde - Huus van de Taol","isPartOf":{"@id":"https:\/\/huusvandetaol.nl\/nl\/#website"},"primaryImageOfPage":{"@id":"https:\/\/huusvandetaol.nl\/nl\/product\/appel-jongelui\/#primaryimage"},"image":{"@id":"https:\/\/huusvandetaol.nl\/nl\/product\/appel-jongelui\/#primaryimage"},"thumbnailUrl":"https:\/\/huusvandetaol.nl\/wp-content\/uploads\/2023\/08\/Veurkaant-Appel-Jongelui.png","datePublished":"2023-08-07T13:04:27+00:00","dateModified":"2026-03-13T09:43:49+00:00","description":"Cees van der Velde komp met zien eerste boek, App\u00e8l jongelui. Hij (1964) mus veur militaire dienst in 1983 opkommen. In App\u00e8l jongelui beschref hij hoe hij zich deur de veertien maond militaire dienst henslaon hef. 't Is een belangriek boek, want der is nog niet eerder een boek in het Smildegers uutgeven. Appel jongelui is een mandielige uutgave van de Stichting Stellingwarver Schrieversronte en Stichting Het Drentse Boek.","breadcrumb":{"@id":"https:\/\/huusvandetaol.nl\/nl\/product\/appel-jongelui\/#breadcrumb"},"inLanguage":"nl-NL","potentialAction":[{"@type":"ReadAction","target":["https:\/\/huusvandetaol.nl\/nl\/product\/appel-jongelui\/"]}]},{"@type":"ImageObject","inLanguage":"nl-NL","@id":"https:\/\/huusvandetaol.nl\/nl\/product\/appel-jongelui\/#primaryimage","url":"https:\/\/huusvandetaol.nl\/wp-content\/uploads\/2023\/08\/Veurkaant-Appel-Jongelui.png","contentUrl":"https:\/\/huusvandetaol.nl\/wp-content\/uploads\/2023\/08\/Veurkaant-Appel-Jongelui.png","width":726,"height":1052},{"@type":"BreadcrumbList","@id":"https:\/\/huusvandetaol.nl\/nl\/product\/appel-jongelui\/#breadcrumb","itemListElement":[{"@type":"ListItem","position":1,"name":"Thoesblad","item":"https:\/\/huusvandetaol.nl\/nl\/"},{"@type":"ListItem","position":2,"name":"Webshop","item":"https:\/\/huusvandetaol.nl\/nl\/webshop\/"},{"@type":"ListItem","position":3,"name":"App\u00e8l jongelui &#8211; Cees van der Velde"}]},{"@type":"WebSite","@id":"https:\/\/huusvandetaol.nl\/nl\/#website","url":"https:\/\/huusvandetaol.nl\/nl\/","name":"Huus van de Taol","description":"Wies met Drents","publisher":{"@id":"https:\/\/huusvandetaol.nl\/nl\/#organization"},"potentialAction":[{"@type":"SearchAction","target":{"@type":"EntryPoint","urlTemplate":"https:\/\/huusvandetaol.nl\/nl\/?s={search_term_string}"},"query-input":{"@type":"PropertyValueSpecification","valueRequired":true,"valueName":"search_term_string"}}],"inLanguage":"nl-NL"},{"@type":"Organization","@id":"https:\/\/huusvandetaol.nl\/nl\/#organization","name":"Huus van de Taol","url":"https:\/\/huusvandetaol.nl\/nl\/","logo":{"@type":"ImageObject","inLanguage":"nl-NL","@id":"https:\/\/huusvandetaol.nl\/nl\/#\/schema\/logo\/image\/","url":"https:\/\/huusvandetaol.nl\/wp-content\/uploads\/downloads\/logo.png","contentUrl":"https:\/\/huusvandetaol.nl\/wp-content\/uploads\/downloads\/logo.png","width":1146,"height":693,"caption":"Huus van de Taol"},"image":{"@id":"https:\/\/huusvandetaol.nl\/nl\/#\/schema\/logo\/image\/"},"sameAs":["https:\/\/www.facebook.com\/huusvandetaol\/","https:\/\/x.com\/HuusvandeTaol","https:\/\/www.instagram.com\/huusvandetaol\/"]}]}},"_links":{"self":[{"href":"https:\/\/huusvandetaol.nl\/nl\/wp-json\/wp\/v2\/product\/26669","targetHints":{"allow":["GET"]}}],"collection":[{"href":"https:\/\/huusvandetaol.nl\/nl\/wp-json\/wp\/v2\/product"}],"about":[{"href":"https:\/\/huusvandetaol.nl\/nl\/wp-json\/wp\/v2\/types\/product"}],"wp:featuredmedia":[{"embeddable":true,"href":"https:\/\/huusvandetaol.nl\/nl\/wp-json\/wp\/v2\/media\/26670"}],"wp:attachment":[{"href":"https:\/\/huusvandetaol.nl\/nl\/wp-json\/wp\/v2\/media?parent=26669"}],"wp:term":[{"taxonomy":"product_brand","embeddable":true,"href":"https:\/\/huusvandetaol.nl\/nl\/wp-json\/wp\/v2\/product_brand?post=26669"},{"taxonomy":"product_cat","embeddable":true,"href":"https:\/\/huusvandetaol.nl\/nl\/wp-json\/wp\/v2\/product_cat?post=26669"},{"taxonomy":"product_tag","embeddable":true,"href":"https:\/\/huusvandetaol.nl\/nl\/wp-json\/wp\/v2\/product_tag?post=26669"}],"curies":[{"name":"wp","href":"https:\/\/api.w.org\/{rel}","templated":true}]}}