{"id":27158,"date":"2023-10-05T10:22:40","date_gmt":"2023-10-05T08:22:40","guid":{"rendered":"https:\/\/huusvandetaol.nl\/?post_type=product&#038;p=27158"},"modified":"2026-04-02T09:35:55","modified_gmt":"2026-04-02T07:35:55","slug":"diggels-op-vesite-in-de-veenakkers-gerrit-boer","status":"publish","type":"product","link":"https:\/\/huusvandetaol.nl\/nl\/product\/diggels-op-vesite-in-de-veenakkers-gerrit-boer\/","title":{"rendered":"Diggels &#8211; Op vesite in de Veenakkers &#8211; Gerrit Boer"},"content":{"rendered":"<p>Diggels bint weergaves van woorden en bielden die mij bijbleven bint nao jaorenlange vesites in de Veenakker, verpleeghuus in Beilen veur m\u00e8ensen met dementie.<\/p>\n<p>Vesite betiekent: theedrinken en meelkoekies eten\u00a0 met de woongroep van oepoe, kuiern met zien beiden.<\/p>\n<p>Diggels bint naogedachten over een leven in Midden-Drenthe, vertellings over \u2019t d\u00f6rp, verhalen over de ruilverkaveling, over de moestuun, over t\u00f6rf, over bloempies, over v\u00f6gels,<br \/>\nover \u2019t Olde Diepie, over stienen en over dingen die west bint. Zaken die eigenlijk al\u00a0vergeten bint en toch iniens weer opduukt.<br \/>\nTotdat alles vort is.<\/p>\n<p>Herinnering is seins een singeliere kostganger.<\/p>\n<p>&nbsp;<\/p>\n<a href=\"https:\/\/www.huusvandetaol.nl\/anmelden-diggels\" class=\"button standard\" target=\"_blank\">Anmelden<\/a>\n","protected":false},"excerpt":{"rendered":"<p>Diggels bint weergaves van woorden en bielden die mij bijbleven bint nao jaorenlange vesites in de Veenakker, verpleeghuus in Beilen veur m\u00e8ensen met dementie. Vesite betiekent: theedrinken en meelkoekies eten\u00a0 met de woongroep van oepoe, kuiern met zien beiden. Diggels bint naogedachten over een leven in Midden-Drenthe, vertellings over \u2019t d\u00f6rp, verhalen over de ruilverkaveling, [&hellip;]<\/p>\n","protected":false},"featured_media":27159,"template":"","meta":{"_acf_changed":false},"product_brand":[],"product_cat":[26,195,203,198],"product_tag":[1149,1145,1147,1150,1148,1146],"class_list":{"0":"post-27158","1":"product","2":"type-product","3":"status-publish","4":"has-post-thumbnail","6":"product_cat-boeken","7":"product_cat-geschiedenis","8":"product_cat-korte-verhalen","9":"product_cat-literatuur-romans","10":"product_tag-dementie","11":"product_tag-diggels","12":"product_tag-gerrit-boer","13":"product_tag-midden-drenthe","14":"product_tag-naogedachten","15":"product_tag-veenakker","17":"first","18":"instock","19":"taxable","20":"shipping-taxable","21":"purchasable","22":"product-type-simple"},"acf":[],"yoast_head":"<!-- This site is optimized with the Yoast SEO plugin v27.3 - https:\/\/yoast.com\/product\/yoast-seo-wordpress\/ -->\n<title>Diggels - Op vesite in de Veenakkers - Gerrit Boer - Huus van de Taol<\/title>\n<meta name=\"description\" content=\"Diggels bint weergaves van woorden en bielden die mij bijbleven bint nao jaorenlange vesites in de Veenakker, verpleeghuus in Beilen veur m\u00e8ensen met dementie.Vesite betiekent: theedrinken en meelkoekies eten\u00a0 met de woongroep van oepoe, kuiern met zien beiden.Diggels bint naogedachten over een leven in Midden-Drenthe, vertellings over \u2019t d\u00f6rp, verhalen over de ruilverkaveling, over de moestuun, over t\u00f6rf, over bloempies, over v\u00f6gels,over \u2019t Olde Diepie, over stienen en over dingen die west bint. Zaken die eigenlijk al\u00a0vergeten bint en toch iniens weer opduukt.Totdat alles vort is.Herinnering is seins een singeliere kostganger.\" \/>\n<meta name=\"robots\" content=\"index, follow, max-snippet:-1, max-image-preview:large, max-video-preview:-1\" \/>\n<link rel=\"canonical\" href=\"https:\/\/huusvandetaol.nl\/nl\/product\/diggels-op-vesite-in-de-veenakkers-gerrit-boer\/\" \/>\n<meta property=\"og:locale\" content=\"nl_NL\" \/>\n<meta property=\"og:type\" content=\"article\" \/>\n<meta property=\"og:title\" content=\"Diggels - Op vesite in de Veenakkers - Gerrit Boer - Huus van de Taol\" \/>\n<meta property=\"og:description\" content=\"Diggels bint weergaves van woorden en bielden die mij bijbleven bint nao jaorenlange vesites in de Veenakker, verpleeghuus in Beilen veur m\u00e8ensen met dementie.Vesite betiekent: theedrinken en meelkoekies eten\u00a0 met de woongroep van oepoe, kuiern met zien beiden.Diggels bint naogedachten over een leven in Midden-Drenthe, vertellings over \u2019t d\u00f6rp, verhalen over de ruilverkaveling, over de moestuun, over t\u00f6rf, over bloempies, over v\u00f6gels,over \u2019t Olde Diepie, over stienen en over dingen die west bint. Zaken die eigenlijk al\u00a0vergeten bint en toch iniens weer opduukt.Totdat alles vort is.Herinnering is seins een singeliere kostganger.\" \/>\n<meta property=\"og:url\" content=\"https:\/\/huusvandetaol.nl\/nl\/product\/diggels-op-vesite-in-de-veenakkers-gerrit-boer\/\" \/>\n<meta property=\"og:site_name\" content=\"Huus van de Taol\" \/>\n<meta property=\"article:publisher\" content=\"https:\/\/www.facebook.com\/huusvandetaol\/\" \/>\n<meta property=\"article:modified_time\" content=\"2026-04-02T07:35:55+00:00\" \/>\n<meta property=\"og:image\" content=\"https:\/\/huusvandetaol.nl\/wp-content\/uploads\/2023\/10\/umslag-Diggels-Gerrit-Boer-Huus-van-de-Taol-Het-Drentse-Boek-scaled.jpg\" \/>\n\t<meta property=\"og:image:width\" content=\"2048\" \/>\n\t<meta property=\"og:image:height\" content=\"1463\" \/>\n\t<meta property=\"og:image:type\" content=\"image\/jpeg\" \/>\n<meta name=\"twitter:card\" content=\"summary_large_image\" \/>\n<meta name=\"twitter:site\" content=\"@HuusvandeTaol\" \/>\n<meta name=\"twitter:label1\" content=\"Geschatte leestijd\" \/>\n\t<meta name=\"twitter:data1\" content=\"1 minuut\" \/>\n<script type=\"application\/ld+json\" class=\"yoast-schema-graph\">{\"@context\":\"https:\\\/\\\/schema.org\",\"@graph\":[{\"@type\":\"WebPage\",\"@id\":\"https:\\\/\\\/huusvandetaol.nl\\\/nl\\\/product\\\/diggels-op-vesite-in-de-veenakkers-gerrit-boer\\\/\",\"url\":\"https:\\\/\\\/huusvandetaol.nl\\\/nl\\\/product\\\/diggels-op-vesite-in-de-veenakkers-gerrit-boer\\\/\",\"name\":\"Diggels - Op vesite in de Veenakkers - Gerrit Boer - Huus van de Taol\",\"isPartOf\":{\"@id\":\"https:\\\/\\\/huusvandetaol.nl\\\/nl\\\/#website\"},\"primaryImageOfPage\":{\"@id\":\"https:\\\/\\\/huusvandetaol.nl\\\/nl\\\/product\\\/diggels-op-vesite-in-de-veenakkers-gerrit-boer\\\/#primaryimage\"},\"image\":{\"@id\":\"https:\\\/\\\/huusvandetaol.nl\\\/nl\\\/product\\\/diggels-op-vesite-in-de-veenakkers-gerrit-boer\\\/#primaryimage\"},\"thumbnailUrl\":\"https:\\\/\\\/huusvandetaol.nl\\\/wp-content\\\/uploads\\\/2023\\\/10\\\/umslag-Diggels-Gerrit-Boer-Huus-van-de-Taol-Het-Drentse-Boek-scaled.jpg\",\"datePublished\":\"2023-10-05T08:22:40+00:00\",\"dateModified\":\"2026-04-02T07:35:55+00:00\",\"description\":\"Diggels bint weergaves van woorden en bielden die mij bijbleven bint nao jaorenlange vesites in de Veenakker, verpleeghuus in Beilen veur m\u00e8ensen met dementie.Vesite betiekent: theedrinken en meelkoekies eten\u00a0 met de woongroep van oepoe, kuiern met zien beiden.Diggels bint naogedachten over een leven in Midden-Drenthe, vertellings over \u2019t d\u00f6rp, verhalen over de ruilverkaveling, over de moestuun, over t\u00f6rf, over bloempies, over v\u00f6gels,over \u2019t Olde Diepie, over stienen en over dingen die west bint. Zaken die eigenlijk al\u00a0vergeten bint en toch iniens weer opduukt.Totdat alles vort is.Herinnering is seins een singeliere kostganger.\",\"breadcrumb\":{\"@id\":\"https:\\\/\\\/huusvandetaol.nl\\\/nl\\\/product\\\/diggels-op-vesite-in-de-veenakkers-gerrit-boer\\\/#breadcrumb\"},\"inLanguage\":\"nl-NL\",\"potentialAction\":[{\"@type\":\"ReadAction\",\"target\":[\"https:\\\/\\\/huusvandetaol.nl\\\/nl\\\/product\\\/diggels-op-vesite-in-de-veenakkers-gerrit-boer\\\/\"]}]},{\"@type\":\"ImageObject\",\"inLanguage\":\"nl-NL\",\"@id\":\"https:\\\/\\\/huusvandetaol.nl\\\/nl\\\/product\\\/diggels-op-vesite-in-de-veenakkers-gerrit-boer\\\/#primaryimage\",\"url\":\"https:\\\/\\\/huusvandetaol.nl\\\/wp-content\\\/uploads\\\/2023\\\/10\\\/umslag-Diggels-Gerrit-Boer-Huus-van-de-Taol-Het-Drentse-Boek-scaled.jpg\",\"contentUrl\":\"https:\\\/\\\/huusvandetaol.nl\\\/wp-content\\\/uploads\\\/2023\\\/10\\\/umslag-Diggels-Gerrit-Boer-Huus-van-de-Taol-Het-Drentse-Boek-scaled.jpg\",\"width\":2048,\"height\":1463},{\"@type\":\"BreadcrumbList\",\"@id\":\"https:\\\/\\\/huusvandetaol.nl\\\/nl\\\/product\\\/diggels-op-vesite-in-de-veenakkers-gerrit-boer\\\/#breadcrumb\",\"itemListElement\":[{\"@type\":\"ListItem\",\"position\":1,\"name\":\"Thoesblad\",\"item\":\"https:\\\/\\\/huusvandetaol.nl\\\/nl\\\/\"},{\"@type\":\"ListItem\",\"position\":2,\"name\":\"Webshop\",\"item\":\"https:\\\/\\\/huusvandetaol.nl\\\/nl\\\/webshop\\\/\"},{\"@type\":\"ListItem\",\"position\":3,\"name\":\"Diggels &#8211; Op vesite in de Veenakkers &#8211; Gerrit Boer\"}]},{\"@type\":\"WebSite\",\"@id\":\"https:\\\/\\\/huusvandetaol.nl\\\/nl\\\/#website\",\"url\":\"https:\\\/\\\/huusvandetaol.nl\\\/nl\\\/\",\"name\":\"Huus van de Taol\",\"description\":\"Wies met Drents\",\"publisher\":{\"@id\":\"https:\\\/\\\/huusvandetaol.nl\\\/nl\\\/#organization\"},\"potentialAction\":[{\"@type\":\"SearchAction\",\"target\":{\"@type\":\"EntryPoint\",\"urlTemplate\":\"https:\\\/\\\/huusvandetaol.nl\\\/nl\\\/?s={search_term_string}\"},\"query-input\":{\"@type\":\"PropertyValueSpecification\",\"valueRequired\":true,\"valueName\":\"search_term_string\"}}],\"inLanguage\":\"nl-NL\"},{\"@type\":\"Organization\",\"@id\":\"https:\\\/\\\/huusvandetaol.nl\\\/nl\\\/#organization\",\"name\":\"Huus van de Taol\",\"url\":\"https:\\\/\\\/huusvandetaol.nl\\\/nl\\\/\",\"logo\":{\"@type\":\"ImageObject\",\"inLanguage\":\"nl-NL\",\"@id\":\"https:\\\/\\\/huusvandetaol.nl\\\/nl\\\/#\\\/schema\\\/logo\\\/image\\\/\",\"url\":\"https:\\\/\\\/huusvandetaol.nl\\\/wp-content\\\/uploads\\\/downloads\\\/logo.png\",\"contentUrl\":\"https:\\\/\\\/huusvandetaol.nl\\\/wp-content\\\/uploads\\\/downloads\\\/logo.png\",\"width\":1146,\"height\":693,\"caption\":\"Huus van de Taol\"},\"image\":{\"@id\":\"https:\\\/\\\/huusvandetaol.nl\\\/nl\\\/#\\\/schema\\\/logo\\\/image\\\/\"},\"sameAs\":[\"https:\\\/\\\/www.facebook.com\\\/huusvandetaol\\\/\",\"https:\\\/\\\/x.com\\\/HuusvandeTaol\",\"https:\\\/\\\/www.instagram.com\\\/huusvandetaol\\\/\"]}]}<\/script>\n<!-- \/ Yoast SEO plugin. -->","yoast_head_json":{"title":"Diggels - Op vesite in de Veenakkers - Gerrit Boer - Huus van de Taol","description":"Diggels bint weergaves van woorden en bielden die mij bijbleven bint nao jaorenlange vesites in de Veenakker, verpleeghuus in Beilen veur m\u00e8ensen met dementie.Vesite betiekent: theedrinken en meelkoekies eten\u00a0 met de woongroep van oepoe, kuiern met zien beiden.Diggels bint naogedachten over een leven in Midden-Drenthe, vertellings over \u2019t d\u00f6rp, verhalen over de ruilverkaveling, over de moestuun, over t\u00f6rf, over bloempies, over v\u00f6gels,over \u2019t Olde Diepie, over stienen en over dingen die west bint. Zaken die eigenlijk al\u00a0vergeten bint en toch iniens weer opduukt.Totdat alles vort is.Herinnering is seins een singeliere kostganger.","robots":{"index":"index","follow":"follow","max-snippet":"max-snippet:-1","max-image-preview":"max-image-preview:large","max-video-preview":"max-video-preview:-1"},"canonical":"https:\/\/huusvandetaol.nl\/nl\/product\/diggels-op-vesite-in-de-veenakkers-gerrit-boer\/","og_locale":"nl_NL","og_type":"article","og_title":"Diggels - Op vesite in de Veenakkers - Gerrit Boer - Huus van de Taol","og_description":"Diggels bint weergaves van woorden en bielden die mij bijbleven bint nao jaorenlange vesites in de Veenakker, verpleeghuus in Beilen veur m\u00e8ensen met dementie.Vesite betiekent: theedrinken en meelkoekies eten\u00a0 met de woongroep van oepoe, kuiern met zien beiden.Diggels bint naogedachten over een leven in Midden-Drenthe, vertellings over \u2019t d\u00f6rp, verhalen over de ruilverkaveling, over de moestuun, over t\u00f6rf, over bloempies, over v\u00f6gels,over \u2019t Olde Diepie, over stienen en over dingen die west bint. Zaken die eigenlijk al\u00a0vergeten bint en toch iniens weer opduukt.Totdat alles vort is.Herinnering is seins een singeliere kostganger.","og_url":"https:\/\/huusvandetaol.nl\/nl\/product\/diggels-op-vesite-in-de-veenakkers-gerrit-boer\/","og_site_name":"Huus van de Taol","article_publisher":"https:\/\/www.facebook.com\/huusvandetaol\/","article_modified_time":"2026-04-02T07:35:55+00:00","og_image":[{"width":2048,"height":1463,"url":"https:\/\/huusvandetaol.nl\/wp-content\/uploads\/2023\/10\/umslag-Diggels-Gerrit-Boer-Huus-van-de-Taol-Het-Drentse-Boek-scaled.jpg","type":"image\/jpeg"}],"twitter_card":"summary_large_image","twitter_site":"@HuusvandeTaol","twitter_misc":{"Geschatte leestijd":"1 minuut"},"schema":{"@context":"https:\/\/schema.org","@graph":[{"@type":"WebPage","@id":"https:\/\/huusvandetaol.nl\/nl\/product\/diggels-op-vesite-in-de-veenakkers-gerrit-boer\/","url":"https:\/\/huusvandetaol.nl\/nl\/product\/diggels-op-vesite-in-de-veenakkers-gerrit-boer\/","name":"Diggels - Op vesite in de Veenakkers - Gerrit Boer - Huus van de Taol","isPartOf":{"@id":"https:\/\/huusvandetaol.nl\/nl\/#website"},"primaryImageOfPage":{"@id":"https:\/\/huusvandetaol.nl\/nl\/product\/diggels-op-vesite-in-de-veenakkers-gerrit-boer\/#primaryimage"},"image":{"@id":"https:\/\/huusvandetaol.nl\/nl\/product\/diggels-op-vesite-in-de-veenakkers-gerrit-boer\/#primaryimage"},"thumbnailUrl":"https:\/\/huusvandetaol.nl\/wp-content\/uploads\/2023\/10\/umslag-Diggels-Gerrit-Boer-Huus-van-de-Taol-Het-Drentse-Boek-scaled.jpg","datePublished":"2023-10-05T08:22:40+00:00","dateModified":"2026-04-02T07:35:55+00:00","description":"Diggels bint weergaves van woorden en bielden die mij bijbleven bint nao jaorenlange vesites in de Veenakker, verpleeghuus in Beilen veur m\u00e8ensen met dementie.Vesite betiekent: theedrinken en meelkoekies eten\u00a0 met de woongroep van oepoe, kuiern met zien beiden.Diggels bint naogedachten over een leven in Midden-Drenthe, vertellings over \u2019t d\u00f6rp, verhalen over de ruilverkaveling, over de moestuun, over t\u00f6rf, over bloempies, over v\u00f6gels,over \u2019t Olde Diepie, over stienen en over dingen die west bint. Zaken die eigenlijk al\u00a0vergeten bint en toch iniens weer opduukt.Totdat alles vort is.Herinnering is seins een singeliere kostganger.","breadcrumb":{"@id":"https:\/\/huusvandetaol.nl\/nl\/product\/diggels-op-vesite-in-de-veenakkers-gerrit-boer\/#breadcrumb"},"inLanguage":"nl-NL","potentialAction":[{"@type":"ReadAction","target":["https:\/\/huusvandetaol.nl\/nl\/product\/diggels-op-vesite-in-de-veenakkers-gerrit-boer\/"]}]},{"@type":"ImageObject","inLanguage":"nl-NL","@id":"https:\/\/huusvandetaol.nl\/nl\/product\/diggels-op-vesite-in-de-veenakkers-gerrit-boer\/#primaryimage","url":"https:\/\/huusvandetaol.nl\/wp-content\/uploads\/2023\/10\/umslag-Diggels-Gerrit-Boer-Huus-van-de-Taol-Het-Drentse-Boek-scaled.jpg","contentUrl":"https:\/\/huusvandetaol.nl\/wp-content\/uploads\/2023\/10\/umslag-Diggels-Gerrit-Boer-Huus-van-de-Taol-Het-Drentse-Boek-scaled.jpg","width":2048,"height":1463},{"@type":"BreadcrumbList","@id":"https:\/\/huusvandetaol.nl\/nl\/product\/diggels-op-vesite-in-de-veenakkers-gerrit-boer\/#breadcrumb","itemListElement":[{"@type":"ListItem","position":1,"name":"Thoesblad","item":"https:\/\/huusvandetaol.nl\/nl\/"},{"@type":"ListItem","position":2,"name":"Webshop","item":"https:\/\/huusvandetaol.nl\/nl\/webshop\/"},{"@type":"ListItem","position":3,"name":"Diggels &#8211; Op vesite in de Veenakkers &#8211; Gerrit Boer"}]},{"@type":"WebSite","@id":"https:\/\/huusvandetaol.nl\/nl\/#website","url":"https:\/\/huusvandetaol.nl\/nl\/","name":"Huus van de Taol","description":"Wies met Drents","publisher":{"@id":"https:\/\/huusvandetaol.nl\/nl\/#organization"},"potentialAction":[{"@type":"SearchAction","target":{"@type":"EntryPoint","urlTemplate":"https:\/\/huusvandetaol.nl\/nl\/?s={search_term_string}"},"query-input":{"@type":"PropertyValueSpecification","valueRequired":true,"valueName":"search_term_string"}}],"inLanguage":"nl-NL"},{"@type":"Organization","@id":"https:\/\/huusvandetaol.nl\/nl\/#organization","name":"Huus van de Taol","url":"https:\/\/huusvandetaol.nl\/nl\/","logo":{"@type":"ImageObject","inLanguage":"nl-NL","@id":"https:\/\/huusvandetaol.nl\/nl\/#\/schema\/logo\/image\/","url":"https:\/\/huusvandetaol.nl\/wp-content\/uploads\/downloads\/logo.png","contentUrl":"https:\/\/huusvandetaol.nl\/wp-content\/uploads\/downloads\/logo.png","width":1146,"height":693,"caption":"Huus van de Taol"},"image":{"@id":"https:\/\/huusvandetaol.nl\/nl\/#\/schema\/logo\/image\/"},"sameAs":["https:\/\/www.facebook.com\/huusvandetaol\/","https:\/\/x.com\/HuusvandeTaol","https:\/\/www.instagram.com\/huusvandetaol\/"]}]}},"_links":{"self":[{"href":"https:\/\/huusvandetaol.nl\/nl\/wp-json\/wp\/v2\/product\/27158","targetHints":{"allow":["GET"]}}],"collection":[{"href":"https:\/\/huusvandetaol.nl\/nl\/wp-json\/wp\/v2\/product"}],"about":[{"href":"https:\/\/huusvandetaol.nl\/nl\/wp-json\/wp\/v2\/types\/product"}],"wp:featuredmedia":[{"embeddable":true,"href":"https:\/\/huusvandetaol.nl\/nl\/wp-json\/wp\/v2\/media\/27159"}],"wp:attachment":[{"href":"https:\/\/huusvandetaol.nl\/nl\/wp-json\/wp\/v2\/media?parent=27158"}],"wp:term":[{"taxonomy":"product_brand","embeddable":true,"href":"https:\/\/huusvandetaol.nl\/nl\/wp-json\/wp\/v2\/product_brand?post=27158"},{"taxonomy":"product_cat","embeddable":true,"href":"https:\/\/huusvandetaol.nl\/nl\/wp-json\/wp\/v2\/product_cat?post=27158"},{"taxonomy":"product_tag","embeddable":true,"href":"https:\/\/huusvandetaol.nl\/nl\/wp-json\/wp\/v2\/product_tag?post=27158"}],"curies":[{"name":"wp","href":"https:\/\/api.w.org\/{rel}","templated":true}]}}