{"id":3018,"date":"2020-04-17T18:33:13","date_gmt":"2020-04-17T16:33:13","guid":{"rendered":"https:\/\/huusvandetaol.nl\/?post_type=product&#038;p=3018"},"modified":"2025-12-15T13:04:01","modified_gmt":"2025-12-15T12:04:01","slug":"leeive-lieve-eva-jannie-boerema","status":"publish","type":"product","link":"https:\/\/huusvandetaol.nl\/nl\/product\/leeive-lieve-eva-jannie-boerema\/","title":{"rendered":"Leeive Lieve Eva &#8211; Jannie Boerema"},"content":{"rendered":"<div id=\"wrapper\">\n<div id=\"page-content-wrapper\">\n<div class=\"container-fluid\">\n<div class=\"row\">\n<div class=\"col-lg-12 col-xlg-10 col-xlg-offset-1\">\n<div class=\"MaxWidth ProductTemplate_Standard\">\n<div class=\"product-description spacer-s-bottom\">\n<p>Schriever Jannie Boerema wet in riek Noordenvelds persoonlijke en universele ervaorings met mekaor te verbinden en lezers in het hart te raoken. Gedichten die as een biografie te lezen binnen in de v\u00f6rm van een breeif an het overleden zussie dat ze nooit kend het. Heur gedichten binnen soms po\u00ebtisch, met kleurige beelden en mooie woordvondsten, maor soms ok haard en rauw en onontkombaor. Soms hebben ze de v\u00f6rm van vrije verzen en soms liekt het proza, maor altied het het gedicht van Boerema een niet te missen eigen karakter. Dat mak &#8216;Leeive Lieve Eva&#8217; tot een weerdige opvolger van de veurige bundel &#8216;Over de regenboog&#8217; die algemeein as eein van de betere Drentse gedichtenbundels beschouwd wordt.<\/p>\n<\/div>\n<\/div>\n<\/div>\n<\/div>\n<\/div>\n<\/div>\n<\/div>\n","protected":false},"excerpt":{"rendered":"<p>In riek Noordenvelds wet Jannie Boerema persoonlijke en universele ervaorings met mekaor te verbinden en lezers in het hart te raoken. Gedichten die as een biografie te lezen binnen in de v\u00f6rm van een breeif an het overleden zussie dat ze nooit kend het.<\/p>\n","protected":false},"featured_media":3309,"template":"","meta":{"_acf_changed":false},"product_brand":[],"product_cat":[26,199],"product_tag":[337,211,227,338,229],"class_list":{"0":"post-3018","1":"product","2":"type-product","3":"status-publish","4":"has-post-thumbnail","6":"product_cat-boeken","7":"product_cat-poezie","8":"product_tag-boerema","9":"product_tag-drents","10":"product_tag-gedichten","11":"product_tag-noordenvelds","12":"product_tag-poezie","14":"first","15":"instock","16":"taxable","17":"shipping-taxable","18":"purchasable","19":"product-type-simple"},"acf":[],"yoast_head":"<!-- This site is optimized with the Yoast SEO plugin v27.3 - https:\/\/yoast.com\/product\/yoast-seo-wordpress\/ -->\n<title>Leeive Lieve Eva - Jannie Boerema - Huus van de Taol<\/title>\n<meta name=\"robots\" content=\"index, follow, max-snippet:-1, max-image-preview:large, max-video-preview:-1\" \/>\n<link rel=\"canonical\" href=\"https:\/\/huusvandetaol.nl\/nl\/product\/leeive-lieve-eva-jannie-boerema\/\" \/>\n<meta property=\"og:locale\" content=\"nl_NL\" \/>\n<meta property=\"og:type\" content=\"article\" \/>\n<meta property=\"og:title\" content=\"Leeive Lieve Eva - Jannie Boerema - Huus van de Taol\" \/>\n<meta property=\"og:description\" content=\"In riek Noordenvelds wet Jannie Boerema persoonlijke en universele ervaorings met mekaor te verbinden en lezers in het hart te raoken. Gedichten die as een biografie te lezen binnen in de v\u00f6rm van een breeif an het overleden zussie dat ze nooit kend het.\" \/>\n<meta property=\"og:url\" content=\"https:\/\/huusvandetaol.nl\/nl\/product\/leeive-lieve-eva-jannie-boerema\/\" \/>\n<meta property=\"og:site_name\" content=\"Huus van de Taol\" \/>\n<meta property=\"article:publisher\" content=\"https:\/\/www.facebook.com\/huusvandetaol\/\" \/>\n<meta property=\"article:modified_time\" content=\"2025-12-15T12:04:01+00:00\" \/>\n<meta property=\"og:image\" content=\"https:\/\/huusvandetaol.nl\/wp-content\/uploads\/2020\/04\/Leeive-lieve-Eva-Jannie-Boerema-Huus-van-de-Taol-Het-Drentse-Boek-2.jpg\" \/>\n\t<meta property=\"og:image:width\" content=\"1000\" \/>\n\t<meta property=\"og:image:height\" content=\"1000\" \/>\n\t<meta property=\"og:image:type\" content=\"image\/jpeg\" \/>\n<meta name=\"twitter:card\" content=\"summary_large_image\" \/>\n<meta name=\"twitter:site\" content=\"@HuusvandeTaol\" \/>\n<meta name=\"twitter:label1\" content=\"Geschatte leestijd\" \/>\n\t<meta name=\"twitter:data1\" content=\"1 minuut\" \/>\n<script type=\"application\/ld+json\" class=\"yoast-schema-graph\">{\"@context\":\"https:\\\/\\\/schema.org\",\"@graph\":[{\"@type\":\"WebPage\",\"@id\":\"https:\\\/\\\/huusvandetaol.nl\\\/nl\\\/product\\\/leeive-lieve-eva-jannie-boerema\\\/\",\"url\":\"https:\\\/\\\/huusvandetaol.nl\\\/nl\\\/product\\\/leeive-lieve-eva-jannie-boerema\\\/\",\"name\":\"Leeive Lieve Eva - Jannie Boerema - Huus van de Taol\",\"isPartOf\":{\"@id\":\"https:\\\/\\\/huusvandetaol.nl\\\/nl\\\/#website\"},\"primaryImageOfPage\":{\"@id\":\"https:\\\/\\\/huusvandetaol.nl\\\/nl\\\/product\\\/leeive-lieve-eva-jannie-boerema\\\/#primaryimage\"},\"image\":{\"@id\":\"https:\\\/\\\/huusvandetaol.nl\\\/nl\\\/product\\\/leeive-lieve-eva-jannie-boerema\\\/#primaryimage\"},\"thumbnailUrl\":\"https:\\\/\\\/huusvandetaol.nl\\\/wp-content\\\/uploads\\\/2020\\\/04\\\/Leeive-lieve-Eva-Jannie-Boerema-Huus-van-de-Taol-Het-Drentse-Boek-2.jpg\",\"datePublished\":\"2020-04-17T16:33:13+00:00\",\"dateModified\":\"2025-12-15T12:04:01+00:00\",\"breadcrumb\":{\"@id\":\"https:\\\/\\\/huusvandetaol.nl\\\/nl\\\/product\\\/leeive-lieve-eva-jannie-boerema\\\/#breadcrumb\"},\"inLanguage\":\"nl-NL\",\"potentialAction\":[{\"@type\":\"ReadAction\",\"target\":[\"https:\\\/\\\/huusvandetaol.nl\\\/nl\\\/product\\\/leeive-lieve-eva-jannie-boerema\\\/\"]}]},{\"@type\":\"ImageObject\",\"inLanguage\":\"nl-NL\",\"@id\":\"https:\\\/\\\/huusvandetaol.nl\\\/nl\\\/product\\\/leeive-lieve-eva-jannie-boerema\\\/#primaryimage\",\"url\":\"https:\\\/\\\/huusvandetaol.nl\\\/wp-content\\\/uploads\\\/2020\\\/04\\\/Leeive-lieve-Eva-Jannie-Boerema-Huus-van-de-Taol-Het-Drentse-Boek-2.jpg\",\"contentUrl\":\"https:\\\/\\\/huusvandetaol.nl\\\/wp-content\\\/uploads\\\/2020\\\/04\\\/Leeive-lieve-Eva-Jannie-Boerema-Huus-van-de-Taol-Het-Drentse-Boek-2.jpg\",\"width\":1000,\"height\":1000,\"caption\":\"Leeive lieve Eva Jannie Boerema Huus van de Taol Het Drentse Boek (2)\"},{\"@type\":\"BreadcrumbList\",\"@id\":\"https:\\\/\\\/huusvandetaol.nl\\\/nl\\\/product\\\/leeive-lieve-eva-jannie-boerema\\\/#breadcrumb\",\"itemListElement\":[{\"@type\":\"ListItem\",\"position\":1,\"name\":\"Thoesblad\",\"item\":\"https:\\\/\\\/huusvandetaol.nl\\\/nl\\\/\"},{\"@type\":\"ListItem\",\"position\":2,\"name\":\"Webshop\",\"item\":\"https:\\\/\\\/huusvandetaol.nl\\\/nl\\\/webshop\\\/\"},{\"@type\":\"ListItem\",\"position\":3,\"name\":\"Leeive Lieve Eva &#8211; Jannie Boerema\"}]},{\"@type\":\"WebSite\",\"@id\":\"https:\\\/\\\/huusvandetaol.nl\\\/nl\\\/#website\",\"url\":\"https:\\\/\\\/huusvandetaol.nl\\\/nl\\\/\",\"name\":\"Huus van de Taol\",\"description\":\"Wies met Drents\",\"publisher\":{\"@id\":\"https:\\\/\\\/huusvandetaol.nl\\\/nl\\\/#organization\"},\"potentialAction\":[{\"@type\":\"SearchAction\",\"target\":{\"@type\":\"EntryPoint\",\"urlTemplate\":\"https:\\\/\\\/huusvandetaol.nl\\\/nl\\\/?s={search_term_string}\"},\"query-input\":{\"@type\":\"PropertyValueSpecification\",\"valueRequired\":true,\"valueName\":\"search_term_string\"}}],\"inLanguage\":\"nl-NL\"},{\"@type\":\"Organization\",\"@id\":\"https:\\\/\\\/huusvandetaol.nl\\\/nl\\\/#organization\",\"name\":\"Huus van de Taol\",\"url\":\"https:\\\/\\\/huusvandetaol.nl\\\/nl\\\/\",\"logo\":{\"@type\":\"ImageObject\",\"inLanguage\":\"nl-NL\",\"@id\":\"https:\\\/\\\/huusvandetaol.nl\\\/nl\\\/#\\\/schema\\\/logo\\\/image\\\/\",\"url\":\"https:\\\/\\\/huusvandetaol.nl\\\/wp-content\\\/uploads\\\/downloads\\\/logo.png\",\"contentUrl\":\"https:\\\/\\\/huusvandetaol.nl\\\/wp-content\\\/uploads\\\/downloads\\\/logo.png\",\"width\":1146,\"height\":693,\"caption\":\"Huus van de Taol\"},\"image\":{\"@id\":\"https:\\\/\\\/huusvandetaol.nl\\\/nl\\\/#\\\/schema\\\/logo\\\/image\\\/\"},\"sameAs\":[\"https:\\\/\\\/www.facebook.com\\\/huusvandetaol\\\/\",\"https:\\\/\\\/x.com\\\/HuusvandeTaol\",\"https:\\\/\\\/www.instagram.com\\\/huusvandetaol\\\/\"]}]}<\/script>\n<!-- \/ Yoast SEO plugin. -->","yoast_head_json":{"title":"Leeive Lieve Eva - Jannie Boerema - Huus van de Taol","robots":{"index":"index","follow":"follow","max-snippet":"max-snippet:-1","max-image-preview":"max-image-preview:large","max-video-preview":"max-video-preview:-1"},"canonical":"https:\/\/huusvandetaol.nl\/nl\/product\/leeive-lieve-eva-jannie-boerema\/","og_locale":"nl_NL","og_type":"article","og_title":"Leeive Lieve Eva - Jannie Boerema - Huus van de Taol","og_description":"In riek Noordenvelds wet Jannie Boerema persoonlijke en universele ervaorings met mekaor te verbinden en lezers in het hart te raoken. Gedichten die as een biografie te lezen binnen in de v\u00f6rm van een breeif an het overleden zussie dat ze nooit kend het.","og_url":"https:\/\/huusvandetaol.nl\/nl\/product\/leeive-lieve-eva-jannie-boerema\/","og_site_name":"Huus van de Taol","article_publisher":"https:\/\/www.facebook.com\/huusvandetaol\/","article_modified_time":"2025-12-15T12:04:01+00:00","og_image":[{"width":1000,"height":1000,"url":"https:\/\/huusvandetaol.nl\/wp-content\/uploads\/2020\/04\/Leeive-lieve-Eva-Jannie-Boerema-Huus-van-de-Taol-Het-Drentse-Boek-2.jpg","type":"image\/jpeg"}],"twitter_card":"summary_large_image","twitter_site":"@HuusvandeTaol","twitter_misc":{"Geschatte leestijd":"1 minuut"},"schema":{"@context":"https:\/\/schema.org","@graph":[{"@type":"WebPage","@id":"https:\/\/huusvandetaol.nl\/nl\/product\/leeive-lieve-eva-jannie-boerema\/","url":"https:\/\/huusvandetaol.nl\/nl\/product\/leeive-lieve-eva-jannie-boerema\/","name":"Leeive Lieve Eva - Jannie Boerema - Huus van de Taol","isPartOf":{"@id":"https:\/\/huusvandetaol.nl\/nl\/#website"},"primaryImageOfPage":{"@id":"https:\/\/huusvandetaol.nl\/nl\/product\/leeive-lieve-eva-jannie-boerema\/#primaryimage"},"image":{"@id":"https:\/\/huusvandetaol.nl\/nl\/product\/leeive-lieve-eva-jannie-boerema\/#primaryimage"},"thumbnailUrl":"https:\/\/huusvandetaol.nl\/wp-content\/uploads\/2020\/04\/Leeive-lieve-Eva-Jannie-Boerema-Huus-van-de-Taol-Het-Drentse-Boek-2.jpg","datePublished":"2020-04-17T16:33:13+00:00","dateModified":"2025-12-15T12:04:01+00:00","breadcrumb":{"@id":"https:\/\/huusvandetaol.nl\/nl\/product\/leeive-lieve-eva-jannie-boerema\/#breadcrumb"},"inLanguage":"nl-NL","potentialAction":[{"@type":"ReadAction","target":["https:\/\/huusvandetaol.nl\/nl\/product\/leeive-lieve-eva-jannie-boerema\/"]}]},{"@type":"ImageObject","inLanguage":"nl-NL","@id":"https:\/\/huusvandetaol.nl\/nl\/product\/leeive-lieve-eva-jannie-boerema\/#primaryimage","url":"https:\/\/huusvandetaol.nl\/wp-content\/uploads\/2020\/04\/Leeive-lieve-Eva-Jannie-Boerema-Huus-van-de-Taol-Het-Drentse-Boek-2.jpg","contentUrl":"https:\/\/huusvandetaol.nl\/wp-content\/uploads\/2020\/04\/Leeive-lieve-Eva-Jannie-Boerema-Huus-van-de-Taol-Het-Drentse-Boek-2.jpg","width":1000,"height":1000,"caption":"Leeive lieve Eva Jannie Boerema Huus van de Taol Het Drentse Boek (2)"},{"@type":"BreadcrumbList","@id":"https:\/\/huusvandetaol.nl\/nl\/product\/leeive-lieve-eva-jannie-boerema\/#breadcrumb","itemListElement":[{"@type":"ListItem","position":1,"name":"Thoesblad","item":"https:\/\/huusvandetaol.nl\/nl\/"},{"@type":"ListItem","position":2,"name":"Webshop","item":"https:\/\/huusvandetaol.nl\/nl\/webshop\/"},{"@type":"ListItem","position":3,"name":"Leeive Lieve Eva &#8211; Jannie Boerema"}]},{"@type":"WebSite","@id":"https:\/\/huusvandetaol.nl\/nl\/#website","url":"https:\/\/huusvandetaol.nl\/nl\/","name":"Huus van de Taol","description":"Wies met Drents","publisher":{"@id":"https:\/\/huusvandetaol.nl\/nl\/#organization"},"potentialAction":[{"@type":"SearchAction","target":{"@type":"EntryPoint","urlTemplate":"https:\/\/huusvandetaol.nl\/nl\/?s={search_term_string}"},"query-input":{"@type":"PropertyValueSpecification","valueRequired":true,"valueName":"search_term_string"}}],"inLanguage":"nl-NL"},{"@type":"Organization","@id":"https:\/\/huusvandetaol.nl\/nl\/#organization","name":"Huus van de Taol","url":"https:\/\/huusvandetaol.nl\/nl\/","logo":{"@type":"ImageObject","inLanguage":"nl-NL","@id":"https:\/\/huusvandetaol.nl\/nl\/#\/schema\/logo\/image\/","url":"https:\/\/huusvandetaol.nl\/wp-content\/uploads\/downloads\/logo.png","contentUrl":"https:\/\/huusvandetaol.nl\/wp-content\/uploads\/downloads\/logo.png","width":1146,"height":693,"caption":"Huus van de Taol"},"image":{"@id":"https:\/\/huusvandetaol.nl\/nl\/#\/schema\/logo\/image\/"},"sameAs":["https:\/\/www.facebook.com\/huusvandetaol\/","https:\/\/x.com\/HuusvandeTaol","https:\/\/www.instagram.com\/huusvandetaol\/"]}]}},"_links":{"self":[{"href":"https:\/\/huusvandetaol.nl\/nl\/wp-json\/wp\/v2\/product\/3018","targetHints":{"allow":["GET"]}}],"collection":[{"href":"https:\/\/huusvandetaol.nl\/nl\/wp-json\/wp\/v2\/product"}],"about":[{"href":"https:\/\/huusvandetaol.nl\/nl\/wp-json\/wp\/v2\/types\/product"}],"wp:featuredmedia":[{"embeddable":true,"href":"https:\/\/huusvandetaol.nl\/nl\/wp-json\/wp\/v2\/media\/3309"}],"wp:attachment":[{"href":"https:\/\/huusvandetaol.nl\/nl\/wp-json\/wp\/v2\/media?parent=3018"}],"wp:term":[{"taxonomy":"product_brand","embeddable":true,"href":"https:\/\/huusvandetaol.nl\/nl\/wp-json\/wp\/v2\/product_brand?post=3018"},{"taxonomy":"product_cat","embeddable":true,"href":"https:\/\/huusvandetaol.nl\/nl\/wp-json\/wp\/v2\/product_cat?post=3018"},{"taxonomy":"product_tag","embeddable":true,"href":"https:\/\/huusvandetaol.nl\/nl\/wp-json\/wp\/v2\/product_tag?post=3018"}],"curies":[{"name":"wp","href":"https:\/\/api.w.org\/{rel}","templated":true}]}}