{"id":3039,"date":"2020-04-18T09:05:52","date_gmt":"2020-04-18T07:05:52","guid":{"rendered":"https:\/\/huusvandetaol.nl\/?post_type=product&#038;p=3039"},"modified":"2025-11-25T12:04:37","modified_gmt":"2025-11-25T11:04:37","slug":"het-verborgen-leven-gerard-nijenhuis","status":"publish","type":"product","link":"https:\/\/huusvandetaol.nl\/nl\/product\/het-verborgen-leven-gerard-nijenhuis\/","title":{"rendered":"Het verb\u00f6rgen leven &#8211; Gerard Nijenhuis"},"content":{"rendered":"<div id=\"wrapper\">\n<div id=\"page-content-wrapper\">\n<div class=\"container-fluid\">\n<div class=\"row\">\n<div class=\"col-lg-12 col-xlg-10 col-xlg-offset-1\">\n<div class=\"MaxWidth ProductTemplate_Standard\">\n<div>\n<div class=\"product-description spacer-s-bottom\">De heufdfiguren bint drei jongs en een vrouw uut een Dr\u00e8ents d\u00f6rp. De jongs koomt vanoet verschillende milieus. Twei dervan belaandt in Amsterdam maor holdt een starke biending met heur d\u00f6rp van ofkomst. Vanz\u00f6lf speult, hoe kan het aans, de liefde een grote rol, niet all\u00e9n tussen de jonge mannen maor ok de vrouw hef een liefdesleven daoras gienien van ofwus.<\/div>\n<\/div>\n<\/div>\n<\/div>\n<\/div>\n<\/div>\n<\/div>\n<\/div>\n","protected":false},"excerpt":{"rendered":"<p>&#8216;Het verb\u00f6rgen leven&#8217; vertelt het levensverhaol van drei jongs en een vrouw uut een Dr\u00e8ents d\u00f6rp, waorin de liefde een grote rol speult, niet all\u00e9n tussen de jonge mannen maor ok de vrouw hef een liefdesleven daoras gienien van ofwus.<\/p>\n","protected":false},"featured_media":3628,"template":"","meta":{"_acf_changed":false},"product_brand":[],"product_cat":[26,198],"product_tag":[211,391,390,389,279],"class_list":{"0":"post-3039","1":"product","2":"type-product","3":"status-publish","4":"has-post-thumbnail","6":"product_cat-boeken","7":"product_cat-literatuur-romans","8":"product_tag-drents","9":"product_tag-hetero","10":"product_tag-homo","11":"product_tag-liefde","12":"product_tag-nijenhuis","14":"first","15":"instock","16":"sale","17":"taxable","18":"shipping-taxable","19":"purchasable","20":"product-type-simple"},"acf":[],"yoast_head":"<!-- This site is optimized with the Yoast SEO plugin v27.3 - https:\/\/yoast.com\/product\/yoast-seo-wordpress\/ -->\n<title>Het verb\u00f6rgen leven - Gerard Nijenhuis - Huus van de Taol<\/title>\n<meta name=\"robots\" content=\"index, follow, max-snippet:-1, max-image-preview:large, max-video-preview:-1\" \/>\n<link rel=\"canonical\" href=\"https:\/\/huusvandetaol.nl\/nl\/product\/het-verborgen-leven-gerard-nijenhuis\/\" \/>\n<meta property=\"og:locale\" content=\"nl_NL\" \/>\n<meta property=\"og:type\" content=\"article\" \/>\n<meta property=\"og:title\" content=\"Het verb\u00f6rgen leven - Gerard Nijenhuis - Huus van de Taol\" \/>\n<meta property=\"og:description\" content=\"&#039;Het verb\u00f6rgen leven&#039; vertelt het levensverhaol van drei jongs en een vrouw uut een Dr\u00e8ents d\u00f6rp, waorin de liefde een grote rol speult, niet all\u00e9n tussen de jonge mannen maor ok de vrouw hef een liefdesleven daoras gienien van ofwus.\" \/>\n<meta property=\"og:url\" content=\"https:\/\/huusvandetaol.nl\/nl\/product\/het-verborgen-leven-gerard-nijenhuis\/\" \/>\n<meta property=\"og:site_name\" content=\"Huus van de Taol\" \/>\n<meta property=\"article:publisher\" content=\"https:\/\/www.facebook.com\/huusvandetaol\/\" \/>\n<meta property=\"article:modified_time\" content=\"2025-11-25T11:04:37+00:00\" \/>\n<meta property=\"og:image\" content=\"https:\/\/huusvandetaol.nl\/wp-content\/uploads\/2020\/04\/Het-verb\u00f6rgen-leven-Gerard-Nijenhuis-Huus-van-de-Taol-Het-Drentse-Boek-2-scaled.jpg\" \/>\n\t<meta property=\"og:image:width\" content=\"2048\" \/>\n\t<meta property=\"og:image:height\" content=\"2048\" \/>\n\t<meta property=\"og:image:type\" content=\"image\/jpeg\" \/>\n<meta name=\"twitter:card\" content=\"summary_large_image\" \/>\n<meta name=\"twitter:site\" content=\"@HuusvandeTaol\" \/>\n<meta name=\"twitter:label1\" content=\"Geschatte leestijd\" \/>\n\t<meta name=\"twitter:data1\" content=\"1 minuut\" \/>\n<script type=\"application\/ld+json\" class=\"yoast-schema-graph\">{\"@context\":\"https:\\\/\\\/schema.org\",\"@graph\":[{\"@type\":\"WebPage\",\"@id\":\"https:\\\/\\\/huusvandetaol.nl\\\/nl\\\/product\\\/het-verborgen-leven-gerard-nijenhuis\\\/\",\"url\":\"https:\\\/\\\/huusvandetaol.nl\\\/nl\\\/product\\\/het-verborgen-leven-gerard-nijenhuis\\\/\",\"name\":\"Het verb\u00f6rgen leven - Gerard Nijenhuis - Huus van de Taol\",\"isPartOf\":{\"@id\":\"https:\\\/\\\/huusvandetaol.nl\\\/nl\\\/#website\"},\"primaryImageOfPage\":{\"@id\":\"https:\\\/\\\/huusvandetaol.nl\\\/nl\\\/product\\\/het-verborgen-leven-gerard-nijenhuis\\\/#primaryimage\"},\"image\":{\"@id\":\"https:\\\/\\\/huusvandetaol.nl\\\/nl\\\/product\\\/het-verborgen-leven-gerard-nijenhuis\\\/#primaryimage\"},\"thumbnailUrl\":\"https:\\\/\\\/huusvandetaol.nl\\\/wp-content\\\/uploads\\\/2020\\\/04\\\/Het-verb\u00f6rgen-leven-Gerard-Nijenhuis-Huus-van-de-Taol-Het-Drentse-Boek-2-scaled.jpg\",\"datePublished\":\"2020-04-18T07:05:52+00:00\",\"dateModified\":\"2025-11-25T11:04:37+00:00\",\"breadcrumb\":{\"@id\":\"https:\\\/\\\/huusvandetaol.nl\\\/nl\\\/product\\\/het-verborgen-leven-gerard-nijenhuis\\\/#breadcrumb\"},\"inLanguage\":\"nl-NL\",\"potentialAction\":[{\"@type\":\"ReadAction\",\"target\":[\"https:\\\/\\\/huusvandetaol.nl\\\/nl\\\/product\\\/het-verborgen-leven-gerard-nijenhuis\\\/\"]}]},{\"@type\":\"ImageObject\",\"inLanguage\":\"nl-NL\",\"@id\":\"https:\\\/\\\/huusvandetaol.nl\\\/nl\\\/product\\\/het-verborgen-leven-gerard-nijenhuis\\\/#primaryimage\",\"url\":\"https:\\\/\\\/huusvandetaol.nl\\\/wp-content\\\/uploads\\\/2020\\\/04\\\/Het-verb\u00f6rgen-leven-Gerard-Nijenhuis-Huus-van-de-Taol-Het-Drentse-Boek-2-scaled.jpg\",\"contentUrl\":\"https:\\\/\\\/huusvandetaol.nl\\\/wp-content\\\/uploads\\\/2020\\\/04\\\/Het-verb\u00f6rgen-leven-Gerard-Nijenhuis-Huus-van-de-Taol-Het-Drentse-Boek-2-scaled.jpg\",\"width\":2048,\"height\":2048,\"caption\":\"Het verb\u00f6rgen leven Gerard Nijenhuis Huus van de Taol Het Drentse Boek (2)\"},{\"@type\":\"BreadcrumbList\",\"@id\":\"https:\\\/\\\/huusvandetaol.nl\\\/nl\\\/product\\\/het-verborgen-leven-gerard-nijenhuis\\\/#breadcrumb\",\"itemListElement\":[{\"@type\":\"ListItem\",\"position\":1,\"name\":\"Thoesblad\",\"item\":\"https:\\\/\\\/huusvandetaol.nl\\\/nl\\\/\"},{\"@type\":\"ListItem\",\"position\":2,\"name\":\"Webshop\",\"item\":\"https:\\\/\\\/huusvandetaol.nl\\\/nl\\\/webshop\\\/\"},{\"@type\":\"ListItem\",\"position\":3,\"name\":\"Het verb\u00f6rgen leven &#8211; Gerard Nijenhuis\"}]},{\"@type\":\"WebSite\",\"@id\":\"https:\\\/\\\/huusvandetaol.nl\\\/nl\\\/#website\",\"url\":\"https:\\\/\\\/huusvandetaol.nl\\\/nl\\\/\",\"name\":\"Huus van de Taol\",\"description\":\"Wies met Drents\",\"publisher\":{\"@id\":\"https:\\\/\\\/huusvandetaol.nl\\\/nl\\\/#organization\"},\"potentialAction\":[{\"@type\":\"SearchAction\",\"target\":{\"@type\":\"EntryPoint\",\"urlTemplate\":\"https:\\\/\\\/huusvandetaol.nl\\\/nl\\\/?s={search_term_string}\"},\"query-input\":{\"@type\":\"PropertyValueSpecification\",\"valueRequired\":true,\"valueName\":\"search_term_string\"}}],\"inLanguage\":\"nl-NL\"},{\"@type\":\"Organization\",\"@id\":\"https:\\\/\\\/huusvandetaol.nl\\\/nl\\\/#organization\",\"name\":\"Huus van de Taol\",\"url\":\"https:\\\/\\\/huusvandetaol.nl\\\/nl\\\/\",\"logo\":{\"@type\":\"ImageObject\",\"inLanguage\":\"nl-NL\",\"@id\":\"https:\\\/\\\/huusvandetaol.nl\\\/nl\\\/#\\\/schema\\\/logo\\\/image\\\/\",\"url\":\"https:\\\/\\\/huusvandetaol.nl\\\/wp-content\\\/uploads\\\/downloads\\\/logo.png\",\"contentUrl\":\"https:\\\/\\\/huusvandetaol.nl\\\/wp-content\\\/uploads\\\/downloads\\\/logo.png\",\"width\":1146,\"height\":693,\"caption\":\"Huus van de Taol\"},\"image\":{\"@id\":\"https:\\\/\\\/huusvandetaol.nl\\\/nl\\\/#\\\/schema\\\/logo\\\/image\\\/\"},\"sameAs\":[\"https:\\\/\\\/www.facebook.com\\\/huusvandetaol\\\/\",\"https:\\\/\\\/x.com\\\/HuusvandeTaol\",\"https:\\\/\\\/www.instagram.com\\\/huusvandetaol\\\/\"]}]}<\/script>\n<!-- \/ Yoast SEO plugin. -->","yoast_head_json":{"title":"Het verb\u00f6rgen leven - Gerard Nijenhuis - Huus van de Taol","robots":{"index":"index","follow":"follow","max-snippet":"max-snippet:-1","max-image-preview":"max-image-preview:large","max-video-preview":"max-video-preview:-1"},"canonical":"https:\/\/huusvandetaol.nl\/nl\/product\/het-verborgen-leven-gerard-nijenhuis\/","og_locale":"nl_NL","og_type":"article","og_title":"Het verb\u00f6rgen leven - Gerard Nijenhuis - Huus van de Taol","og_description":"'Het verb\u00f6rgen leven' vertelt het levensverhaol van drei jongs en een vrouw uut een Dr\u00e8ents d\u00f6rp, waorin de liefde een grote rol speult, niet all\u00e9n tussen de jonge mannen maor ok de vrouw hef een liefdesleven daoras gienien van ofwus.","og_url":"https:\/\/huusvandetaol.nl\/nl\/product\/het-verborgen-leven-gerard-nijenhuis\/","og_site_name":"Huus van de Taol","article_publisher":"https:\/\/www.facebook.com\/huusvandetaol\/","article_modified_time":"2025-11-25T11:04:37+00:00","og_image":[{"width":2048,"height":2048,"url":"https:\/\/huusvandetaol.nl\/wp-content\/uploads\/2020\/04\/Het-verb\u00f6rgen-leven-Gerard-Nijenhuis-Huus-van-de-Taol-Het-Drentse-Boek-2-scaled.jpg","type":"image\/jpeg"}],"twitter_card":"summary_large_image","twitter_site":"@HuusvandeTaol","twitter_misc":{"Geschatte leestijd":"1 minuut"},"schema":{"@context":"https:\/\/schema.org","@graph":[{"@type":"WebPage","@id":"https:\/\/huusvandetaol.nl\/nl\/product\/het-verborgen-leven-gerard-nijenhuis\/","url":"https:\/\/huusvandetaol.nl\/nl\/product\/het-verborgen-leven-gerard-nijenhuis\/","name":"Het verb\u00f6rgen leven - Gerard Nijenhuis - Huus van de Taol","isPartOf":{"@id":"https:\/\/huusvandetaol.nl\/nl\/#website"},"primaryImageOfPage":{"@id":"https:\/\/huusvandetaol.nl\/nl\/product\/het-verborgen-leven-gerard-nijenhuis\/#primaryimage"},"image":{"@id":"https:\/\/huusvandetaol.nl\/nl\/product\/het-verborgen-leven-gerard-nijenhuis\/#primaryimage"},"thumbnailUrl":"https:\/\/huusvandetaol.nl\/wp-content\/uploads\/2020\/04\/Het-verb\u00f6rgen-leven-Gerard-Nijenhuis-Huus-van-de-Taol-Het-Drentse-Boek-2-scaled.jpg","datePublished":"2020-04-18T07:05:52+00:00","dateModified":"2025-11-25T11:04:37+00:00","breadcrumb":{"@id":"https:\/\/huusvandetaol.nl\/nl\/product\/het-verborgen-leven-gerard-nijenhuis\/#breadcrumb"},"inLanguage":"nl-NL","potentialAction":[{"@type":"ReadAction","target":["https:\/\/huusvandetaol.nl\/nl\/product\/het-verborgen-leven-gerard-nijenhuis\/"]}]},{"@type":"ImageObject","inLanguage":"nl-NL","@id":"https:\/\/huusvandetaol.nl\/nl\/product\/het-verborgen-leven-gerard-nijenhuis\/#primaryimage","url":"https:\/\/huusvandetaol.nl\/wp-content\/uploads\/2020\/04\/Het-verb\u00f6rgen-leven-Gerard-Nijenhuis-Huus-van-de-Taol-Het-Drentse-Boek-2-scaled.jpg","contentUrl":"https:\/\/huusvandetaol.nl\/wp-content\/uploads\/2020\/04\/Het-verb\u00f6rgen-leven-Gerard-Nijenhuis-Huus-van-de-Taol-Het-Drentse-Boek-2-scaled.jpg","width":2048,"height":2048,"caption":"Het verb\u00f6rgen leven Gerard Nijenhuis Huus van de Taol Het Drentse Boek (2)"},{"@type":"BreadcrumbList","@id":"https:\/\/huusvandetaol.nl\/nl\/product\/het-verborgen-leven-gerard-nijenhuis\/#breadcrumb","itemListElement":[{"@type":"ListItem","position":1,"name":"Thoesblad","item":"https:\/\/huusvandetaol.nl\/nl\/"},{"@type":"ListItem","position":2,"name":"Webshop","item":"https:\/\/huusvandetaol.nl\/nl\/webshop\/"},{"@type":"ListItem","position":3,"name":"Het verb\u00f6rgen leven &#8211; Gerard Nijenhuis"}]},{"@type":"WebSite","@id":"https:\/\/huusvandetaol.nl\/nl\/#website","url":"https:\/\/huusvandetaol.nl\/nl\/","name":"Huus van de Taol","description":"Wies met Drents","publisher":{"@id":"https:\/\/huusvandetaol.nl\/nl\/#organization"},"potentialAction":[{"@type":"SearchAction","target":{"@type":"EntryPoint","urlTemplate":"https:\/\/huusvandetaol.nl\/nl\/?s={search_term_string}"},"query-input":{"@type":"PropertyValueSpecification","valueRequired":true,"valueName":"search_term_string"}}],"inLanguage":"nl-NL"},{"@type":"Organization","@id":"https:\/\/huusvandetaol.nl\/nl\/#organization","name":"Huus van de Taol","url":"https:\/\/huusvandetaol.nl\/nl\/","logo":{"@type":"ImageObject","inLanguage":"nl-NL","@id":"https:\/\/huusvandetaol.nl\/nl\/#\/schema\/logo\/image\/","url":"https:\/\/huusvandetaol.nl\/wp-content\/uploads\/downloads\/logo.png","contentUrl":"https:\/\/huusvandetaol.nl\/wp-content\/uploads\/downloads\/logo.png","width":1146,"height":693,"caption":"Huus van de Taol"},"image":{"@id":"https:\/\/huusvandetaol.nl\/nl\/#\/schema\/logo\/image\/"},"sameAs":["https:\/\/www.facebook.com\/huusvandetaol\/","https:\/\/x.com\/HuusvandeTaol","https:\/\/www.instagram.com\/huusvandetaol\/"]}]}},"_links":{"self":[{"href":"https:\/\/huusvandetaol.nl\/nl\/wp-json\/wp\/v2\/product\/3039","targetHints":{"allow":["GET"]}}],"collection":[{"href":"https:\/\/huusvandetaol.nl\/nl\/wp-json\/wp\/v2\/product"}],"about":[{"href":"https:\/\/huusvandetaol.nl\/nl\/wp-json\/wp\/v2\/types\/product"}],"wp:featuredmedia":[{"embeddable":true,"href":"https:\/\/huusvandetaol.nl\/nl\/wp-json\/wp\/v2\/media\/3628"}],"wp:attachment":[{"href":"https:\/\/huusvandetaol.nl\/nl\/wp-json\/wp\/v2\/media?parent=3039"}],"wp:term":[{"taxonomy":"product_brand","embeddable":true,"href":"https:\/\/huusvandetaol.nl\/nl\/wp-json\/wp\/v2\/product_brand?post=3039"},{"taxonomy":"product_cat","embeddable":true,"href":"https:\/\/huusvandetaol.nl\/nl\/wp-json\/wp\/v2\/product_cat?post=3039"},{"taxonomy":"product_tag","embeddable":true,"href":"https:\/\/huusvandetaol.nl\/nl\/wp-json\/wp\/v2\/product_tag?post=3039"}],"curies":[{"name":"wp","href":"https:\/\/api.w.org\/{rel}","templated":true}]}}