{"id":3045,"date":"2020-04-18T10:30:44","date_gmt":"2020-04-18T08:30:44","guid":{"rendered":"https:\/\/huusvandetaol.nl\/?post_type=product&#038;p=3045"},"modified":"2025-10-23T08:54:01","modified_gmt":"2025-10-23T06:54:01","slug":"fier-ruth-post-gijsje-gramsma-atze-van-der-wijk-en-jan-holtman","status":"publish","type":"product","link":"https:\/\/huusvandetaol.nl\/nl\/product\/fier-ruth-post-gijsje-gramsma-atze-van-der-wijk-en-jan-holtman\/","title":{"rendered":"Fier &#8211; Ruth Post, Gijsje Gramsma, Atze van der Wijk en Jan Holtman"},"content":{"rendered":"<div id=\"wrapper\">\n<div id=\"page-content-wrapper\">\n<div class=\"container-fluid\">\n<div class=\"row\">\n<div class=\"col-lg-12 col-xlg-10 col-xlg-offset-1\">\n<div class=\"MaxWidth ProductTemplate_Standard\">\n<div>\n<div class=\"product-description spacer-s-bottom\">\n<p>Deze bundels, geschreven in het Nederlands door schrijvers uit Drenthe, worden als \u00e9\u00e9n serie in de boekhandel aangeboden. Een unieke kans op een voordelige manier kennis te maken met po\u00ebzie van deze vier zo heel verschillende schrijvers. De Nederlandstalige schrijvers die hun steentje aan het Drentse schrijversklimaat zeker hebben bijgedragen, schrijven weliswaar niet over Drenthe of in het Drents, maar publiceerden in het Drents Letterkundig Tiedschrift Roet of deden mee aan projecten en werkgroepen in Drenthe.<\/p>\n<p>De serie FIER bestaat uit bundels van Ruth Post uit Groningen, Gijsje Gramsma (Dalen), Atze van der Wijk (Eelde) en Jan Holtman uit Gieten.<\/p>\n<p>In <em>Tot aan de horizon<\/em> beschrijft Ruth Post onder andere de ervaringen van haar jeugd in een Jappenkamp. Door haar ontwapenende schrijfstijl kwam hier een ontroerend positieve bundel uit voort, die tegelijkertijd de kwetsbaarheid en de kracht van de mens laat zien.<\/p>\n<p>Gijsje Gramsma vertaalt in de pure bundel <em>Wuivende Dagen<\/em> grote algemeen menselijke gevoelens in dagelijkse beelden en zuivere taal, waarmee ze de lezer steeds opnieuw verrast.<\/p>\n<p>De kracht van schrijver Atze van der Wijk\u00a0 in <em>Om hier te zijn<\/em> is het vooral zijn talent om dingen te bezielen, de wereld vanuit verrassende perspectieven te beschouwen in een eigenzinnige stijl.<\/p>\n<p>De titel van de bundel <em>Windjammer<\/em> van Jan Holtman is ontleend aan \u00e9\u00e9n van zijn gedichten waarin meteen de kern van de bundel wordt blootgelegd: achter verraderlijk eenvoudige bewoordingen en beelden schuilt de weemoed, de walging en de hartstocht van de dichter.<\/p>\n<\/div>\n<p>&nbsp;<\/p>\n<\/div>\n<fieldset>\n<div class=\"product-properties-container\">\n<div id=\"product-properties-container-8334\" class=\"product-properties-container-Boeken spacer-s-bottom\">\n<div class=\"container-producttype-text\">\n<div class=\"row\">\n<div class=\"col-xs-6 col-sm-7\"><\/div>\n<\/div>\n<\/div>\n<\/div>\n<\/div>\n<\/fieldset>\n<\/div>\n<\/div>\n<\/div>\n<\/div>\n<\/div>\n<\/div>\n","protected":false},"excerpt":{"rendered":"<p>De serie FIER bestaat uit bundels van Ruth Post uit Groningen, Gijsje Gramsma (Dalen), Atze van der Wijk (Eelde) en Jan Holtman uit Gieten.<\/p>\n","protected":false},"featured_media":4212,"template":"","meta":{"_acf_changed":false},"product_brand":[],"product_cat":[26,199],"product_tag":[227,397,398,308,229,396,399],"class_list":{"0":"post-3045","1":"product","2":"type-product","3":"status-publish","4":"has-post-thumbnail","6":"product_cat-boeken","7":"product_cat-poezie","8":"product_tag-gedichten","9":"product_tag-gramsma","10":"product_tag-holtman","11":"product_tag-nederlands-nl-2","12":"product_tag-poezie","13":"product_tag-post","14":"product_tag-van-der-wijk","16":"first","17":"instock","18":"taxable","19":"shipping-taxable","20":"purchasable","21":"product-type-simple"},"acf":[],"yoast_head":"<!-- This site is optimized with the Yoast SEO plugin v27.3 - https:\/\/yoast.com\/product\/yoast-seo-wordpress\/ -->\n<title>Fier - Ruth Post, Gijsje Gramsma, Atze van der Wijk en Jan Holtman - Huus van de Taol<\/title>\n<meta name=\"robots\" content=\"index, follow, max-snippet:-1, max-image-preview:large, max-video-preview:-1\" \/>\n<link rel=\"canonical\" href=\"https:\/\/huusvandetaol.nl\/nl\/product\/fier-ruth-post-gijsje-gramsma-atze-van-der-wijk-en-jan-holtman\/\" \/>\n<meta property=\"og:locale\" content=\"nl_NL\" \/>\n<meta property=\"og:type\" content=\"article\" \/>\n<meta property=\"og:title\" content=\"Fier - Ruth Post, Gijsje Gramsma, Atze van der Wijk en Jan Holtman - Huus van de Taol\" \/>\n<meta property=\"og:description\" content=\"De serie FIER bestaat uit bundels van Ruth Post uit Groningen, Gijsje Gramsma (Dalen), Atze van der Wijk (Eelde) en Jan Holtman uit Gieten.\" \/>\n<meta property=\"og:url\" content=\"https:\/\/huusvandetaol.nl\/nl\/product\/fier-ruth-post-gijsje-gramsma-atze-van-der-wijk-en-jan-holtman\/\" \/>\n<meta property=\"og:site_name\" content=\"Huus van de Taol\" \/>\n<meta property=\"article:publisher\" content=\"https:\/\/www.facebook.com\/huusvandetaol\/\" \/>\n<meta property=\"article:modified_time\" content=\"2025-10-23T06:54:01+00:00\" \/>\n<meta property=\"og:image\" content=\"https:\/\/huusvandetaol.nl\/wp-content\/uploads\/2020\/04\/Fier-Huus-van-de-Taol-Het-Drentse-Boek-2-scaled.jpg\" \/>\n\t<meta property=\"og:image:width\" content=\"2048\" \/>\n\t<meta property=\"og:image:height\" content=\"2048\" \/>\n\t<meta property=\"og:image:type\" content=\"image\/jpeg\" \/>\n<meta name=\"twitter:card\" content=\"summary_large_image\" \/>\n<meta name=\"twitter:site\" content=\"@HuusvandeTaol\" \/>\n<meta name=\"twitter:label1\" content=\"Geschatte leestijd\" \/>\n\t<meta name=\"twitter:data1\" content=\"2 minuten\" \/>\n<script type=\"application\/ld+json\" class=\"yoast-schema-graph\">{\"@context\":\"https:\\\/\\\/schema.org\",\"@graph\":[{\"@type\":\"WebPage\",\"@id\":\"https:\\\/\\\/huusvandetaol.nl\\\/nl\\\/product\\\/fier-ruth-post-gijsje-gramsma-atze-van-der-wijk-en-jan-holtman\\\/\",\"url\":\"https:\\\/\\\/huusvandetaol.nl\\\/nl\\\/product\\\/fier-ruth-post-gijsje-gramsma-atze-van-der-wijk-en-jan-holtman\\\/\",\"name\":\"Fier - Ruth Post, Gijsje Gramsma, Atze van der Wijk en Jan Holtman - Huus van de Taol\",\"isPartOf\":{\"@id\":\"https:\\\/\\\/huusvandetaol.nl\\\/nl\\\/#website\"},\"primaryImageOfPage\":{\"@id\":\"https:\\\/\\\/huusvandetaol.nl\\\/nl\\\/product\\\/fier-ruth-post-gijsje-gramsma-atze-van-der-wijk-en-jan-holtman\\\/#primaryimage\"},\"image\":{\"@id\":\"https:\\\/\\\/huusvandetaol.nl\\\/nl\\\/product\\\/fier-ruth-post-gijsje-gramsma-atze-van-der-wijk-en-jan-holtman\\\/#primaryimage\"},\"thumbnailUrl\":\"https:\\\/\\\/huusvandetaol.nl\\\/wp-content\\\/uploads\\\/2020\\\/04\\\/Fier-Huus-van-de-Taol-Het-Drentse-Boek-2-scaled.jpg\",\"datePublished\":\"2020-04-18T08:30:44+00:00\",\"dateModified\":\"2025-10-23T06:54:01+00:00\",\"breadcrumb\":{\"@id\":\"https:\\\/\\\/huusvandetaol.nl\\\/nl\\\/product\\\/fier-ruth-post-gijsje-gramsma-atze-van-der-wijk-en-jan-holtman\\\/#breadcrumb\"},\"inLanguage\":\"nl-NL\",\"potentialAction\":[{\"@type\":\"ReadAction\",\"target\":[\"https:\\\/\\\/huusvandetaol.nl\\\/nl\\\/product\\\/fier-ruth-post-gijsje-gramsma-atze-van-der-wijk-en-jan-holtman\\\/\"]}]},{\"@type\":\"ImageObject\",\"inLanguage\":\"nl-NL\",\"@id\":\"https:\\\/\\\/huusvandetaol.nl\\\/nl\\\/product\\\/fier-ruth-post-gijsje-gramsma-atze-van-der-wijk-en-jan-holtman\\\/#primaryimage\",\"url\":\"https:\\\/\\\/huusvandetaol.nl\\\/wp-content\\\/uploads\\\/2020\\\/04\\\/Fier-Huus-van-de-Taol-Het-Drentse-Boek-2-scaled.jpg\",\"contentUrl\":\"https:\\\/\\\/huusvandetaol.nl\\\/wp-content\\\/uploads\\\/2020\\\/04\\\/Fier-Huus-van-de-Taol-Het-Drentse-Boek-2-scaled.jpg\",\"width\":2048,\"height\":2048,\"caption\":\"Fier Huus van de Taol Het Drentse Boek (2)\"},{\"@type\":\"BreadcrumbList\",\"@id\":\"https:\\\/\\\/huusvandetaol.nl\\\/nl\\\/product\\\/fier-ruth-post-gijsje-gramsma-atze-van-der-wijk-en-jan-holtman\\\/#breadcrumb\",\"itemListElement\":[{\"@type\":\"ListItem\",\"position\":1,\"name\":\"Thoesblad\",\"item\":\"https:\\\/\\\/huusvandetaol.nl\\\/nl\\\/\"},{\"@type\":\"ListItem\",\"position\":2,\"name\":\"Webshop\",\"item\":\"https:\\\/\\\/huusvandetaol.nl\\\/nl\\\/webshop\\\/\"},{\"@type\":\"ListItem\",\"position\":3,\"name\":\"Fier &#8211; Ruth Post, Gijsje Gramsma, Atze van der Wijk en Jan Holtman\"}]},{\"@type\":\"WebSite\",\"@id\":\"https:\\\/\\\/huusvandetaol.nl\\\/nl\\\/#website\",\"url\":\"https:\\\/\\\/huusvandetaol.nl\\\/nl\\\/\",\"name\":\"Huus van de Taol\",\"description\":\"Wies met Drents\",\"publisher\":{\"@id\":\"https:\\\/\\\/huusvandetaol.nl\\\/nl\\\/#organization\"},\"potentialAction\":[{\"@type\":\"SearchAction\",\"target\":{\"@type\":\"EntryPoint\",\"urlTemplate\":\"https:\\\/\\\/huusvandetaol.nl\\\/nl\\\/?s={search_term_string}\"},\"query-input\":{\"@type\":\"PropertyValueSpecification\",\"valueRequired\":true,\"valueName\":\"search_term_string\"}}],\"inLanguage\":\"nl-NL\"},{\"@type\":\"Organization\",\"@id\":\"https:\\\/\\\/huusvandetaol.nl\\\/nl\\\/#organization\",\"name\":\"Huus van de Taol\",\"url\":\"https:\\\/\\\/huusvandetaol.nl\\\/nl\\\/\",\"logo\":{\"@type\":\"ImageObject\",\"inLanguage\":\"nl-NL\",\"@id\":\"https:\\\/\\\/huusvandetaol.nl\\\/nl\\\/#\\\/schema\\\/logo\\\/image\\\/\",\"url\":\"https:\\\/\\\/huusvandetaol.nl\\\/wp-content\\\/uploads\\\/downloads\\\/logo.png\",\"contentUrl\":\"https:\\\/\\\/huusvandetaol.nl\\\/wp-content\\\/uploads\\\/downloads\\\/logo.png\",\"width\":1146,\"height\":693,\"caption\":\"Huus van de Taol\"},\"image\":{\"@id\":\"https:\\\/\\\/huusvandetaol.nl\\\/nl\\\/#\\\/schema\\\/logo\\\/image\\\/\"},\"sameAs\":[\"https:\\\/\\\/www.facebook.com\\\/huusvandetaol\\\/\",\"https:\\\/\\\/x.com\\\/HuusvandeTaol\",\"https:\\\/\\\/www.instagram.com\\\/huusvandetaol\\\/\"]}]}<\/script>\n<!-- \/ Yoast SEO plugin. -->","yoast_head_json":{"title":"Fier - Ruth Post, Gijsje Gramsma, Atze van der Wijk en Jan Holtman - Huus van de Taol","robots":{"index":"index","follow":"follow","max-snippet":"max-snippet:-1","max-image-preview":"max-image-preview:large","max-video-preview":"max-video-preview:-1"},"canonical":"https:\/\/huusvandetaol.nl\/nl\/product\/fier-ruth-post-gijsje-gramsma-atze-van-der-wijk-en-jan-holtman\/","og_locale":"nl_NL","og_type":"article","og_title":"Fier - Ruth Post, Gijsje Gramsma, Atze van der Wijk en Jan Holtman - Huus van de Taol","og_description":"De serie FIER bestaat uit bundels van Ruth Post uit Groningen, Gijsje Gramsma (Dalen), Atze van der Wijk (Eelde) en Jan Holtman uit Gieten.","og_url":"https:\/\/huusvandetaol.nl\/nl\/product\/fier-ruth-post-gijsje-gramsma-atze-van-der-wijk-en-jan-holtman\/","og_site_name":"Huus van de Taol","article_publisher":"https:\/\/www.facebook.com\/huusvandetaol\/","article_modified_time":"2025-10-23T06:54:01+00:00","og_image":[{"width":2048,"height":2048,"url":"https:\/\/huusvandetaol.nl\/wp-content\/uploads\/2020\/04\/Fier-Huus-van-de-Taol-Het-Drentse-Boek-2-scaled.jpg","type":"image\/jpeg"}],"twitter_card":"summary_large_image","twitter_site":"@HuusvandeTaol","twitter_misc":{"Geschatte leestijd":"2 minuten"},"schema":{"@context":"https:\/\/schema.org","@graph":[{"@type":"WebPage","@id":"https:\/\/huusvandetaol.nl\/nl\/product\/fier-ruth-post-gijsje-gramsma-atze-van-der-wijk-en-jan-holtman\/","url":"https:\/\/huusvandetaol.nl\/nl\/product\/fier-ruth-post-gijsje-gramsma-atze-van-der-wijk-en-jan-holtman\/","name":"Fier - Ruth Post, Gijsje Gramsma, Atze van der Wijk en Jan Holtman - Huus van de Taol","isPartOf":{"@id":"https:\/\/huusvandetaol.nl\/nl\/#website"},"primaryImageOfPage":{"@id":"https:\/\/huusvandetaol.nl\/nl\/product\/fier-ruth-post-gijsje-gramsma-atze-van-der-wijk-en-jan-holtman\/#primaryimage"},"image":{"@id":"https:\/\/huusvandetaol.nl\/nl\/product\/fier-ruth-post-gijsje-gramsma-atze-van-der-wijk-en-jan-holtman\/#primaryimage"},"thumbnailUrl":"https:\/\/huusvandetaol.nl\/wp-content\/uploads\/2020\/04\/Fier-Huus-van-de-Taol-Het-Drentse-Boek-2-scaled.jpg","datePublished":"2020-04-18T08:30:44+00:00","dateModified":"2025-10-23T06:54:01+00:00","breadcrumb":{"@id":"https:\/\/huusvandetaol.nl\/nl\/product\/fier-ruth-post-gijsje-gramsma-atze-van-der-wijk-en-jan-holtman\/#breadcrumb"},"inLanguage":"nl-NL","potentialAction":[{"@type":"ReadAction","target":["https:\/\/huusvandetaol.nl\/nl\/product\/fier-ruth-post-gijsje-gramsma-atze-van-der-wijk-en-jan-holtman\/"]}]},{"@type":"ImageObject","inLanguage":"nl-NL","@id":"https:\/\/huusvandetaol.nl\/nl\/product\/fier-ruth-post-gijsje-gramsma-atze-van-der-wijk-en-jan-holtman\/#primaryimage","url":"https:\/\/huusvandetaol.nl\/wp-content\/uploads\/2020\/04\/Fier-Huus-van-de-Taol-Het-Drentse-Boek-2-scaled.jpg","contentUrl":"https:\/\/huusvandetaol.nl\/wp-content\/uploads\/2020\/04\/Fier-Huus-van-de-Taol-Het-Drentse-Boek-2-scaled.jpg","width":2048,"height":2048,"caption":"Fier Huus van de Taol Het Drentse Boek (2)"},{"@type":"BreadcrumbList","@id":"https:\/\/huusvandetaol.nl\/nl\/product\/fier-ruth-post-gijsje-gramsma-atze-van-der-wijk-en-jan-holtman\/#breadcrumb","itemListElement":[{"@type":"ListItem","position":1,"name":"Thoesblad","item":"https:\/\/huusvandetaol.nl\/nl\/"},{"@type":"ListItem","position":2,"name":"Webshop","item":"https:\/\/huusvandetaol.nl\/nl\/webshop\/"},{"@type":"ListItem","position":3,"name":"Fier &#8211; Ruth Post, Gijsje Gramsma, Atze van der Wijk en Jan Holtman"}]},{"@type":"WebSite","@id":"https:\/\/huusvandetaol.nl\/nl\/#website","url":"https:\/\/huusvandetaol.nl\/nl\/","name":"Huus van de Taol","description":"Wies met Drents","publisher":{"@id":"https:\/\/huusvandetaol.nl\/nl\/#organization"},"potentialAction":[{"@type":"SearchAction","target":{"@type":"EntryPoint","urlTemplate":"https:\/\/huusvandetaol.nl\/nl\/?s={search_term_string}"},"query-input":{"@type":"PropertyValueSpecification","valueRequired":true,"valueName":"search_term_string"}}],"inLanguage":"nl-NL"},{"@type":"Organization","@id":"https:\/\/huusvandetaol.nl\/nl\/#organization","name":"Huus van de Taol","url":"https:\/\/huusvandetaol.nl\/nl\/","logo":{"@type":"ImageObject","inLanguage":"nl-NL","@id":"https:\/\/huusvandetaol.nl\/nl\/#\/schema\/logo\/image\/","url":"https:\/\/huusvandetaol.nl\/wp-content\/uploads\/downloads\/logo.png","contentUrl":"https:\/\/huusvandetaol.nl\/wp-content\/uploads\/downloads\/logo.png","width":1146,"height":693,"caption":"Huus van de Taol"},"image":{"@id":"https:\/\/huusvandetaol.nl\/nl\/#\/schema\/logo\/image\/"},"sameAs":["https:\/\/www.facebook.com\/huusvandetaol\/","https:\/\/x.com\/HuusvandeTaol","https:\/\/www.instagram.com\/huusvandetaol\/"]}]}},"_links":{"self":[{"href":"https:\/\/huusvandetaol.nl\/nl\/wp-json\/wp\/v2\/product\/3045","targetHints":{"allow":["GET"]}}],"collection":[{"href":"https:\/\/huusvandetaol.nl\/nl\/wp-json\/wp\/v2\/product"}],"about":[{"href":"https:\/\/huusvandetaol.nl\/nl\/wp-json\/wp\/v2\/types\/product"}],"wp:featuredmedia":[{"embeddable":true,"href":"https:\/\/huusvandetaol.nl\/nl\/wp-json\/wp\/v2\/media\/4212"}],"wp:attachment":[{"href":"https:\/\/huusvandetaol.nl\/nl\/wp-json\/wp\/v2\/media?parent=3045"}],"wp:term":[{"taxonomy":"product_brand","embeddable":true,"href":"https:\/\/huusvandetaol.nl\/nl\/wp-json\/wp\/v2\/product_brand?post=3045"},{"taxonomy":"product_cat","embeddable":true,"href":"https:\/\/huusvandetaol.nl\/nl\/wp-json\/wp\/v2\/product_cat?post=3045"},{"taxonomy":"product_tag","embeddable":true,"href":"https:\/\/huusvandetaol.nl\/nl\/wp-json\/wp\/v2\/product_tag?post=3045"}],"curies":[{"name":"wp","href":"https:\/\/api.w.org\/{rel}","templated":true}]}}