{"id":3069,"date":"2020-04-19T14:19:03","date_gmt":"2020-04-19T12:19:03","guid":{"rendered":"https:\/\/huusvandetaol.nl\/?post_type=product&#038;p=3069"},"modified":"2026-03-20T17:28:52","modified_gmt":"2026-03-20T16:28:52","slug":"jan-jans-en-de-fiets-jan-germs-en-jans-polling","status":"publish","type":"product","link":"https:\/\/huusvandetaol.nl\/nl\/product\/jan-jans-en-de-fiets-jan-germs-en-jans-polling\/","title":{"rendered":"Jan, Jans en de fiets &#8211; Jan Germs en Jans Polling"},"content":{"rendered":"<div id=\"wrapper\">\n<div id=\"page-content-wrapper\">\n<div class=\"container-fluid\">\n<div class=\"row\">\n<div class=\"col-lg-12 col-xlg-10 col-xlg-offset-1\">\n<div class=\"MaxWidth ProductTemplate_Standard\">\n<div>\n<div class=\"product-description spacer-s-bottom\">L\u00f6s van mekaar besluut twee meer as volwassen kirrels, um een fietstocht van meerdere weken te maken. Hielemaol all\u00e9n, dat ok nog. Zulden ze allebei een steekie l\u00f6s hebben?<br \/>\nOf zit de bejaorde leeftied heur zo dicht op de nak dat der toch ies wat daon worden mot wat de mieste leeftiedgenoten niet meer doen zult? Zeg het maor ies. Het feit blef dat Jans Polling en Jan Germs allebei op de fiets stapt bint veur een langere reis.En beide fietsers hebt &#8211; al weer l\u00f6s van mekaar &#8211; heur fietservaringen an &#8217;t papier toevertrouwd en die bent nou te lezen in Jan, Jans en de fiets.<\/div>\n<\/div>\n<\/div>\n<\/div>\n<\/div>\n<\/div>\n<\/div>\n<\/div>\n","protected":false},"excerpt":{"rendered":"<p>Jans Polling en Jan Germs bint allebei &#8211; maor l\u00f6s van mekaar &#8211; op de fiets stapt veur een langere reis en hebt heur fietservaringen an &#8217;t papier toevertrouwd<\/p>\n","protected":false},"featured_media":3121,"template":"","meta":{"_acf_changed":false},"product_brand":[],"product_cat":[26,203],"product_tag":[451,211,450,268,340,452],"class_list":{"0":"post-3069","1":"product","2":"type-product","3":"status-publish","4":"has-post-thumbnail","6":"product_cat-boeken","7":"product_cat-korte-verhalen","8":"product_tag-buitenland","9":"product_tag-drents","10":"product_tag-fietsen","11":"product_tag-germs","12":"product_tag-polling","13":"product_tag-reiservaringen","15":"first","16":"instock","17":"taxable","18":"shipping-taxable","19":"purchasable","20":"product-type-simple"},"acf":[],"yoast_head":"<!-- This site is optimized with the Yoast SEO plugin v27.3 - https:\/\/yoast.com\/product\/yoast-seo-wordpress\/ -->\n<title>Jan, Jans en de fiets - Jan Germs en Jans Polling - Huus van de Taol<\/title>\n<meta name=\"robots\" content=\"index, follow, max-snippet:-1, max-image-preview:large, max-video-preview:-1\" \/>\n<link rel=\"canonical\" href=\"https:\/\/huusvandetaol.nl\/nl\/product\/jan-jans-en-de-fiets-jan-germs-en-jans-polling\/\" \/>\n<meta property=\"og:locale\" content=\"nl_NL\" \/>\n<meta property=\"og:type\" content=\"article\" \/>\n<meta property=\"og:title\" content=\"Jan, Jans en de fiets - Jan Germs en Jans Polling - Huus van de Taol\" \/>\n<meta property=\"og:description\" content=\"Jans Polling en Jan Germs bint allebei - maor l\u00f6s van mekaar - op de fiets stapt veur een langere reis en hebt heur fietservaringen an &#039;t papier toevertrouwd\" \/>\n<meta property=\"og:url\" content=\"https:\/\/huusvandetaol.nl\/nl\/product\/jan-jans-en-de-fiets-jan-germs-en-jans-polling\/\" \/>\n<meta property=\"og:site_name\" content=\"Huus van de Taol\" \/>\n<meta property=\"article:publisher\" content=\"https:\/\/www.facebook.com\/huusvandetaol\/\" \/>\n<meta property=\"article:modified_time\" content=\"2026-03-20T16:28:52+00:00\" \/>\n<meta property=\"og:image\" content=\"https:\/\/huusvandetaol.nl\/wp-content\/uploads\/2020\/04\/Jan-Jans-en-de-fiets-Jan-Germs-Jans-Polling-Huus-van-de-Taol-Het-Drentse-Boek-2.jpg\" \/>\n\t<meta property=\"og:image:width\" content=\"1000\" \/>\n\t<meta property=\"og:image:height\" content=\"1000\" \/>\n\t<meta property=\"og:image:type\" content=\"image\/jpeg\" \/>\n<meta name=\"twitter:card\" content=\"summary_large_image\" \/>\n<meta name=\"twitter:site\" content=\"@HuusvandeTaol\" \/>\n<meta name=\"twitter:label1\" content=\"Geschatte leestijd\" \/>\n\t<meta name=\"twitter:data1\" content=\"1 minuut\" \/>\n<script type=\"application\/ld+json\" class=\"yoast-schema-graph\">{\"@context\":\"https:\\\/\\\/schema.org\",\"@graph\":[{\"@type\":\"WebPage\",\"@id\":\"https:\\\/\\\/huusvandetaol.nl\\\/nl\\\/product\\\/jan-jans-en-de-fiets-jan-germs-en-jans-polling\\\/\",\"url\":\"https:\\\/\\\/huusvandetaol.nl\\\/nl\\\/product\\\/jan-jans-en-de-fiets-jan-germs-en-jans-polling\\\/\",\"name\":\"Jan, Jans en de fiets - Jan Germs en Jans Polling - Huus van de Taol\",\"isPartOf\":{\"@id\":\"https:\\\/\\\/huusvandetaol.nl\\\/nl\\\/#website\"},\"primaryImageOfPage\":{\"@id\":\"https:\\\/\\\/huusvandetaol.nl\\\/nl\\\/product\\\/jan-jans-en-de-fiets-jan-germs-en-jans-polling\\\/#primaryimage\"},\"image\":{\"@id\":\"https:\\\/\\\/huusvandetaol.nl\\\/nl\\\/product\\\/jan-jans-en-de-fiets-jan-germs-en-jans-polling\\\/#primaryimage\"},\"thumbnailUrl\":\"https:\\\/\\\/huusvandetaol.nl\\\/wp-content\\\/uploads\\\/2020\\\/04\\\/Jan-Jans-en-de-fiets-Jan-Germs-Jans-Polling-Huus-van-de-Taol-Het-Drentse-Boek-2.jpg\",\"datePublished\":\"2020-04-19T12:19:03+00:00\",\"dateModified\":\"2026-03-20T16:28:52+00:00\",\"breadcrumb\":{\"@id\":\"https:\\\/\\\/huusvandetaol.nl\\\/nl\\\/product\\\/jan-jans-en-de-fiets-jan-germs-en-jans-polling\\\/#breadcrumb\"},\"inLanguage\":\"nl-NL\",\"potentialAction\":[{\"@type\":\"ReadAction\",\"target\":[\"https:\\\/\\\/huusvandetaol.nl\\\/nl\\\/product\\\/jan-jans-en-de-fiets-jan-germs-en-jans-polling\\\/\"]}]},{\"@type\":\"ImageObject\",\"inLanguage\":\"nl-NL\",\"@id\":\"https:\\\/\\\/huusvandetaol.nl\\\/nl\\\/product\\\/jan-jans-en-de-fiets-jan-germs-en-jans-polling\\\/#primaryimage\",\"url\":\"https:\\\/\\\/huusvandetaol.nl\\\/wp-content\\\/uploads\\\/2020\\\/04\\\/Jan-Jans-en-de-fiets-Jan-Germs-Jans-Polling-Huus-van-de-Taol-Het-Drentse-Boek-2.jpg\",\"contentUrl\":\"https:\\\/\\\/huusvandetaol.nl\\\/wp-content\\\/uploads\\\/2020\\\/04\\\/Jan-Jans-en-de-fiets-Jan-Germs-Jans-Polling-Huus-van-de-Taol-Het-Drentse-Boek-2.jpg\",\"width\":1000,\"height\":1000,\"caption\":\"Jan, Jans en de fiets Jan Germs Jans Polling Huus van de Taol Het Drentse Boek (2)\"},{\"@type\":\"BreadcrumbList\",\"@id\":\"https:\\\/\\\/huusvandetaol.nl\\\/nl\\\/product\\\/jan-jans-en-de-fiets-jan-germs-en-jans-polling\\\/#breadcrumb\",\"itemListElement\":[{\"@type\":\"ListItem\",\"position\":1,\"name\":\"Thoesblad\",\"item\":\"https:\\\/\\\/huusvandetaol.nl\\\/nl\\\/\"},{\"@type\":\"ListItem\",\"position\":2,\"name\":\"Webshop\",\"item\":\"https:\\\/\\\/huusvandetaol.nl\\\/nl\\\/webshop\\\/\"},{\"@type\":\"ListItem\",\"position\":3,\"name\":\"Jan, Jans en de fiets &#8211; Jan Germs en Jans Polling\"}]},{\"@type\":\"WebSite\",\"@id\":\"https:\\\/\\\/huusvandetaol.nl\\\/nl\\\/#website\",\"url\":\"https:\\\/\\\/huusvandetaol.nl\\\/nl\\\/\",\"name\":\"Huus van de Taol\",\"description\":\"Wies met Drents\",\"publisher\":{\"@id\":\"https:\\\/\\\/huusvandetaol.nl\\\/nl\\\/#organization\"},\"potentialAction\":[{\"@type\":\"SearchAction\",\"target\":{\"@type\":\"EntryPoint\",\"urlTemplate\":\"https:\\\/\\\/huusvandetaol.nl\\\/nl\\\/?s={search_term_string}\"},\"query-input\":{\"@type\":\"PropertyValueSpecification\",\"valueRequired\":true,\"valueName\":\"search_term_string\"}}],\"inLanguage\":\"nl-NL\"},{\"@type\":\"Organization\",\"@id\":\"https:\\\/\\\/huusvandetaol.nl\\\/nl\\\/#organization\",\"name\":\"Huus van de Taol\",\"url\":\"https:\\\/\\\/huusvandetaol.nl\\\/nl\\\/\",\"logo\":{\"@type\":\"ImageObject\",\"inLanguage\":\"nl-NL\",\"@id\":\"https:\\\/\\\/huusvandetaol.nl\\\/nl\\\/#\\\/schema\\\/logo\\\/image\\\/\",\"url\":\"https:\\\/\\\/huusvandetaol.nl\\\/wp-content\\\/uploads\\\/downloads\\\/logo.png\",\"contentUrl\":\"https:\\\/\\\/huusvandetaol.nl\\\/wp-content\\\/uploads\\\/downloads\\\/logo.png\",\"width\":1146,\"height\":693,\"caption\":\"Huus van de Taol\"},\"image\":{\"@id\":\"https:\\\/\\\/huusvandetaol.nl\\\/nl\\\/#\\\/schema\\\/logo\\\/image\\\/\"},\"sameAs\":[\"https:\\\/\\\/www.facebook.com\\\/huusvandetaol\\\/\",\"https:\\\/\\\/x.com\\\/HuusvandeTaol\",\"https:\\\/\\\/www.instagram.com\\\/huusvandetaol\\\/\"]}]}<\/script>\n<!-- \/ Yoast SEO plugin. -->","yoast_head_json":{"title":"Jan, Jans en de fiets - Jan Germs en Jans Polling - Huus van de Taol","robots":{"index":"index","follow":"follow","max-snippet":"max-snippet:-1","max-image-preview":"max-image-preview:large","max-video-preview":"max-video-preview:-1"},"canonical":"https:\/\/huusvandetaol.nl\/nl\/product\/jan-jans-en-de-fiets-jan-germs-en-jans-polling\/","og_locale":"nl_NL","og_type":"article","og_title":"Jan, Jans en de fiets - Jan Germs en Jans Polling - Huus van de Taol","og_description":"Jans Polling en Jan Germs bint allebei - maor l\u00f6s van mekaar - op de fiets stapt veur een langere reis en hebt heur fietservaringen an 't papier toevertrouwd","og_url":"https:\/\/huusvandetaol.nl\/nl\/product\/jan-jans-en-de-fiets-jan-germs-en-jans-polling\/","og_site_name":"Huus van de Taol","article_publisher":"https:\/\/www.facebook.com\/huusvandetaol\/","article_modified_time":"2026-03-20T16:28:52+00:00","og_image":[{"width":1000,"height":1000,"url":"https:\/\/huusvandetaol.nl\/wp-content\/uploads\/2020\/04\/Jan-Jans-en-de-fiets-Jan-Germs-Jans-Polling-Huus-van-de-Taol-Het-Drentse-Boek-2.jpg","type":"image\/jpeg"}],"twitter_card":"summary_large_image","twitter_site":"@HuusvandeTaol","twitter_misc":{"Geschatte leestijd":"1 minuut"},"schema":{"@context":"https:\/\/schema.org","@graph":[{"@type":"WebPage","@id":"https:\/\/huusvandetaol.nl\/nl\/product\/jan-jans-en-de-fiets-jan-germs-en-jans-polling\/","url":"https:\/\/huusvandetaol.nl\/nl\/product\/jan-jans-en-de-fiets-jan-germs-en-jans-polling\/","name":"Jan, Jans en de fiets - Jan Germs en Jans Polling - Huus van de Taol","isPartOf":{"@id":"https:\/\/huusvandetaol.nl\/nl\/#website"},"primaryImageOfPage":{"@id":"https:\/\/huusvandetaol.nl\/nl\/product\/jan-jans-en-de-fiets-jan-germs-en-jans-polling\/#primaryimage"},"image":{"@id":"https:\/\/huusvandetaol.nl\/nl\/product\/jan-jans-en-de-fiets-jan-germs-en-jans-polling\/#primaryimage"},"thumbnailUrl":"https:\/\/huusvandetaol.nl\/wp-content\/uploads\/2020\/04\/Jan-Jans-en-de-fiets-Jan-Germs-Jans-Polling-Huus-van-de-Taol-Het-Drentse-Boek-2.jpg","datePublished":"2020-04-19T12:19:03+00:00","dateModified":"2026-03-20T16:28:52+00:00","breadcrumb":{"@id":"https:\/\/huusvandetaol.nl\/nl\/product\/jan-jans-en-de-fiets-jan-germs-en-jans-polling\/#breadcrumb"},"inLanguage":"nl-NL","potentialAction":[{"@type":"ReadAction","target":["https:\/\/huusvandetaol.nl\/nl\/product\/jan-jans-en-de-fiets-jan-germs-en-jans-polling\/"]}]},{"@type":"ImageObject","inLanguage":"nl-NL","@id":"https:\/\/huusvandetaol.nl\/nl\/product\/jan-jans-en-de-fiets-jan-germs-en-jans-polling\/#primaryimage","url":"https:\/\/huusvandetaol.nl\/wp-content\/uploads\/2020\/04\/Jan-Jans-en-de-fiets-Jan-Germs-Jans-Polling-Huus-van-de-Taol-Het-Drentse-Boek-2.jpg","contentUrl":"https:\/\/huusvandetaol.nl\/wp-content\/uploads\/2020\/04\/Jan-Jans-en-de-fiets-Jan-Germs-Jans-Polling-Huus-van-de-Taol-Het-Drentse-Boek-2.jpg","width":1000,"height":1000,"caption":"Jan, Jans en de fiets Jan Germs Jans Polling Huus van de Taol Het Drentse Boek (2)"},{"@type":"BreadcrumbList","@id":"https:\/\/huusvandetaol.nl\/nl\/product\/jan-jans-en-de-fiets-jan-germs-en-jans-polling\/#breadcrumb","itemListElement":[{"@type":"ListItem","position":1,"name":"Thoesblad","item":"https:\/\/huusvandetaol.nl\/nl\/"},{"@type":"ListItem","position":2,"name":"Webshop","item":"https:\/\/huusvandetaol.nl\/nl\/webshop\/"},{"@type":"ListItem","position":3,"name":"Jan, Jans en de fiets &#8211; Jan Germs en Jans Polling"}]},{"@type":"WebSite","@id":"https:\/\/huusvandetaol.nl\/nl\/#website","url":"https:\/\/huusvandetaol.nl\/nl\/","name":"Huus van de Taol","description":"Wies met Drents","publisher":{"@id":"https:\/\/huusvandetaol.nl\/nl\/#organization"},"potentialAction":[{"@type":"SearchAction","target":{"@type":"EntryPoint","urlTemplate":"https:\/\/huusvandetaol.nl\/nl\/?s={search_term_string}"},"query-input":{"@type":"PropertyValueSpecification","valueRequired":true,"valueName":"search_term_string"}}],"inLanguage":"nl-NL"},{"@type":"Organization","@id":"https:\/\/huusvandetaol.nl\/nl\/#organization","name":"Huus van de Taol","url":"https:\/\/huusvandetaol.nl\/nl\/","logo":{"@type":"ImageObject","inLanguage":"nl-NL","@id":"https:\/\/huusvandetaol.nl\/nl\/#\/schema\/logo\/image\/","url":"https:\/\/huusvandetaol.nl\/wp-content\/uploads\/downloads\/logo.png","contentUrl":"https:\/\/huusvandetaol.nl\/wp-content\/uploads\/downloads\/logo.png","width":1146,"height":693,"caption":"Huus van de Taol"},"image":{"@id":"https:\/\/huusvandetaol.nl\/nl\/#\/schema\/logo\/image\/"},"sameAs":["https:\/\/www.facebook.com\/huusvandetaol\/","https:\/\/x.com\/HuusvandeTaol","https:\/\/www.instagram.com\/huusvandetaol\/"]}]}},"_links":{"self":[{"href":"https:\/\/huusvandetaol.nl\/nl\/wp-json\/wp\/v2\/product\/3069","targetHints":{"allow":["GET"]}}],"collection":[{"href":"https:\/\/huusvandetaol.nl\/nl\/wp-json\/wp\/v2\/product"}],"about":[{"href":"https:\/\/huusvandetaol.nl\/nl\/wp-json\/wp\/v2\/types\/product"}],"wp:featuredmedia":[{"embeddable":true,"href":"https:\/\/huusvandetaol.nl\/nl\/wp-json\/wp\/v2\/media\/3121"}],"wp:attachment":[{"href":"https:\/\/huusvandetaol.nl\/nl\/wp-json\/wp\/v2\/media?parent=3069"}],"wp:term":[{"taxonomy":"product_brand","embeddable":true,"href":"https:\/\/huusvandetaol.nl\/nl\/wp-json\/wp\/v2\/product_brand?post=3069"},{"taxonomy":"product_cat","embeddable":true,"href":"https:\/\/huusvandetaol.nl\/nl\/wp-json\/wp\/v2\/product_cat?post=3069"},{"taxonomy":"product_tag","embeddable":true,"href":"https:\/\/huusvandetaol.nl\/nl\/wp-json\/wp\/v2\/product_tag?post=3069"}],"curies":[{"name":"wp","href":"https:\/\/api.w.org\/{rel}","templated":true}]}}