{"id":3082,"date":"2020-04-19T15:32:56","date_gmt":"2020-04-19T13:32:56","guid":{"rendered":"https:\/\/huusvandetaol.nl\/?post_type=product&#038;p=3082"},"modified":"2025-11-13T14:43:29","modified_gmt":"2025-11-13T13:43:29","slug":"lokroup-van-een-fladdervlinder-anneke-mensen-siegers","status":"publish","type":"product","link":"https:\/\/huusvandetaol.nl\/nl\/product\/lokroup-van-een-fladdervlinder-anneke-mensen-siegers\/","title":{"rendered":"Lokroup van een fladdervlinder &#8211; Anneke Mensen-Siegers"},"content":{"rendered":"<div id=\"wrapper\">\n<div id=\"page-content-wrapper\">\n<div class=\"container-fluid\">\n<div class=\"row\">\n<div class=\"col-lg-12 col-xlg-10 col-xlg-offset-1\">\n<div class=\"MaxWidth ProductTemplate_Standard\">\n<div class=\"product-description spacer-s-bottom\">Op 28 feberwaori 2014 is bai Het Drentse Boek een naaie bundel oetkomen van Anneke Mensen-Siegers oet Paais. &#8216;Lokroup van een Fladdervlinder&#8217; is een verzaomeling gedichten en praotverzen die veul minsken anspreken zal: tougankelijke gedichten waor bai naoder inzein vaok van alles an te beleven is.<\/div>\n<div class=\"product-description spacer-s-bottom\">\n<p>Anneke Mensen had al van jongs of an veul belangstelling veur taol. Taol moet tougankelk wezen, vindt ze, all\u00e9n dan kuj een breid publiek bereiken. Dat publiek hef ze op verschillende maotschappelijke terreinen vonden. Naost de schrieverij was ze actief as ambtenaor van de burgerlijke stand en laaidde rouwdeinsten, vaok ok in de streektaol. Daorbai kuj, volgens de schriefster, dicht bai de minsken kommen. En heur schrieverij brocht heur in het huile noorden as ze oet heur waark veurlas.Heur gedichten in het Noord-Drents verschienen al jaoren in Maandewark\/Oeze Volk, Drents Letterkundig Tiedschrift Roet en in het Grunninger Toal en Taiken. Zij is schriever op de gr\u00e8ens van het Dr\u00e8ents en het Grunnegs, zoas ze z\u00f6lf zeg.<\/p>\n<\/div>\n<\/div>\n<\/div>\n<\/div>\n<\/div>\n<\/div>\n<\/div>\n","protected":false},"excerpt":{"rendered":"<p>&#8216;Lokroup van een Fladdervlinder&#8217; is een verzaomeling gedichten en praotverzen die veul minsken anspreken zal: tougankelijke gedichten waor bai naoder inzein vaok van alles an te beleven is.<\/p>\n","protected":false},"featured_media":3105,"template":"","meta":{"_acf_changed":false},"product_brand":[],"product_cat":[26,199],"product_tag":[476,211,227,477,229],"class_list":{"0":"post-3082","1":"product","2":"type-product","3":"status-publish","4":"has-post-thumbnail","6":"product_cat-boeken","7":"product_cat-poezie","8":"product_tag-anneke-mensen-siegers","9":"product_tag-drents","10":"product_tag-gedichten","11":"product_tag-noord-drents","12":"product_tag-poezie","14":"first","15":"instock","16":"sale","17":"taxable","18":"shipping-taxable","19":"purchasable","20":"product-type-simple"},"acf":[],"yoast_head":"<!-- This site is optimized with the Yoast SEO plugin v27.3 - https:\/\/yoast.com\/product\/yoast-seo-wordpress\/ -->\n<title>Lokroup van een fladdervlinder - Anneke Mensen-Siegers - Huus van de Taol<\/title>\n<meta name=\"robots\" content=\"index, follow, max-snippet:-1, max-image-preview:large, max-video-preview:-1\" \/>\n<link rel=\"canonical\" href=\"https:\/\/huusvandetaol.nl\/nl\/product\/lokroup-van-een-fladdervlinder-anneke-mensen-siegers\/\" \/>\n<meta property=\"og:locale\" content=\"nl_NL\" \/>\n<meta property=\"og:type\" content=\"article\" \/>\n<meta property=\"og:title\" content=\"Lokroup van een fladdervlinder - Anneke Mensen-Siegers - Huus van de Taol\" \/>\n<meta property=\"og:description\" content=\"&#039;Lokroup van een Fladdervlinder&#039; is een verzaomeling gedichten en praotverzen die veul minsken anspreken zal: tougankelijke gedichten waor bai naoder inzein vaok van alles an te beleven is.\" \/>\n<meta property=\"og:url\" content=\"https:\/\/huusvandetaol.nl\/nl\/product\/lokroup-van-een-fladdervlinder-anneke-mensen-siegers\/\" \/>\n<meta property=\"og:site_name\" content=\"Huus van de Taol\" \/>\n<meta property=\"article:publisher\" content=\"https:\/\/www.facebook.com\/huusvandetaol\/\" \/>\n<meta property=\"article:modified_time\" content=\"2025-11-13T13:43:29+00:00\" \/>\n<meta property=\"og:image\" content=\"https:\/\/huusvandetaol.nl\/wp-content\/uploads\/2020\/04\/Lokroup-van-een-fladdervlinder-Anneke-Mensen-Siegers-Huus-van-de-Taol-Het-Drentse-Boek-2.jpg\" \/>\n\t<meta property=\"og:image:width\" content=\"1000\" \/>\n\t<meta property=\"og:image:height\" content=\"1000\" \/>\n\t<meta property=\"og:image:type\" content=\"image\/jpeg\" \/>\n<meta name=\"twitter:card\" content=\"summary_large_image\" \/>\n<meta name=\"twitter:site\" content=\"@HuusvandeTaol\" \/>\n<meta name=\"twitter:label1\" content=\"Geschatte leestijd\" \/>\n\t<meta name=\"twitter:data1\" content=\"2 minuten\" \/>\n<script type=\"application\/ld+json\" class=\"yoast-schema-graph\">{\"@context\":\"https:\\\/\\\/schema.org\",\"@graph\":[{\"@type\":\"WebPage\",\"@id\":\"https:\\\/\\\/huusvandetaol.nl\\\/nl\\\/product\\\/lokroup-van-een-fladdervlinder-anneke-mensen-siegers\\\/\",\"url\":\"https:\\\/\\\/huusvandetaol.nl\\\/nl\\\/product\\\/lokroup-van-een-fladdervlinder-anneke-mensen-siegers\\\/\",\"name\":\"Lokroup van een fladdervlinder - Anneke Mensen-Siegers - Huus van de Taol\",\"isPartOf\":{\"@id\":\"https:\\\/\\\/huusvandetaol.nl\\\/nl\\\/#website\"},\"primaryImageOfPage\":{\"@id\":\"https:\\\/\\\/huusvandetaol.nl\\\/nl\\\/product\\\/lokroup-van-een-fladdervlinder-anneke-mensen-siegers\\\/#primaryimage\"},\"image\":{\"@id\":\"https:\\\/\\\/huusvandetaol.nl\\\/nl\\\/product\\\/lokroup-van-een-fladdervlinder-anneke-mensen-siegers\\\/#primaryimage\"},\"thumbnailUrl\":\"https:\\\/\\\/huusvandetaol.nl\\\/wp-content\\\/uploads\\\/2020\\\/04\\\/Lokroup-van-een-fladdervlinder-Anneke-Mensen-Siegers-Huus-van-de-Taol-Het-Drentse-Boek-2.jpg\",\"datePublished\":\"2020-04-19T13:32:56+00:00\",\"dateModified\":\"2025-11-13T13:43:29+00:00\",\"breadcrumb\":{\"@id\":\"https:\\\/\\\/huusvandetaol.nl\\\/nl\\\/product\\\/lokroup-van-een-fladdervlinder-anneke-mensen-siegers\\\/#breadcrumb\"},\"inLanguage\":\"nl-NL\",\"potentialAction\":[{\"@type\":\"ReadAction\",\"target\":[\"https:\\\/\\\/huusvandetaol.nl\\\/nl\\\/product\\\/lokroup-van-een-fladdervlinder-anneke-mensen-siegers\\\/\"]}]},{\"@type\":\"ImageObject\",\"inLanguage\":\"nl-NL\",\"@id\":\"https:\\\/\\\/huusvandetaol.nl\\\/nl\\\/product\\\/lokroup-van-een-fladdervlinder-anneke-mensen-siegers\\\/#primaryimage\",\"url\":\"https:\\\/\\\/huusvandetaol.nl\\\/wp-content\\\/uploads\\\/2020\\\/04\\\/Lokroup-van-een-fladdervlinder-Anneke-Mensen-Siegers-Huus-van-de-Taol-Het-Drentse-Boek-2.jpg\",\"contentUrl\":\"https:\\\/\\\/huusvandetaol.nl\\\/wp-content\\\/uploads\\\/2020\\\/04\\\/Lokroup-van-een-fladdervlinder-Anneke-Mensen-Siegers-Huus-van-de-Taol-Het-Drentse-Boek-2.jpg\",\"width\":1000,\"height\":1000,\"caption\":\"Lokroup van een fladdervlinder - Anneke Mensen-Siegers - Huus van de Taol - Het Drentse Boek (2)\"},{\"@type\":\"BreadcrumbList\",\"@id\":\"https:\\\/\\\/huusvandetaol.nl\\\/nl\\\/product\\\/lokroup-van-een-fladdervlinder-anneke-mensen-siegers\\\/#breadcrumb\",\"itemListElement\":[{\"@type\":\"ListItem\",\"position\":1,\"name\":\"Thoesblad\",\"item\":\"https:\\\/\\\/huusvandetaol.nl\\\/nl\\\/\"},{\"@type\":\"ListItem\",\"position\":2,\"name\":\"Webshop\",\"item\":\"https:\\\/\\\/huusvandetaol.nl\\\/nl\\\/webshop\\\/\"},{\"@type\":\"ListItem\",\"position\":3,\"name\":\"Lokroup van een fladdervlinder &#8211; Anneke Mensen-Siegers\"}]},{\"@type\":\"WebSite\",\"@id\":\"https:\\\/\\\/huusvandetaol.nl\\\/nl\\\/#website\",\"url\":\"https:\\\/\\\/huusvandetaol.nl\\\/nl\\\/\",\"name\":\"Huus van de Taol\",\"description\":\"Wies met Drents\",\"publisher\":{\"@id\":\"https:\\\/\\\/huusvandetaol.nl\\\/nl\\\/#organization\"},\"potentialAction\":[{\"@type\":\"SearchAction\",\"target\":{\"@type\":\"EntryPoint\",\"urlTemplate\":\"https:\\\/\\\/huusvandetaol.nl\\\/nl\\\/?s={search_term_string}\"},\"query-input\":{\"@type\":\"PropertyValueSpecification\",\"valueRequired\":true,\"valueName\":\"search_term_string\"}}],\"inLanguage\":\"nl-NL\"},{\"@type\":\"Organization\",\"@id\":\"https:\\\/\\\/huusvandetaol.nl\\\/nl\\\/#organization\",\"name\":\"Huus van de Taol\",\"url\":\"https:\\\/\\\/huusvandetaol.nl\\\/nl\\\/\",\"logo\":{\"@type\":\"ImageObject\",\"inLanguage\":\"nl-NL\",\"@id\":\"https:\\\/\\\/huusvandetaol.nl\\\/nl\\\/#\\\/schema\\\/logo\\\/image\\\/\",\"url\":\"https:\\\/\\\/huusvandetaol.nl\\\/wp-content\\\/uploads\\\/downloads\\\/logo.png\",\"contentUrl\":\"https:\\\/\\\/huusvandetaol.nl\\\/wp-content\\\/uploads\\\/downloads\\\/logo.png\",\"width\":1146,\"height\":693,\"caption\":\"Huus van de Taol\"},\"image\":{\"@id\":\"https:\\\/\\\/huusvandetaol.nl\\\/nl\\\/#\\\/schema\\\/logo\\\/image\\\/\"},\"sameAs\":[\"https:\\\/\\\/www.facebook.com\\\/huusvandetaol\\\/\",\"https:\\\/\\\/x.com\\\/HuusvandeTaol\",\"https:\\\/\\\/www.instagram.com\\\/huusvandetaol\\\/\"]}]}<\/script>\n<!-- \/ Yoast SEO plugin. -->","yoast_head_json":{"title":"Lokroup van een fladdervlinder - Anneke Mensen-Siegers - Huus van de Taol","robots":{"index":"index","follow":"follow","max-snippet":"max-snippet:-1","max-image-preview":"max-image-preview:large","max-video-preview":"max-video-preview:-1"},"canonical":"https:\/\/huusvandetaol.nl\/nl\/product\/lokroup-van-een-fladdervlinder-anneke-mensen-siegers\/","og_locale":"nl_NL","og_type":"article","og_title":"Lokroup van een fladdervlinder - Anneke Mensen-Siegers - Huus van de Taol","og_description":"'Lokroup van een Fladdervlinder' is een verzaomeling gedichten en praotverzen die veul minsken anspreken zal: tougankelijke gedichten waor bai naoder inzein vaok van alles an te beleven is.","og_url":"https:\/\/huusvandetaol.nl\/nl\/product\/lokroup-van-een-fladdervlinder-anneke-mensen-siegers\/","og_site_name":"Huus van de Taol","article_publisher":"https:\/\/www.facebook.com\/huusvandetaol\/","article_modified_time":"2025-11-13T13:43:29+00:00","og_image":[{"width":1000,"height":1000,"url":"https:\/\/huusvandetaol.nl\/wp-content\/uploads\/2020\/04\/Lokroup-van-een-fladdervlinder-Anneke-Mensen-Siegers-Huus-van-de-Taol-Het-Drentse-Boek-2.jpg","type":"image\/jpeg"}],"twitter_card":"summary_large_image","twitter_site":"@HuusvandeTaol","twitter_misc":{"Geschatte leestijd":"2 minuten"},"schema":{"@context":"https:\/\/schema.org","@graph":[{"@type":"WebPage","@id":"https:\/\/huusvandetaol.nl\/nl\/product\/lokroup-van-een-fladdervlinder-anneke-mensen-siegers\/","url":"https:\/\/huusvandetaol.nl\/nl\/product\/lokroup-van-een-fladdervlinder-anneke-mensen-siegers\/","name":"Lokroup van een fladdervlinder - Anneke Mensen-Siegers - Huus van de Taol","isPartOf":{"@id":"https:\/\/huusvandetaol.nl\/nl\/#website"},"primaryImageOfPage":{"@id":"https:\/\/huusvandetaol.nl\/nl\/product\/lokroup-van-een-fladdervlinder-anneke-mensen-siegers\/#primaryimage"},"image":{"@id":"https:\/\/huusvandetaol.nl\/nl\/product\/lokroup-van-een-fladdervlinder-anneke-mensen-siegers\/#primaryimage"},"thumbnailUrl":"https:\/\/huusvandetaol.nl\/wp-content\/uploads\/2020\/04\/Lokroup-van-een-fladdervlinder-Anneke-Mensen-Siegers-Huus-van-de-Taol-Het-Drentse-Boek-2.jpg","datePublished":"2020-04-19T13:32:56+00:00","dateModified":"2025-11-13T13:43:29+00:00","breadcrumb":{"@id":"https:\/\/huusvandetaol.nl\/nl\/product\/lokroup-van-een-fladdervlinder-anneke-mensen-siegers\/#breadcrumb"},"inLanguage":"nl-NL","potentialAction":[{"@type":"ReadAction","target":["https:\/\/huusvandetaol.nl\/nl\/product\/lokroup-van-een-fladdervlinder-anneke-mensen-siegers\/"]}]},{"@type":"ImageObject","inLanguage":"nl-NL","@id":"https:\/\/huusvandetaol.nl\/nl\/product\/lokroup-van-een-fladdervlinder-anneke-mensen-siegers\/#primaryimage","url":"https:\/\/huusvandetaol.nl\/wp-content\/uploads\/2020\/04\/Lokroup-van-een-fladdervlinder-Anneke-Mensen-Siegers-Huus-van-de-Taol-Het-Drentse-Boek-2.jpg","contentUrl":"https:\/\/huusvandetaol.nl\/wp-content\/uploads\/2020\/04\/Lokroup-van-een-fladdervlinder-Anneke-Mensen-Siegers-Huus-van-de-Taol-Het-Drentse-Boek-2.jpg","width":1000,"height":1000,"caption":"Lokroup van een fladdervlinder - Anneke Mensen-Siegers - Huus van de Taol - Het Drentse Boek (2)"},{"@type":"BreadcrumbList","@id":"https:\/\/huusvandetaol.nl\/nl\/product\/lokroup-van-een-fladdervlinder-anneke-mensen-siegers\/#breadcrumb","itemListElement":[{"@type":"ListItem","position":1,"name":"Thoesblad","item":"https:\/\/huusvandetaol.nl\/nl\/"},{"@type":"ListItem","position":2,"name":"Webshop","item":"https:\/\/huusvandetaol.nl\/nl\/webshop\/"},{"@type":"ListItem","position":3,"name":"Lokroup van een fladdervlinder &#8211; Anneke Mensen-Siegers"}]},{"@type":"WebSite","@id":"https:\/\/huusvandetaol.nl\/nl\/#website","url":"https:\/\/huusvandetaol.nl\/nl\/","name":"Huus van de Taol","description":"Wies met Drents","publisher":{"@id":"https:\/\/huusvandetaol.nl\/nl\/#organization"},"potentialAction":[{"@type":"SearchAction","target":{"@type":"EntryPoint","urlTemplate":"https:\/\/huusvandetaol.nl\/nl\/?s={search_term_string}"},"query-input":{"@type":"PropertyValueSpecification","valueRequired":true,"valueName":"search_term_string"}}],"inLanguage":"nl-NL"},{"@type":"Organization","@id":"https:\/\/huusvandetaol.nl\/nl\/#organization","name":"Huus van de Taol","url":"https:\/\/huusvandetaol.nl\/nl\/","logo":{"@type":"ImageObject","inLanguage":"nl-NL","@id":"https:\/\/huusvandetaol.nl\/nl\/#\/schema\/logo\/image\/","url":"https:\/\/huusvandetaol.nl\/wp-content\/uploads\/downloads\/logo.png","contentUrl":"https:\/\/huusvandetaol.nl\/wp-content\/uploads\/downloads\/logo.png","width":1146,"height":693,"caption":"Huus van de Taol"},"image":{"@id":"https:\/\/huusvandetaol.nl\/nl\/#\/schema\/logo\/image\/"},"sameAs":["https:\/\/www.facebook.com\/huusvandetaol\/","https:\/\/x.com\/HuusvandeTaol","https:\/\/www.instagram.com\/huusvandetaol\/"]}]}},"_links":{"self":[{"href":"https:\/\/huusvandetaol.nl\/nl\/wp-json\/wp\/v2\/product\/3082","targetHints":{"allow":["GET"]}}],"collection":[{"href":"https:\/\/huusvandetaol.nl\/nl\/wp-json\/wp\/v2\/product"}],"about":[{"href":"https:\/\/huusvandetaol.nl\/nl\/wp-json\/wp\/v2\/types\/product"}],"wp:featuredmedia":[{"embeddable":true,"href":"https:\/\/huusvandetaol.nl\/nl\/wp-json\/wp\/v2\/media\/3105"}],"wp:attachment":[{"href":"https:\/\/huusvandetaol.nl\/nl\/wp-json\/wp\/v2\/media?parent=3082"}],"wp:term":[{"taxonomy":"product_brand","embeddable":true,"href":"https:\/\/huusvandetaol.nl\/nl\/wp-json\/wp\/v2\/product_brand?post=3082"},{"taxonomy":"product_cat","embeddable":true,"href":"https:\/\/huusvandetaol.nl\/nl\/wp-json\/wp\/v2\/product_cat?post=3082"},{"taxonomy":"product_tag","embeddable":true,"href":"https:\/\/huusvandetaol.nl\/nl\/wp-json\/wp\/v2\/product_tag?post=3082"}],"curies":[{"name":"wp","href":"https:\/\/api.w.org\/{rel}","templated":true}]}}