{"id":3413,"date":"2020-04-22T09:09:59","date_gmt":"2020-04-22T07:09:59","guid":{"rendered":"https:\/\/huusvandetaol.nl\/?post_type=product&#038;p=3413"},"modified":"2025-12-15T12:36:21","modified_gmt":"2025-12-15T11:36:21","slug":"het-rolletje-het-rollegie-itie-van-den-berg","status":"publish","type":"product","link":"https:\/\/huusvandetaol.nl\/nl\/product\/het-rolletje-het-rollegie-itie-van-den-berg\/","title":{"rendered":"Het Rolletje \/ Het Rollegie &#8211; Itie van den Berg"},"content":{"rendered":"<div id=\"wrapper\">\n<div id=\"page-content-wrapper\">\n<div class=\"container-fluid\">\n<div class=\"row\">\n<div class=\"col-lg-12 col-xlg-10 col-xlg-offset-1\">\n<div class=\"MaxWidth ProductTemplate_Standard\">\n<div class=\"Product_Photo\">\n<div id=\"b0\"><\/div>\n<\/div>\n<div class=\"product-description spacer-s-bottom\">\n<p>Florian kreg van zien oma een rollegie met veur underweg. Hie et het rollegie niet op. Hie bargt hum op in zien jasbuuts. As e weer op hoes an giet, raokt e aal maol een stukkie kwiet, &#8216;Mmmmm, lekker&#8217;, d\u00e8enkt de kat, de vis, de moes en zie eet de krummelies op. Florian bed\u00e8enkt loze plekkies um zien rollegie op te bargen. Hie d\u00f6t hum in zien tas, zien jasmus, zien beker. Waorum et Florian het rollegie eigenlijk niet op? Is dat rollegie veur zien pap misschien? Nee, dat is het niet. Het rollegie is veur&#8230; Kiek en lees z\u00f6lf maor!<\/p>\n<p>Florian krijgt van oma een rolletje mee voor onderweg. Hij eet het rolletje niet op. Hij bewaart het in zijn jaszak. Onderweg naar huis verliest hij iedere keer een stukje. &#8216;Mmmm, lekker&#8217;, denken de poes, de vis, de muis en zij eten de kruimeltjes op. Florian bedenkt slimme plekjes om zijn rolletje te bewaren. Hij bewaart het in zijn jas, zijn capuchon, zijn beker. Waarom eet Florian het rolletje niet op? Is het rolletje voor papa? Nee, ook niet. Het rolletje is voor &#8230; Kijk en lees maar!<\/p>\n<\/div>\n<\/div>\n<\/div>\n<\/div>\n<\/div>\n<\/div>\n<\/div>\n","protected":false},"excerpt":{"rendered":"<p>Florian kreg van zien oma een rollegie, maor hie et hum niet op. Wat e der wal met wil? &#8216;Het Rollegie \/ Het Rolletje&#8217; is in het Drents \u00e9n in het Nederlands geschreven.<\/p>\n","protected":false},"featured_media":4188,"template":"","meta":{"_acf_changed":false},"product_brand":[],"product_cat":[26,196],"product_tag":[],"class_list":{"0":"post-3413","1":"product","2":"type-product","3":"status-publish","4":"has-post-thumbnail","6":"product_cat-boeken","7":"product_cat-kinderboeken","9":"first","10":"instock","11":"taxable","12":"shipping-taxable","13":"purchasable","14":"product-type-simple"},"acf":[],"yoast_head":"<!-- This site is optimized with the Yoast SEO plugin v27.3 - https:\/\/yoast.com\/product\/yoast-seo-wordpress\/ -->\n<title>Het Rolletje \/ Het Rollegie - Itie van den Berg - Huus van de Taol<\/title>\n<meta name=\"robots\" content=\"index, follow, max-snippet:-1, max-image-preview:large, max-video-preview:-1\" \/>\n<link rel=\"canonical\" href=\"https:\/\/huusvandetaol.nl\/nl\/product\/het-rolletje-het-rollegie-itie-van-den-berg\/\" \/>\n<meta property=\"og:locale\" content=\"nl_NL\" \/>\n<meta property=\"og:type\" content=\"article\" \/>\n<meta property=\"og:title\" content=\"Het Rolletje \/ Het Rollegie - Itie van den Berg - Huus van de Taol\" \/>\n<meta property=\"og:description\" content=\"Florian kreg van zien oma een rollegie, maor hie et hum niet op. Wat e der wal met wil? &#039;Het Rollegie \/ Het Rolletje&#039; is in het Drents \u00e9n in het Nederlands geschreven.\" \/>\n<meta property=\"og:url\" content=\"https:\/\/huusvandetaol.nl\/nl\/product\/het-rolletje-het-rollegie-itie-van-den-berg\/\" \/>\n<meta property=\"og:site_name\" content=\"Huus van de Taol\" \/>\n<meta property=\"article:publisher\" content=\"https:\/\/www.facebook.com\/huusvandetaol\/\" \/>\n<meta property=\"article:modified_time\" content=\"2025-12-15T11:36:21+00:00\" \/>\n<meta property=\"og:image\" content=\"https:\/\/huusvandetaol.nl\/wp-content\/uploads\/2020\/04\/Het-rollegie-het-rolletje-Huus-van-de-Taol-Het-Drentse-Boek-2-scaled.jpg\" \/>\n\t<meta property=\"og:image:width\" content=\"2048\" \/>\n\t<meta property=\"og:image:height\" content=\"2048\" \/>\n\t<meta property=\"og:image:type\" content=\"image\/jpeg\" \/>\n<meta name=\"twitter:card\" content=\"summary_large_image\" \/>\n<meta name=\"twitter:site\" content=\"@HuusvandeTaol\" \/>\n<meta name=\"twitter:label1\" content=\"Geschatte leestijd\" \/>\n\t<meta name=\"twitter:data1\" content=\"2 minuten\" \/>\n<script type=\"application\/ld+json\" class=\"yoast-schema-graph\">{\"@context\":\"https:\\\/\\\/schema.org\",\"@graph\":[{\"@type\":\"WebPage\",\"@id\":\"https:\\\/\\\/huusvandetaol.nl\\\/nl\\\/product\\\/het-rolletje-het-rollegie-itie-van-den-berg\\\/\",\"url\":\"https:\\\/\\\/huusvandetaol.nl\\\/nl\\\/product\\\/het-rolletje-het-rollegie-itie-van-den-berg\\\/\",\"name\":\"Het Rolletje \\\/ Het Rollegie - Itie van den Berg - Huus van de Taol\",\"isPartOf\":{\"@id\":\"https:\\\/\\\/huusvandetaol.nl\\\/nl\\\/#website\"},\"primaryImageOfPage\":{\"@id\":\"https:\\\/\\\/huusvandetaol.nl\\\/nl\\\/product\\\/het-rolletje-het-rollegie-itie-van-den-berg\\\/#primaryimage\"},\"image\":{\"@id\":\"https:\\\/\\\/huusvandetaol.nl\\\/nl\\\/product\\\/het-rolletje-het-rollegie-itie-van-den-berg\\\/#primaryimage\"},\"thumbnailUrl\":\"https:\\\/\\\/huusvandetaol.nl\\\/wp-content\\\/uploads\\\/2020\\\/04\\\/Het-rollegie-het-rolletje-Huus-van-de-Taol-Het-Drentse-Boek-2-scaled.jpg\",\"datePublished\":\"2020-04-22T07:09:59+00:00\",\"dateModified\":\"2025-12-15T11:36:21+00:00\",\"breadcrumb\":{\"@id\":\"https:\\\/\\\/huusvandetaol.nl\\\/nl\\\/product\\\/het-rolletje-het-rollegie-itie-van-den-berg\\\/#breadcrumb\"},\"inLanguage\":\"nl-NL\",\"potentialAction\":[{\"@type\":\"ReadAction\",\"target\":[\"https:\\\/\\\/huusvandetaol.nl\\\/nl\\\/product\\\/het-rolletje-het-rollegie-itie-van-den-berg\\\/\"]}]},{\"@type\":\"ImageObject\",\"inLanguage\":\"nl-NL\",\"@id\":\"https:\\\/\\\/huusvandetaol.nl\\\/nl\\\/product\\\/het-rolletje-het-rollegie-itie-van-den-berg\\\/#primaryimage\",\"url\":\"https:\\\/\\\/huusvandetaol.nl\\\/wp-content\\\/uploads\\\/2020\\\/04\\\/Het-rollegie-het-rolletje-Huus-van-de-Taol-Het-Drentse-Boek-2-scaled.jpg\",\"contentUrl\":\"https:\\\/\\\/huusvandetaol.nl\\\/wp-content\\\/uploads\\\/2020\\\/04\\\/Het-rollegie-het-rolletje-Huus-van-de-Taol-Het-Drentse-Boek-2-scaled.jpg\",\"width\":2048,\"height\":2048,\"caption\":\"Het rollegie het rolletje Huus van de Taol Het Drentse Boek (2)\"},{\"@type\":\"BreadcrumbList\",\"@id\":\"https:\\\/\\\/huusvandetaol.nl\\\/nl\\\/product\\\/het-rolletje-het-rollegie-itie-van-den-berg\\\/#breadcrumb\",\"itemListElement\":[{\"@type\":\"ListItem\",\"position\":1,\"name\":\"Thoesblad\",\"item\":\"https:\\\/\\\/huusvandetaol.nl\\\/nl\\\/\"},{\"@type\":\"ListItem\",\"position\":2,\"name\":\"Webshop\",\"item\":\"https:\\\/\\\/huusvandetaol.nl\\\/nl\\\/webshop\\\/\"},{\"@type\":\"ListItem\",\"position\":3,\"name\":\"Het Rolletje \\\/ Het Rollegie &#8211; Itie van den Berg\"}]},{\"@type\":\"WebSite\",\"@id\":\"https:\\\/\\\/huusvandetaol.nl\\\/nl\\\/#website\",\"url\":\"https:\\\/\\\/huusvandetaol.nl\\\/nl\\\/\",\"name\":\"Huus van de Taol\",\"description\":\"Wies met Drents\",\"publisher\":{\"@id\":\"https:\\\/\\\/huusvandetaol.nl\\\/nl\\\/#organization\"},\"potentialAction\":[{\"@type\":\"SearchAction\",\"target\":{\"@type\":\"EntryPoint\",\"urlTemplate\":\"https:\\\/\\\/huusvandetaol.nl\\\/nl\\\/?s={search_term_string}\"},\"query-input\":{\"@type\":\"PropertyValueSpecification\",\"valueRequired\":true,\"valueName\":\"search_term_string\"}}],\"inLanguage\":\"nl-NL\"},{\"@type\":\"Organization\",\"@id\":\"https:\\\/\\\/huusvandetaol.nl\\\/nl\\\/#organization\",\"name\":\"Huus van de Taol\",\"url\":\"https:\\\/\\\/huusvandetaol.nl\\\/nl\\\/\",\"logo\":{\"@type\":\"ImageObject\",\"inLanguage\":\"nl-NL\",\"@id\":\"https:\\\/\\\/huusvandetaol.nl\\\/nl\\\/#\\\/schema\\\/logo\\\/image\\\/\",\"url\":\"https:\\\/\\\/huusvandetaol.nl\\\/wp-content\\\/uploads\\\/downloads\\\/logo.png\",\"contentUrl\":\"https:\\\/\\\/huusvandetaol.nl\\\/wp-content\\\/uploads\\\/downloads\\\/logo.png\",\"width\":1146,\"height\":693,\"caption\":\"Huus van de Taol\"},\"image\":{\"@id\":\"https:\\\/\\\/huusvandetaol.nl\\\/nl\\\/#\\\/schema\\\/logo\\\/image\\\/\"},\"sameAs\":[\"https:\\\/\\\/www.facebook.com\\\/huusvandetaol\\\/\",\"https:\\\/\\\/x.com\\\/HuusvandeTaol\",\"https:\\\/\\\/www.instagram.com\\\/huusvandetaol\\\/\"]}]}<\/script>\n<!-- \/ Yoast SEO plugin. -->","yoast_head_json":{"title":"Het Rolletje \/ Het Rollegie - Itie van den Berg - Huus van de Taol","robots":{"index":"index","follow":"follow","max-snippet":"max-snippet:-1","max-image-preview":"max-image-preview:large","max-video-preview":"max-video-preview:-1"},"canonical":"https:\/\/huusvandetaol.nl\/nl\/product\/het-rolletje-het-rollegie-itie-van-den-berg\/","og_locale":"nl_NL","og_type":"article","og_title":"Het Rolletje \/ Het Rollegie - Itie van den Berg - Huus van de Taol","og_description":"Florian kreg van zien oma een rollegie, maor hie et hum niet op. Wat e der wal met wil? 'Het Rollegie \/ Het Rolletje' is in het Drents \u00e9n in het Nederlands geschreven.","og_url":"https:\/\/huusvandetaol.nl\/nl\/product\/het-rolletje-het-rollegie-itie-van-den-berg\/","og_site_name":"Huus van de Taol","article_publisher":"https:\/\/www.facebook.com\/huusvandetaol\/","article_modified_time":"2025-12-15T11:36:21+00:00","og_image":[{"width":2048,"height":2048,"url":"https:\/\/huusvandetaol.nl\/wp-content\/uploads\/2020\/04\/Het-rollegie-het-rolletje-Huus-van-de-Taol-Het-Drentse-Boek-2-scaled.jpg","type":"image\/jpeg"}],"twitter_card":"summary_large_image","twitter_site":"@HuusvandeTaol","twitter_misc":{"Geschatte leestijd":"2 minuten"},"schema":{"@context":"https:\/\/schema.org","@graph":[{"@type":"WebPage","@id":"https:\/\/huusvandetaol.nl\/nl\/product\/het-rolletje-het-rollegie-itie-van-den-berg\/","url":"https:\/\/huusvandetaol.nl\/nl\/product\/het-rolletje-het-rollegie-itie-van-den-berg\/","name":"Het Rolletje \/ Het Rollegie - Itie van den Berg - Huus van de Taol","isPartOf":{"@id":"https:\/\/huusvandetaol.nl\/nl\/#website"},"primaryImageOfPage":{"@id":"https:\/\/huusvandetaol.nl\/nl\/product\/het-rolletje-het-rollegie-itie-van-den-berg\/#primaryimage"},"image":{"@id":"https:\/\/huusvandetaol.nl\/nl\/product\/het-rolletje-het-rollegie-itie-van-den-berg\/#primaryimage"},"thumbnailUrl":"https:\/\/huusvandetaol.nl\/wp-content\/uploads\/2020\/04\/Het-rollegie-het-rolletje-Huus-van-de-Taol-Het-Drentse-Boek-2-scaled.jpg","datePublished":"2020-04-22T07:09:59+00:00","dateModified":"2025-12-15T11:36:21+00:00","breadcrumb":{"@id":"https:\/\/huusvandetaol.nl\/nl\/product\/het-rolletje-het-rollegie-itie-van-den-berg\/#breadcrumb"},"inLanguage":"nl-NL","potentialAction":[{"@type":"ReadAction","target":["https:\/\/huusvandetaol.nl\/nl\/product\/het-rolletje-het-rollegie-itie-van-den-berg\/"]}]},{"@type":"ImageObject","inLanguage":"nl-NL","@id":"https:\/\/huusvandetaol.nl\/nl\/product\/het-rolletje-het-rollegie-itie-van-den-berg\/#primaryimage","url":"https:\/\/huusvandetaol.nl\/wp-content\/uploads\/2020\/04\/Het-rollegie-het-rolletje-Huus-van-de-Taol-Het-Drentse-Boek-2-scaled.jpg","contentUrl":"https:\/\/huusvandetaol.nl\/wp-content\/uploads\/2020\/04\/Het-rollegie-het-rolletje-Huus-van-de-Taol-Het-Drentse-Boek-2-scaled.jpg","width":2048,"height":2048,"caption":"Het rollegie het rolletje Huus van de Taol Het Drentse Boek (2)"},{"@type":"BreadcrumbList","@id":"https:\/\/huusvandetaol.nl\/nl\/product\/het-rolletje-het-rollegie-itie-van-den-berg\/#breadcrumb","itemListElement":[{"@type":"ListItem","position":1,"name":"Thoesblad","item":"https:\/\/huusvandetaol.nl\/nl\/"},{"@type":"ListItem","position":2,"name":"Webshop","item":"https:\/\/huusvandetaol.nl\/nl\/webshop\/"},{"@type":"ListItem","position":3,"name":"Het Rolletje \/ Het Rollegie &#8211; Itie van den Berg"}]},{"@type":"WebSite","@id":"https:\/\/huusvandetaol.nl\/nl\/#website","url":"https:\/\/huusvandetaol.nl\/nl\/","name":"Huus van de Taol","description":"Wies met Drents","publisher":{"@id":"https:\/\/huusvandetaol.nl\/nl\/#organization"},"potentialAction":[{"@type":"SearchAction","target":{"@type":"EntryPoint","urlTemplate":"https:\/\/huusvandetaol.nl\/nl\/?s={search_term_string}"},"query-input":{"@type":"PropertyValueSpecification","valueRequired":true,"valueName":"search_term_string"}}],"inLanguage":"nl-NL"},{"@type":"Organization","@id":"https:\/\/huusvandetaol.nl\/nl\/#organization","name":"Huus van de Taol","url":"https:\/\/huusvandetaol.nl\/nl\/","logo":{"@type":"ImageObject","inLanguage":"nl-NL","@id":"https:\/\/huusvandetaol.nl\/nl\/#\/schema\/logo\/image\/","url":"https:\/\/huusvandetaol.nl\/wp-content\/uploads\/downloads\/logo.png","contentUrl":"https:\/\/huusvandetaol.nl\/wp-content\/uploads\/downloads\/logo.png","width":1146,"height":693,"caption":"Huus van de Taol"},"image":{"@id":"https:\/\/huusvandetaol.nl\/nl\/#\/schema\/logo\/image\/"},"sameAs":["https:\/\/www.facebook.com\/huusvandetaol\/","https:\/\/x.com\/HuusvandeTaol","https:\/\/www.instagram.com\/huusvandetaol\/"]}]}},"_links":{"self":[{"href":"https:\/\/huusvandetaol.nl\/nl\/wp-json\/wp\/v2\/product\/3413","targetHints":{"allow":["GET"]}}],"collection":[{"href":"https:\/\/huusvandetaol.nl\/nl\/wp-json\/wp\/v2\/product"}],"about":[{"href":"https:\/\/huusvandetaol.nl\/nl\/wp-json\/wp\/v2\/types\/product"}],"wp:featuredmedia":[{"embeddable":true,"href":"https:\/\/huusvandetaol.nl\/nl\/wp-json\/wp\/v2\/media\/4188"}],"wp:attachment":[{"href":"https:\/\/huusvandetaol.nl\/nl\/wp-json\/wp\/v2\/media?parent=3413"}],"wp:term":[{"taxonomy":"product_brand","embeddable":true,"href":"https:\/\/huusvandetaol.nl\/nl\/wp-json\/wp\/v2\/product_brand?post=3413"},{"taxonomy":"product_cat","embeddable":true,"href":"https:\/\/huusvandetaol.nl\/nl\/wp-json\/wp\/v2\/product_cat?post=3413"},{"taxonomy":"product_tag","embeddable":true,"href":"https:\/\/huusvandetaol.nl\/nl\/wp-json\/wp\/v2\/product_tag?post=3413"}],"curies":[{"name":"wp","href":"https:\/\/api.w.org\/{rel}","templated":true}]}}