{"id":3417,"date":"2020-04-22T14:34:06","date_gmt":"2020-04-22T12:34:06","guid":{"rendered":"https:\/\/huusvandetaol.nl\/?post_type=product&#038;p=3417"},"modified":"2026-02-09T14:08:19","modified_gmt":"2026-02-09T13:08:19","slug":"de-kleine-prins-in-het-dreents-antoine-de-saint-exupery","status":"publish","type":"product","link":"https:\/\/huusvandetaol.nl\/nl\/product\/de-kleine-prins-in-het-dreents-antoine-de-saint-exupery\/","title":{"rendered":"De kleine prins in het Dr\u00e8ents &#8211; Antoine de Saint-Exup\u00e9ry"},"content":{"rendered":"<div id=\"wrapper\">\n<div id=\"page-content-wrapper\">\n<div class=\"container-fluid\">\n<div class=\"row\">\n<div class=\"col-lg-12 col-xlg-10 col-xlg-offset-1\">\n<div class=\"MaxWidth ProductTemplate_Standard\">\n<div class=\"Product_Photo\">\n<div id=\"b0\">De kleine prins (Le Petit Prince), is een po\u00ebtisch verhaal van de hand van schrijver en piloot Antoine de Saint-Exup\u00e9ry, gepubliceerd in 1943. De illustraties, van de hand van de auteur zelf, zijn minstens zo bekend geworden als het boek zelf.<\/div>\n<\/div>\n<div class=\"product-description spacer-s-bottom\">\n<p>De Saint-Exup\u00e9ry schreef dit moderne sprookje toen hij in een hotel in New York verbleef. Het is zijn bekendste boek en geldt als het vaakst vertaalde boek uit de Franse literatuur. In 1999 eindigde het boek op de vierde plaats in Le Mondes verkiezing van de 100 beste boeken van de eeuw, verkozen door het Franse publiek.<\/p>\n<p>&#8216;De kleine prins in het Dr\u00e8ents&#8217; is een vertaling van Abel Darwinkel.<\/p>\n<p><em>(Dit boek is in eigen beheer oetgeven)<\/em><\/p>\n<\/div>\n<\/div>\n<\/div>\n<\/div>\n<\/div>\n<\/div>\n<\/div>\n","protected":false},"excerpt":{"rendered":"<p>&#8216;De kleine prins in het Dr\u00e8ents&#8217; is een vertaling van het beroemde boek van Antoine de Saint-Exup\u00e9ry door Abel Darwinkel<\/p>\n","protected":false},"featured_media":4183,"template":"","meta":{"_acf_changed":false},"product_brand":[],"product_cat":[26,196],"product_tag":[1144,539,269,1143,1142],"class_list":{"0":"post-3417","1":"product","2":"type-product","3":"status-publish","4":"has-post-thumbnail","6":"product_cat-boeken","7":"product_cat-kinderboeken","8":"product_tag-abel-darwinkel","9":"product_tag-antoine-de-saint-exupery","10":"product_tag-darwinkel","11":"product_tag-de-kleine-prins","12":"product_tag-le-petit-prince","14":"first","15":"instock","16":"taxable","17":"shipping-taxable","18":"purchasable","19":"product-type-simple"},"acf":[],"yoast_head":"<!-- This site is optimized with the Yoast SEO plugin v27.3 - https:\/\/yoast.com\/product\/yoast-seo-wordpress\/ -->\n<title>De kleine prins in het Dr\u00e8ents - Antoine de Saint-Exup\u00e9ry - Huus van de Taol<\/title>\n<meta name=\"description\" content=\"Abel Darwinkel meuk de Dr\u00e8entse vertaoling van het beroemde boek &#039;Le petit Prince&#039; van Antoine de Saint Exup\u00e9ry.\" \/>\n<meta name=\"robots\" content=\"index, follow, max-snippet:-1, max-image-preview:large, max-video-preview:-1\" \/>\n<link rel=\"canonical\" href=\"https:\/\/huusvandetaol.nl\/nl\/product\/de-kleine-prins-in-het-dreents-antoine-de-saint-exupery\/\" \/>\n<meta property=\"og:locale\" content=\"nl_NL\" \/>\n<meta property=\"og:type\" content=\"article\" \/>\n<meta property=\"og:title\" content=\"De kleine prins - Le petit prince\" \/>\n<meta property=\"og:description\" content=\"Abel Darwinkel meuk de Dr\u00e8entse vertaoling van het beroemde boek &#039;Le petit Prince&#039; van Antoine de Saint Exup\u00e9ry.\" \/>\n<meta property=\"og:url\" content=\"https:\/\/huusvandetaol.nl\/nl\/product\/de-kleine-prins-in-het-dreents-antoine-de-saint-exupery\/\" \/>\n<meta property=\"og:site_name\" content=\"Huus van de Taol\" \/>\n<meta property=\"article:publisher\" content=\"https:\/\/www.facebook.com\/huusvandetaol\/\" \/>\n<meta property=\"article:modified_time\" content=\"2026-02-09T13:08:19+00:00\" \/>\n<meta property=\"og:image\" content=\"https:\/\/huusvandetaol.nl\/wp-content\/uploads\/2020\/04\/Abel-Darwinkel-De-kleine-prins-Huus-van-de-Taol.jpg\" \/>\n\t<meta property=\"og:image:width\" content=\"278\" \/>\n\t<meta property=\"og:image:height\" content=\"389\" \/>\n\t<meta property=\"og:image:type\" content=\"image\/jpeg\" \/>\n<meta name=\"twitter:card\" content=\"summary_large_image\" \/>\n<meta name=\"twitter:title\" content=\"De kleine prins in het Dr\u00e8ents - Abel Darwinkel\" \/>\n<meta name=\"twitter:image\" content=\"https:\/\/huusvandetaol.nl\/wp-content\/uploads\/2020\/04\/Abel-Darwinkel-De-kleine-prins-Huus-van-de-Taol.jpg\" \/>\n<meta name=\"twitter:site\" content=\"@HuusvandeTaol\" \/>\n<meta name=\"twitter:label1\" content=\"Geschatte leestijd\" \/>\n\t<meta name=\"twitter:data1\" content=\"1 minuut\" \/>\n<script type=\"application\/ld+json\" class=\"yoast-schema-graph\">{\"@context\":\"https:\\\/\\\/schema.org\",\"@graph\":[{\"@type\":\"WebPage\",\"@id\":\"https:\\\/\\\/huusvandetaol.nl\\\/nl\\\/product\\\/de-kleine-prins-in-het-dreents-antoine-de-saint-exupery\\\/\",\"url\":\"https:\\\/\\\/huusvandetaol.nl\\\/nl\\\/product\\\/de-kleine-prins-in-het-dreents-antoine-de-saint-exupery\\\/\",\"name\":\"De kleine prins in het Dr\u00e8ents - Antoine de Saint-Exup\u00e9ry - Huus van de Taol\",\"isPartOf\":{\"@id\":\"https:\\\/\\\/huusvandetaol.nl\\\/nl\\\/#website\"},\"primaryImageOfPage\":{\"@id\":\"https:\\\/\\\/huusvandetaol.nl\\\/nl\\\/product\\\/de-kleine-prins-in-het-dreents-antoine-de-saint-exupery\\\/#primaryimage\"},\"image\":{\"@id\":\"https:\\\/\\\/huusvandetaol.nl\\\/nl\\\/product\\\/de-kleine-prins-in-het-dreents-antoine-de-saint-exupery\\\/#primaryimage\"},\"thumbnailUrl\":\"https:\\\/\\\/huusvandetaol.nl\\\/wp-content\\\/uploads\\\/2020\\\/04\\\/Abel-Darwinkel-De-kleine-prins-Huus-van-de-Taol.jpg\",\"datePublished\":\"2020-04-22T12:34:06+00:00\",\"dateModified\":\"2026-02-09T13:08:19+00:00\",\"description\":\"Abel Darwinkel meuk de Dr\u00e8entse vertaoling van het beroemde boek 'Le petit Prince' van Antoine de Saint Exup\u00e9ry.\",\"breadcrumb\":{\"@id\":\"https:\\\/\\\/huusvandetaol.nl\\\/nl\\\/product\\\/de-kleine-prins-in-het-dreents-antoine-de-saint-exupery\\\/#breadcrumb\"},\"inLanguage\":\"nl-NL\",\"potentialAction\":[{\"@type\":\"ReadAction\",\"target\":[\"https:\\\/\\\/huusvandetaol.nl\\\/nl\\\/product\\\/de-kleine-prins-in-het-dreents-antoine-de-saint-exupery\\\/\"]}]},{\"@type\":\"ImageObject\",\"inLanguage\":\"nl-NL\",\"@id\":\"https:\\\/\\\/huusvandetaol.nl\\\/nl\\\/product\\\/de-kleine-prins-in-het-dreents-antoine-de-saint-exupery\\\/#primaryimage\",\"url\":\"https:\\\/\\\/huusvandetaol.nl\\\/wp-content\\\/uploads\\\/2020\\\/04\\\/Abel-Darwinkel-De-kleine-prins-Huus-van-de-Taol.jpg\",\"contentUrl\":\"https:\\\/\\\/huusvandetaol.nl\\\/wp-content\\\/uploads\\\/2020\\\/04\\\/Abel-Darwinkel-De-kleine-prins-Huus-van-de-Taol.jpg\",\"width\":278,\"height\":389,\"caption\":\"Abel Darwinkel De kleine prins Huus van de Taol\"},{\"@type\":\"BreadcrumbList\",\"@id\":\"https:\\\/\\\/huusvandetaol.nl\\\/nl\\\/product\\\/de-kleine-prins-in-het-dreents-antoine-de-saint-exupery\\\/#breadcrumb\",\"itemListElement\":[{\"@type\":\"ListItem\",\"position\":1,\"name\":\"Thoesblad\",\"item\":\"https:\\\/\\\/huusvandetaol.nl\\\/nl\\\/\"},{\"@type\":\"ListItem\",\"position\":2,\"name\":\"Webshop\",\"item\":\"https:\\\/\\\/huusvandetaol.nl\\\/nl\\\/webshop\\\/\"},{\"@type\":\"ListItem\",\"position\":3,\"name\":\"De kleine prins in het Dr\u00e8ents &#8211; Antoine de Saint-Exup\u00e9ry\"}]},{\"@type\":\"WebSite\",\"@id\":\"https:\\\/\\\/huusvandetaol.nl\\\/nl\\\/#website\",\"url\":\"https:\\\/\\\/huusvandetaol.nl\\\/nl\\\/\",\"name\":\"Huus van de Taol\",\"description\":\"Wies met Drents\",\"publisher\":{\"@id\":\"https:\\\/\\\/huusvandetaol.nl\\\/nl\\\/#organization\"},\"potentialAction\":[{\"@type\":\"SearchAction\",\"target\":{\"@type\":\"EntryPoint\",\"urlTemplate\":\"https:\\\/\\\/huusvandetaol.nl\\\/nl\\\/?s={search_term_string}\"},\"query-input\":{\"@type\":\"PropertyValueSpecification\",\"valueRequired\":true,\"valueName\":\"search_term_string\"}}],\"inLanguage\":\"nl-NL\"},{\"@type\":\"Organization\",\"@id\":\"https:\\\/\\\/huusvandetaol.nl\\\/nl\\\/#organization\",\"name\":\"Huus van de Taol\",\"url\":\"https:\\\/\\\/huusvandetaol.nl\\\/nl\\\/\",\"logo\":{\"@type\":\"ImageObject\",\"inLanguage\":\"nl-NL\",\"@id\":\"https:\\\/\\\/huusvandetaol.nl\\\/nl\\\/#\\\/schema\\\/logo\\\/image\\\/\",\"url\":\"https:\\\/\\\/huusvandetaol.nl\\\/wp-content\\\/uploads\\\/downloads\\\/logo.png\",\"contentUrl\":\"https:\\\/\\\/huusvandetaol.nl\\\/wp-content\\\/uploads\\\/downloads\\\/logo.png\",\"width\":1146,\"height\":693,\"caption\":\"Huus van de Taol\"},\"image\":{\"@id\":\"https:\\\/\\\/huusvandetaol.nl\\\/nl\\\/#\\\/schema\\\/logo\\\/image\\\/\"},\"sameAs\":[\"https:\\\/\\\/www.facebook.com\\\/huusvandetaol\\\/\",\"https:\\\/\\\/x.com\\\/HuusvandeTaol\",\"https:\\\/\\\/www.instagram.com\\\/huusvandetaol\\\/\"]}]}<\/script>\n<!-- \/ Yoast SEO plugin. -->","yoast_head_json":{"title":"De kleine prins in het Dr\u00e8ents - Antoine de Saint-Exup\u00e9ry - Huus van de Taol","description":"Abel Darwinkel meuk de Dr\u00e8entse vertaoling van het beroemde boek 'Le petit Prince' van Antoine de Saint Exup\u00e9ry.","robots":{"index":"index","follow":"follow","max-snippet":"max-snippet:-1","max-image-preview":"max-image-preview:large","max-video-preview":"max-video-preview:-1"},"canonical":"https:\/\/huusvandetaol.nl\/nl\/product\/de-kleine-prins-in-het-dreents-antoine-de-saint-exupery\/","og_locale":"nl_NL","og_type":"article","og_title":"De kleine prins - Le petit prince","og_description":"Abel Darwinkel meuk de Dr\u00e8entse vertaoling van het beroemde boek 'Le petit Prince' van Antoine de Saint Exup\u00e9ry.","og_url":"https:\/\/huusvandetaol.nl\/nl\/product\/de-kleine-prins-in-het-dreents-antoine-de-saint-exupery\/","og_site_name":"Huus van de Taol","article_publisher":"https:\/\/www.facebook.com\/huusvandetaol\/","article_modified_time":"2026-02-09T13:08:19+00:00","og_image":[{"width":278,"height":389,"url":"https:\/\/huusvandetaol.nl\/wp-content\/uploads\/2020\/04\/Abel-Darwinkel-De-kleine-prins-Huus-van-de-Taol.jpg","type":"image\/jpeg"}],"twitter_card":"summary_large_image","twitter_title":"De kleine prins in het Dr\u00e8ents - Abel Darwinkel","twitter_image":"https:\/\/huusvandetaol.nl\/wp-content\/uploads\/2020\/04\/Abel-Darwinkel-De-kleine-prins-Huus-van-de-Taol.jpg","twitter_site":"@HuusvandeTaol","twitter_misc":{"Geschatte leestijd":"1 minuut"},"schema":{"@context":"https:\/\/schema.org","@graph":[{"@type":"WebPage","@id":"https:\/\/huusvandetaol.nl\/nl\/product\/de-kleine-prins-in-het-dreents-antoine-de-saint-exupery\/","url":"https:\/\/huusvandetaol.nl\/nl\/product\/de-kleine-prins-in-het-dreents-antoine-de-saint-exupery\/","name":"De kleine prins in het Dr\u00e8ents - Antoine de Saint-Exup\u00e9ry - Huus van de Taol","isPartOf":{"@id":"https:\/\/huusvandetaol.nl\/nl\/#website"},"primaryImageOfPage":{"@id":"https:\/\/huusvandetaol.nl\/nl\/product\/de-kleine-prins-in-het-dreents-antoine-de-saint-exupery\/#primaryimage"},"image":{"@id":"https:\/\/huusvandetaol.nl\/nl\/product\/de-kleine-prins-in-het-dreents-antoine-de-saint-exupery\/#primaryimage"},"thumbnailUrl":"https:\/\/huusvandetaol.nl\/wp-content\/uploads\/2020\/04\/Abel-Darwinkel-De-kleine-prins-Huus-van-de-Taol.jpg","datePublished":"2020-04-22T12:34:06+00:00","dateModified":"2026-02-09T13:08:19+00:00","description":"Abel Darwinkel meuk de Dr\u00e8entse vertaoling van het beroemde boek 'Le petit Prince' van Antoine de Saint Exup\u00e9ry.","breadcrumb":{"@id":"https:\/\/huusvandetaol.nl\/nl\/product\/de-kleine-prins-in-het-dreents-antoine-de-saint-exupery\/#breadcrumb"},"inLanguage":"nl-NL","potentialAction":[{"@type":"ReadAction","target":["https:\/\/huusvandetaol.nl\/nl\/product\/de-kleine-prins-in-het-dreents-antoine-de-saint-exupery\/"]}]},{"@type":"ImageObject","inLanguage":"nl-NL","@id":"https:\/\/huusvandetaol.nl\/nl\/product\/de-kleine-prins-in-het-dreents-antoine-de-saint-exupery\/#primaryimage","url":"https:\/\/huusvandetaol.nl\/wp-content\/uploads\/2020\/04\/Abel-Darwinkel-De-kleine-prins-Huus-van-de-Taol.jpg","contentUrl":"https:\/\/huusvandetaol.nl\/wp-content\/uploads\/2020\/04\/Abel-Darwinkel-De-kleine-prins-Huus-van-de-Taol.jpg","width":278,"height":389,"caption":"Abel Darwinkel De kleine prins Huus van de Taol"},{"@type":"BreadcrumbList","@id":"https:\/\/huusvandetaol.nl\/nl\/product\/de-kleine-prins-in-het-dreents-antoine-de-saint-exupery\/#breadcrumb","itemListElement":[{"@type":"ListItem","position":1,"name":"Thoesblad","item":"https:\/\/huusvandetaol.nl\/nl\/"},{"@type":"ListItem","position":2,"name":"Webshop","item":"https:\/\/huusvandetaol.nl\/nl\/webshop\/"},{"@type":"ListItem","position":3,"name":"De kleine prins in het Dr\u00e8ents &#8211; Antoine de Saint-Exup\u00e9ry"}]},{"@type":"WebSite","@id":"https:\/\/huusvandetaol.nl\/nl\/#website","url":"https:\/\/huusvandetaol.nl\/nl\/","name":"Huus van de Taol","description":"Wies met Drents","publisher":{"@id":"https:\/\/huusvandetaol.nl\/nl\/#organization"},"potentialAction":[{"@type":"SearchAction","target":{"@type":"EntryPoint","urlTemplate":"https:\/\/huusvandetaol.nl\/nl\/?s={search_term_string}"},"query-input":{"@type":"PropertyValueSpecification","valueRequired":true,"valueName":"search_term_string"}}],"inLanguage":"nl-NL"},{"@type":"Organization","@id":"https:\/\/huusvandetaol.nl\/nl\/#organization","name":"Huus van de Taol","url":"https:\/\/huusvandetaol.nl\/nl\/","logo":{"@type":"ImageObject","inLanguage":"nl-NL","@id":"https:\/\/huusvandetaol.nl\/nl\/#\/schema\/logo\/image\/","url":"https:\/\/huusvandetaol.nl\/wp-content\/uploads\/downloads\/logo.png","contentUrl":"https:\/\/huusvandetaol.nl\/wp-content\/uploads\/downloads\/logo.png","width":1146,"height":693,"caption":"Huus van de Taol"},"image":{"@id":"https:\/\/huusvandetaol.nl\/nl\/#\/schema\/logo\/image\/"},"sameAs":["https:\/\/www.facebook.com\/huusvandetaol\/","https:\/\/x.com\/HuusvandeTaol","https:\/\/www.instagram.com\/huusvandetaol\/"]}]}},"_links":{"self":[{"href":"https:\/\/huusvandetaol.nl\/nl\/wp-json\/wp\/v2\/product\/3417","targetHints":{"allow":["GET"]}}],"collection":[{"href":"https:\/\/huusvandetaol.nl\/nl\/wp-json\/wp\/v2\/product"}],"about":[{"href":"https:\/\/huusvandetaol.nl\/nl\/wp-json\/wp\/v2\/types\/product"}],"wp:featuredmedia":[{"embeddable":true,"href":"https:\/\/huusvandetaol.nl\/nl\/wp-json\/wp\/v2\/media\/4183"}],"wp:attachment":[{"href":"https:\/\/huusvandetaol.nl\/nl\/wp-json\/wp\/v2\/media?parent=3417"}],"wp:term":[{"taxonomy":"product_brand","embeddable":true,"href":"https:\/\/huusvandetaol.nl\/nl\/wp-json\/wp\/v2\/product_brand?post=3417"},{"taxonomy":"product_cat","embeddable":true,"href":"https:\/\/huusvandetaol.nl\/nl\/wp-json\/wp\/v2\/product_cat?post=3417"},{"taxonomy":"product_tag","embeddable":true,"href":"https:\/\/huusvandetaol.nl\/nl\/wp-json\/wp\/v2\/product_tag?post=3417"}],"curies":[{"name":"wp","href":"https:\/\/api.w.org\/{rel}","templated":true}]}}