{"id":52942,"date":"2024-07-16T10:04:38","date_gmt":"2024-07-16T08:04:38","guid":{"rendered":"https:\/\/huusvandetaol.nl\/?post_type=product&#038;p=52942"},"modified":"2026-04-14T15:51:35","modified_gmt":"2026-04-14T13:51:35","slug":"dreentse-serveerplaank-worst-kees-scenario","status":"publish","type":"product","link":"https:\/\/huusvandetaol.nl\/nl\/product\/dreentse-serveerplaank-worst-kees-scenario\/","title":{"rendered":"Dr\u00e8entse serveerplaank &#8216;worst kees scenario&#8217;"},"content":{"rendered":"<p>Met de serveerplaank &#8216;worst kees scenario&#8217; kuj de dreuge worst en de kees op een originele, Dr\u00e8entse wieze prissenteren an je visite. Of gewoon veur jez\u00f6lf klaorzetten, dat mag vanz\u00f6lf ok!<\/p>\n<p>Ofmetingen: 60 x 17 cm<\/p>\n","protected":false},"excerpt":{"rendered":"<p>Leg je worst en kees ies op een speciaal plaankie!<\/p>\n","protected":false},"featured_media":53173,"template":"","meta":{"_acf_changed":false},"product_brand":[],"product_cat":[28,1252],"product_tag":[1514,1512,1519,211,1043,1515,1513,1520,1516,1517,1518],"class_list":{"0":"post-52942","1":"product","2":"type-product","3":"status-publish","4":"has-post-thumbnail","6":"product_cat-kedogies","7":"product_cat-wonen-koken","8":"product_tag-borrelplaank","9":"product_tag-borrelplank","10":"product_tag-borrelplank-met-drentse-tekst","11":"product_tag-drents","12":"product_tag-kees","13":"product_tag-serveerplaank","14":"product_tag-serveerplank","15":"product_tag-serveerplank-met-drentse-tekst","16":"product_tag-snieplaank","17":"product_tag-snijplank","18":"product_tag-worst","20":"first","21":"onbackorder","22":"taxable","23":"shipping-taxable","24":"purchasable","25":"product-type-simple"},"acf":[],"yoast_head":"<!-- This site is optimized with the Yoast SEO plugin v27.3 - https:\/\/yoast.com\/product\/yoast-seo-wordpress\/ -->\n<title>Dr\u00e8entse serveerplaank &#039;worst kees scenario&#039; - Huus van de Taol<\/title>\n<meta name=\"description\" content=\"Met de serveerplaank &#039;worst kees scenario&#039; kuj de dreuge worst en de kees op een originele, Dr\u00e8entse wieze prissenteren an je visite.\" \/>\n<meta name=\"robots\" content=\"index, follow, max-snippet:-1, max-image-preview:large, max-video-preview:-1\" \/>\n<link rel=\"canonical\" href=\"https:\/\/huusvandetaol.nl\/nl\/product\/dreentse-serveerplaank-worst-kees-scenario\/\" \/>\n<meta property=\"og:locale\" content=\"nl_NL\" \/>\n<meta property=\"og:type\" content=\"article\" \/>\n<meta property=\"og:title\" content=\"Serveerplaank &#039;worst kees scenario&#039;\" \/>\n<meta property=\"og:description\" content=\"Met de serveerplaank &#039;worst kees scenario&#039; kuj de dreuge worst en de kees op een originele, Dr\u00e8entse wieze prissenteren an je visite.\" \/>\n<meta property=\"og:url\" content=\"https:\/\/huusvandetaol.nl\/nl\/product\/dreentse-serveerplaank-worst-kees-scenario\/\" \/>\n<meta property=\"og:site_name\" content=\"Huus van de Taol\" \/>\n<meta property=\"article:publisher\" content=\"https:\/\/www.facebook.com\/huusvandetaol\/\" \/>\n<meta property=\"article:modified_time\" content=\"2026-04-14T13:51:35+00:00\" \/>\n<meta property=\"og:image\" content=\"https:\/\/huusvandetaol.nl\/wp-content\/uploads\/2024\/07\/worst-kees-scenario-serveerplaank-borrelplaank-Huus-van-de-Taol-scaled.jpg\" \/>\n\t<meta property=\"og:image:width\" content=\"2048\" \/>\n\t<meta property=\"og:image:height\" content=\"1536\" \/>\n\t<meta property=\"og:image:type\" content=\"image\/jpeg\" \/>\n<meta name=\"twitter:card\" content=\"summary_large_image\" \/>\n<meta name=\"twitter:site\" content=\"@HuusvandeTaol\" \/>\n<meta name=\"twitter:label1\" content=\"Geschatte leestijd\" \/>\n\t<meta name=\"twitter:data1\" content=\"1 minuut\" \/>\n<script type=\"application\/ld+json\" class=\"yoast-schema-graph\">{\"@context\":\"https:\\\/\\\/schema.org\",\"@graph\":[{\"@type\":\"WebPage\",\"@id\":\"https:\\\/\\\/huusvandetaol.nl\\\/nl\\\/product\\\/dreentse-serveerplaank-worst-kees-scenario\\\/\",\"url\":\"https:\\\/\\\/huusvandetaol.nl\\\/nl\\\/product\\\/dreentse-serveerplaank-worst-kees-scenario\\\/\",\"name\":\"Dr\u00e8entse serveerplaank 'worst kees scenario' - Huus van de Taol\",\"isPartOf\":{\"@id\":\"https:\\\/\\\/huusvandetaol.nl\\\/nl\\\/#website\"},\"primaryImageOfPage\":{\"@id\":\"https:\\\/\\\/huusvandetaol.nl\\\/nl\\\/product\\\/dreentse-serveerplaank-worst-kees-scenario\\\/#primaryimage\"},\"image\":{\"@id\":\"https:\\\/\\\/huusvandetaol.nl\\\/nl\\\/product\\\/dreentse-serveerplaank-worst-kees-scenario\\\/#primaryimage\"},\"thumbnailUrl\":\"https:\\\/\\\/huusvandetaol.nl\\\/wp-content\\\/uploads\\\/2024\\\/07\\\/worst-kees-scenario-serveerplaank-Huus-van-de-Taol.png\",\"datePublished\":\"2024-07-16T08:04:38+00:00\",\"dateModified\":\"2026-04-14T13:51:35+00:00\",\"description\":\"Met de serveerplaank 'worst kees scenario' kuj de dreuge worst en de kees op een originele, Dr\u00e8entse wieze prissenteren an je visite.\",\"breadcrumb\":{\"@id\":\"https:\\\/\\\/huusvandetaol.nl\\\/nl\\\/product\\\/dreentse-serveerplaank-worst-kees-scenario\\\/#breadcrumb\"},\"inLanguage\":\"nl-NL\",\"potentialAction\":[{\"@type\":\"ReadAction\",\"target\":[\"https:\\\/\\\/huusvandetaol.nl\\\/nl\\\/product\\\/dreentse-serveerplaank-worst-kees-scenario\\\/\"]}]},{\"@type\":\"ImageObject\",\"inLanguage\":\"nl-NL\",\"@id\":\"https:\\\/\\\/huusvandetaol.nl\\\/nl\\\/product\\\/dreentse-serveerplaank-worst-kees-scenario\\\/#primaryimage\",\"url\":\"https:\\\/\\\/huusvandetaol.nl\\\/wp-content\\\/uploads\\\/2024\\\/07\\\/worst-kees-scenario-serveerplaank-Huus-van-de-Taol.png\",\"contentUrl\":\"https:\\\/\\\/huusvandetaol.nl\\\/wp-content\\\/uploads\\\/2024\\\/07\\\/worst-kees-scenario-serveerplaank-Huus-van-de-Taol.png\",\"width\":570,\"height\":438,\"caption\":\"worst kees scenario serveerplaank Huus van de Taol\"},{\"@type\":\"BreadcrumbList\",\"@id\":\"https:\\\/\\\/huusvandetaol.nl\\\/nl\\\/product\\\/dreentse-serveerplaank-worst-kees-scenario\\\/#breadcrumb\",\"itemListElement\":[{\"@type\":\"ListItem\",\"position\":1,\"name\":\"Thoesblad\",\"item\":\"https:\\\/\\\/huusvandetaol.nl\\\/nl\\\/\"},{\"@type\":\"ListItem\",\"position\":2,\"name\":\"Webshop\",\"item\":\"https:\\\/\\\/huusvandetaol.nl\\\/nl\\\/webshop\\\/\"},{\"@type\":\"ListItem\",\"position\":3,\"name\":\"Dr\u00e8entse serveerplaank &#8216;worst kees scenario&#8217;\"}]},{\"@type\":\"WebSite\",\"@id\":\"https:\\\/\\\/huusvandetaol.nl\\\/nl\\\/#website\",\"url\":\"https:\\\/\\\/huusvandetaol.nl\\\/nl\\\/\",\"name\":\"Huus van de Taol\",\"description\":\"Wies met Drents\",\"publisher\":{\"@id\":\"https:\\\/\\\/huusvandetaol.nl\\\/nl\\\/#organization\"},\"potentialAction\":[{\"@type\":\"SearchAction\",\"target\":{\"@type\":\"EntryPoint\",\"urlTemplate\":\"https:\\\/\\\/huusvandetaol.nl\\\/nl\\\/?s={search_term_string}\"},\"query-input\":{\"@type\":\"PropertyValueSpecification\",\"valueRequired\":true,\"valueName\":\"search_term_string\"}}],\"inLanguage\":\"nl-NL\"},{\"@type\":\"Organization\",\"@id\":\"https:\\\/\\\/huusvandetaol.nl\\\/nl\\\/#organization\",\"name\":\"Huus van de Taol\",\"url\":\"https:\\\/\\\/huusvandetaol.nl\\\/nl\\\/\",\"logo\":{\"@type\":\"ImageObject\",\"inLanguage\":\"nl-NL\",\"@id\":\"https:\\\/\\\/huusvandetaol.nl\\\/nl\\\/#\\\/schema\\\/logo\\\/image\\\/\",\"url\":\"https:\\\/\\\/huusvandetaol.nl\\\/wp-content\\\/uploads\\\/downloads\\\/logo.png\",\"contentUrl\":\"https:\\\/\\\/huusvandetaol.nl\\\/wp-content\\\/uploads\\\/downloads\\\/logo.png\",\"width\":1146,\"height\":693,\"caption\":\"Huus van de Taol\"},\"image\":{\"@id\":\"https:\\\/\\\/huusvandetaol.nl\\\/nl\\\/#\\\/schema\\\/logo\\\/image\\\/\"},\"sameAs\":[\"https:\\\/\\\/www.facebook.com\\\/huusvandetaol\\\/\",\"https:\\\/\\\/x.com\\\/HuusvandeTaol\",\"https:\\\/\\\/www.instagram.com\\\/huusvandetaol\\\/\"]}]}<\/script>\n<!-- \/ Yoast SEO plugin. -->","yoast_head_json":{"title":"Dr\u00e8entse serveerplaank 'worst kees scenario' - Huus van de Taol","description":"Met de serveerplaank 'worst kees scenario' kuj de dreuge worst en de kees op een originele, Dr\u00e8entse wieze prissenteren an je visite.","robots":{"index":"index","follow":"follow","max-snippet":"max-snippet:-1","max-image-preview":"max-image-preview:large","max-video-preview":"max-video-preview:-1"},"canonical":"https:\/\/huusvandetaol.nl\/nl\/product\/dreentse-serveerplaank-worst-kees-scenario\/","og_locale":"nl_NL","og_type":"article","og_title":"Serveerplaank 'worst kees scenario'","og_description":"Met de serveerplaank 'worst kees scenario' kuj de dreuge worst en de kees op een originele, Dr\u00e8entse wieze prissenteren an je visite.","og_url":"https:\/\/huusvandetaol.nl\/nl\/product\/dreentse-serveerplaank-worst-kees-scenario\/","og_site_name":"Huus van de Taol","article_publisher":"https:\/\/www.facebook.com\/huusvandetaol\/","article_modified_time":"2026-04-14T13:51:35+00:00","og_image":[{"width":2048,"height":1536,"url":"https:\/\/huusvandetaol.nl\/wp-content\/uploads\/2024\/07\/worst-kees-scenario-serveerplaank-borrelplaank-Huus-van-de-Taol-scaled.jpg","type":"image\/jpeg"}],"twitter_card":"summary_large_image","twitter_site":"@HuusvandeTaol","twitter_misc":{"Geschatte leestijd":"1 minuut"},"schema":{"@context":"https:\/\/schema.org","@graph":[{"@type":"WebPage","@id":"https:\/\/huusvandetaol.nl\/nl\/product\/dreentse-serveerplaank-worst-kees-scenario\/","url":"https:\/\/huusvandetaol.nl\/nl\/product\/dreentse-serveerplaank-worst-kees-scenario\/","name":"Dr\u00e8entse serveerplaank 'worst kees scenario' - Huus van de Taol","isPartOf":{"@id":"https:\/\/huusvandetaol.nl\/nl\/#website"},"primaryImageOfPage":{"@id":"https:\/\/huusvandetaol.nl\/nl\/product\/dreentse-serveerplaank-worst-kees-scenario\/#primaryimage"},"image":{"@id":"https:\/\/huusvandetaol.nl\/nl\/product\/dreentse-serveerplaank-worst-kees-scenario\/#primaryimage"},"thumbnailUrl":"https:\/\/huusvandetaol.nl\/wp-content\/uploads\/2024\/07\/worst-kees-scenario-serveerplaank-Huus-van-de-Taol.png","datePublished":"2024-07-16T08:04:38+00:00","dateModified":"2026-04-14T13:51:35+00:00","description":"Met de serveerplaank 'worst kees scenario' kuj de dreuge worst en de kees op een originele, Dr\u00e8entse wieze prissenteren an je visite.","breadcrumb":{"@id":"https:\/\/huusvandetaol.nl\/nl\/product\/dreentse-serveerplaank-worst-kees-scenario\/#breadcrumb"},"inLanguage":"nl-NL","potentialAction":[{"@type":"ReadAction","target":["https:\/\/huusvandetaol.nl\/nl\/product\/dreentse-serveerplaank-worst-kees-scenario\/"]}]},{"@type":"ImageObject","inLanguage":"nl-NL","@id":"https:\/\/huusvandetaol.nl\/nl\/product\/dreentse-serveerplaank-worst-kees-scenario\/#primaryimage","url":"https:\/\/huusvandetaol.nl\/wp-content\/uploads\/2024\/07\/worst-kees-scenario-serveerplaank-Huus-van-de-Taol.png","contentUrl":"https:\/\/huusvandetaol.nl\/wp-content\/uploads\/2024\/07\/worst-kees-scenario-serveerplaank-Huus-van-de-Taol.png","width":570,"height":438,"caption":"worst kees scenario serveerplaank Huus van de Taol"},{"@type":"BreadcrumbList","@id":"https:\/\/huusvandetaol.nl\/nl\/product\/dreentse-serveerplaank-worst-kees-scenario\/#breadcrumb","itemListElement":[{"@type":"ListItem","position":1,"name":"Thoesblad","item":"https:\/\/huusvandetaol.nl\/nl\/"},{"@type":"ListItem","position":2,"name":"Webshop","item":"https:\/\/huusvandetaol.nl\/nl\/webshop\/"},{"@type":"ListItem","position":3,"name":"Dr\u00e8entse serveerplaank &#8216;worst kees scenario&#8217;"}]},{"@type":"WebSite","@id":"https:\/\/huusvandetaol.nl\/nl\/#website","url":"https:\/\/huusvandetaol.nl\/nl\/","name":"Huus van de Taol","description":"Wies met Drents","publisher":{"@id":"https:\/\/huusvandetaol.nl\/nl\/#organization"},"potentialAction":[{"@type":"SearchAction","target":{"@type":"EntryPoint","urlTemplate":"https:\/\/huusvandetaol.nl\/nl\/?s={search_term_string}"},"query-input":{"@type":"PropertyValueSpecification","valueRequired":true,"valueName":"search_term_string"}}],"inLanguage":"nl-NL"},{"@type":"Organization","@id":"https:\/\/huusvandetaol.nl\/nl\/#organization","name":"Huus van de Taol","url":"https:\/\/huusvandetaol.nl\/nl\/","logo":{"@type":"ImageObject","inLanguage":"nl-NL","@id":"https:\/\/huusvandetaol.nl\/nl\/#\/schema\/logo\/image\/","url":"https:\/\/huusvandetaol.nl\/wp-content\/uploads\/downloads\/logo.png","contentUrl":"https:\/\/huusvandetaol.nl\/wp-content\/uploads\/downloads\/logo.png","width":1146,"height":693,"caption":"Huus van de Taol"},"image":{"@id":"https:\/\/huusvandetaol.nl\/nl\/#\/schema\/logo\/image\/"},"sameAs":["https:\/\/www.facebook.com\/huusvandetaol\/","https:\/\/x.com\/HuusvandeTaol","https:\/\/www.instagram.com\/huusvandetaol\/"]}]}},"_links":{"self":[{"href":"https:\/\/huusvandetaol.nl\/nl\/wp-json\/wp\/v2\/product\/52942","targetHints":{"allow":["GET"]}}],"collection":[{"href":"https:\/\/huusvandetaol.nl\/nl\/wp-json\/wp\/v2\/product"}],"about":[{"href":"https:\/\/huusvandetaol.nl\/nl\/wp-json\/wp\/v2\/types\/product"}],"wp:featuredmedia":[{"embeddable":true,"href":"https:\/\/huusvandetaol.nl\/nl\/wp-json\/wp\/v2\/media\/53173"}],"wp:attachment":[{"href":"https:\/\/huusvandetaol.nl\/nl\/wp-json\/wp\/v2\/media?parent=52942"}],"wp:term":[{"taxonomy":"product_brand","embeddable":true,"href":"https:\/\/huusvandetaol.nl\/nl\/wp-json\/wp\/v2\/product_brand?post=52942"},{"taxonomy":"product_cat","embeddable":true,"href":"https:\/\/huusvandetaol.nl\/nl\/wp-json\/wp\/v2\/product_cat?post=52942"},{"taxonomy":"product_tag","embeddable":true,"href":"https:\/\/huusvandetaol.nl\/nl\/wp-json\/wp\/v2\/product_tag?post=52942"}],"curies":[{"name":"wp","href":"https:\/\/api.w.org\/{rel}","templated":true}]}}