{"id":59611,"date":"2020-04-17T10:18:42","date_gmt":"2020-04-17T08:18:42","guid":{"rendered":"https:\/\/huusvandetaol.nl\/product\/assen-auschwitz-assen-martin-hiemink\/"},"modified":"2025-03-28T14:08:05","modified_gmt":"2025-03-28T13:08:05","slug":"assen-auschwitz-assen-martin-hiemink","status":"publish","type":"product","link":"https:\/\/huusvandetaol.nl\/nl\/product\/assen-auschwitz-assen-martin-hiemink\/","title":{"rendered":"Assen-Auschwitz-Assen &#8211; Martin Hiemink"},"content":{"rendered":"<div id=\"wrapper\">\n<div id=\"page-content-wrapper\">\n<div class=\"container-fluid\">\n<div class=\"row\">\n<div class=\"col-lg-12 col-xlg-10 col-xlg-offset-1\">\n<div class=\"MaxWidth ProductTemplate_Standard\">\n<div>\n<div class=\"product-description spacer-s-bottom\">Netty Lezer werd in 1918 in de Rolderstraat in Assen geboren. Zij was de dochter van een koosjere slager. Net als de meeste families in de Rolderstraat was de familie Lezer joods.<br \/>\nNa de Duitse inval op 10 mei 1940 werd de hele wereld van Netty Lezer op zijn kop gezet.<br \/>\nDoor alle beperkingen werd haar het leven steeds moeilijker gemaakt. Op 2 oktober 1942 werden alle op dat moment nog in Assen aanwezige joden opgepakt en naar kamp Westerbork afgevoerd. Netty was daar ook bij.Twee\u00ebndertig maanden later keerde Netty in Assen terug, \u00e9\u00e9n van de weinigen die de verschrikkingen van Westerbork, Auschwitz en Bergen Belsen had overleefd. Zij leerde haar man Cor Leget kennen en Netty werd echtgenote, moeder en later grootmoeder.Vijftig jaar na de oorlog bezocht Netty met haar man, kinderen en kleinkinderen de voormalige concentratiekampen in Auschwitz en Bergen Belsen. Met haar kinderen had Netty nooit over haar verleden gepraat: &#8216;Kinderen vertel je sprookjes, maar geen verhalen als deze&#8217;.In 1996 zag ze haar vriend Bob Cahen &#8211; ook een overlevende van de concentratiekampen &#8211; na lange tijd terug. Bob bezocht scholen waar hij over zijn ervaringen in de kampen vertelde. Na diens overlijden besloot Netty die taak over te nemen: het moet verteld zolang er mensen zijn die het kunnen vertellen.In een groot aantal gesprekken heeft Netty haar verhaal verteld. Zonder opsmuk en in alle eerlijkheid. &#8216;Je wilde leven. Je zocht een manier om dat te regelen&#8217;. Zo was het gegaan en zo moest het op papier.<\/p>\n<\/div>\n<\/div>\n<\/div>\n<\/div>\n<\/div>\n<\/div>\n<\/div>\n<\/div>\n","protected":false},"excerpt":{"rendered":"<p>Assen-Auschwitz-Assen vertelt het levensverhaal van Netty Lezer, die de concentratiekampen Westerbork, Auschwitz en Bergen Belsen overleefde.<\/p>\n","protected":false},"featured_media":3633,"template":"","meta":{"_acf_changed":false},"product_brand":[],"product_cat":[1639,1640],"product_tag":[252,253,254,255,251,257,250,249,258,256],"class_list":{"0":"post-59611","1":"product","2":"type-product","3":"status-publish","4":"has-post-thumbnail","6":"product_cat-boeken-nl","7":"product_cat-geschiedenis-nl","8":"product_tag-assen","9":"product_tag-auschwitz","10":"product_tag-bergen-belsen","11":"product_tag-concentratiekamp","12":"product_tag-hiemink","13":"product_tag-joods","14":"product_tag-lezer","15":"product_tag-netty-lezer","16":"product_tag-oorlog","17":"product_tag-overlevende","19":"first","20":"instock","21":"taxable","22":"shipping-taxable","23":"purchasable","24":"product-type-simple"},"acf":[],"yoast_head":"<!-- This site is optimized with the Yoast SEO plugin v27.3 - https:\/\/yoast.com\/product\/yoast-seo-wordpress\/ -->\n<title>Assen-Auschwitz-Assen - Martin Hiemink - Huus van de Taol<\/title>\n<meta name=\"robots\" content=\"index, follow, max-snippet:-1, max-image-preview:large, max-video-preview:-1\" \/>\n<link rel=\"canonical\" href=\"https:\/\/huusvandetaol.nl\/nl\/product\/assen-auschwitz-assen-martin-hiemink\/\" \/>\n<meta property=\"og:locale\" content=\"nl_NL\" \/>\n<meta property=\"og:type\" content=\"article\" \/>\n<meta property=\"og:title\" content=\"Assen-Auschwitz-Assen - Martin Hiemink - Huus van de Taol\" \/>\n<meta property=\"og:description\" content=\"Assen-Auschwitz-Assen vertelt het levensverhaal van Netty Lezer, die de concentratiekampen Westerbork, Auschwitz en Bergen Belsen overleefde.\" \/>\n<meta property=\"og:url\" content=\"https:\/\/huusvandetaol.nl\/nl\/product\/assen-auschwitz-assen-martin-hiemink\/\" \/>\n<meta property=\"og:site_name\" content=\"Huus van de Taol\" \/>\n<meta property=\"article:publisher\" content=\"https:\/\/www.facebook.com\/huusvandetaol\/\" \/>\n<meta property=\"article:modified_time\" content=\"2025-03-28T13:08:05+00:00\" \/>\n<meta property=\"og:image\" content=\"https:\/\/huusvandetaol.nl\/wp-content\/uploads\/2020\/04\/Assen-Auschwitz-Assen-Martin-Hiemink-Huus-van-de-Taol-Het-Drentse-Boek-2.jpg\" \/>\n\t<meta property=\"og:image:width\" content=\"1998\" \/>\n\t<meta property=\"og:image:height\" content=\"1998\" \/>\n\t<meta property=\"og:image:type\" content=\"image\/jpeg\" \/>\n<meta name=\"twitter:card\" content=\"summary_large_image\" \/>\n<meta name=\"twitter:site\" content=\"@HuusvandeTaol\" \/>\n<meta name=\"twitter:label1\" content=\"Geschatte leestijd\" \/>\n\t<meta name=\"twitter:data1\" content=\"1 minuut\" \/>\n<script type=\"application\/ld+json\" class=\"yoast-schema-graph\">{\"@context\":\"https:\\\/\\\/schema.org\",\"@graph\":[{\"@type\":\"WebPage\",\"@id\":\"https:\\\/\\\/huusvandetaol.nl\\\/nl\\\/product\\\/assen-auschwitz-assen-martin-hiemink\\\/\",\"url\":\"https:\\\/\\\/huusvandetaol.nl\\\/nl\\\/product\\\/assen-auschwitz-assen-martin-hiemink\\\/\",\"name\":\"Assen-Auschwitz-Assen - Martin Hiemink - Huus van de Taol\",\"isPartOf\":{\"@id\":\"https:\\\/\\\/huusvandetaol.nl\\\/nl\\\/#website\"},\"primaryImageOfPage\":{\"@id\":\"https:\\\/\\\/huusvandetaol.nl\\\/nl\\\/product\\\/assen-auschwitz-assen-martin-hiemink\\\/#primaryimage\"},\"image\":{\"@id\":\"https:\\\/\\\/huusvandetaol.nl\\\/nl\\\/product\\\/assen-auschwitz-assen-martin-hiemink\\\/#primaryimage\"},\"thumbnailUrl\":\"https:\\\/\\\/huusvandetaol.nl\\\/wp-content\\\/uploads\\\/2020\\\/04\\\/Assen-Auschwitz-Assen-Martin-Hiemink-Huus-van-de-Taol-Het-Drentse-Boek-2.jpg\",\"datePublished\":\"2020-04-17T08:18:42+00:00\",\"dateModified\":\"2025-03-28T13:08:05+00:00\",\"breadcrumb\":{\"@id\":\"https:\\\/\\\/huusvandetaol.nl\\\/nl\\\/product\\\/assen-auschwitz-assen-martin-hiemink\\\/#breadcrumb\"},\"inLanguage\":\"nl-NL\",\"potentialAction\":[{\"@type\":\"ReadAction\",\"target\":[\"https:\\\/\\\/huusvandetaol.nl\\\/nl\\\/product\\\/assen-auschwitz-assen-martin-hiemink\\\/\"]}]},{\"@type\":\"ImageObject\",\"inLanguage\":\"nl-NL\",\"@id\":\"https:\\\/\\\/huusvandetaol.nl\\\/nl\\\/product\\\/assen-auschwitz-assen-martin-hiemink\\\/#primaryimage\",\"url\":\"https:\\\/\\\/huusvandetaol.nl\\\/wp-content\\\/uploads\\\/2020\\\/04\\\/Assen-Auschwitz-Assen-Martin-Hiemink-Huus-van-de-Taol-Het-Drentse-Boek-2.jpg\",\"contentUrl\":\"https:\\\/\\\/huusvandetaol.nl\\\/wp-content\\\/uploads\\\/2020\\\/04\\\/Assen-Auschwitz-Assen-Martin-Hiemink-Huus-van-de-Taol-Het-Drentse-Boek-2.jpg\",\"width\":1998,\"height\":1998,\"caption\":\"Assen Auschwitz Assen Martin Hiemink Huus van de Taol Het Drentse Boek (2)\"},{\"@type\":\"BreadcrumbList\",\"@id\":\"https:\\\/\\\/huusvandetaol.nl\\\/nl\\\/product\\\/assen-auschwitz-assen-martin-hiemink\\\/#breadcrumb\",\"itemListElement\":[{\"@type\":\"ListItem\",\"position\":1,\"name\":\"Thoesblad\",\"item\":\"https:\\\/\\\/huusvandetaol.nl\\\/nl\\\/\"},{\"@type\":\"ListItem\",\"position\":2,\"name\":\"Webshop\",\"item\":\"https:\\\/\\\/huusvandetaol.nl\\\/nl\\\/webshop\\\/\"},{\"@type\":\"ListItem\",\"position\":3,\"name\":\"Assen-Auschwitz-Assen &#8211; Martin Hiemink\"}]},{\"@type\":\"WebSite\",\"@id\":\"https:\\\/\\\/huusvandetaol.nl\\\/nl\\\/#website\",\"url\":\"https:\\\/\\\/huusvandetaol.nl\\\/nl\\\/\",\"name\":\"Huus van de Taol\",\"description\":\"Wies met Drents\",\"publisher\":{\"@id\":\"https:\\\/\\\/huusvandetaol.nl\\\/nl\\\/#organization\"},\"potentialAction\":[{\"@type\":\"SearchAction\",\"target\":{\"@type\":\"EntryPoint\",\"urlTemplate\":\"https:\\\/\\\/huusvandetaol.nl\\\/nl\\\/?s={search_term_string}\"},\"query-input\":{\"@type\":\"PropertyValueSpecification\",\"valueRequired\":true,\"valueName\":\"search_term_string\"}}],\"inLanguage\":\"nl-NL\"},{\"@type\":\"Organization\",\"@id\":\"https:\\\/\\\/huusvandetaol.nl\\\/nl\\\/#organization\",\"name\":\"Huus van de Taol\",\"url\":\"https:\\\/\\\/huusvandetaol.nl\\\/nl\\\/\",\"logo\":{\"@type\":\"ImageObject\",\"inLanguage\":\"nl-NL\",\"@id\":\"https:\\\/\\\/huusvandetaol.nl\\\/nl\\\/#\\\/schema\\\/logo\\\/image\\\/\",\"url\":\"https:\\\/\\\/huusvandetaol.nl\\\/wp-content\\\/uploads\\\/downloads\\\/logo.png\",\"contentUrl\":\"https:\\\/\\\/huusvandetaol.nl\\\/wp-content\\\/uploads\\\/downloads\\\/logo.png\",\"width\":1146,\"height\":693,\"caption\":\"Huus van de Taol\"},\"image\":{\"@id\":\"https:\\\/\\\/huusvandetaol.nl\\\/nl\\\/#\\\/schema\\\/logo\\\/image\\\/\"},\"sameAs\":[\"https:\\\/\\\/www.facebook.com\\\/huusvandetaol\\\/\",\"https:\\\/\\\/x.com\\\/HuusvandeTaol\",\"https:\\\/\\\/www.instagram.com\\\/huusvandetaol\\\/\"]}]}<\/script>\n<!-- \/ Yoast SEO plugin. -->","yoast_head_json":{"title":"Assen-Auschwitz-Assen - Martin Hiemink - Huus van de Taol","robots":{"index":"index","follow":"follow","max-snippet":"max-snippet:-1","max-image-preview":"max-image-preview:large","max-video-preview":"max-video-preview:-1"},"canonical":"https:\/\/huusvandetaol.nl\/nl\/product\/assen-auschwitz-assen-martin-hiemink\/","og_locale":"nl_NL","og_type":"article","og_title":"Assen-Auschwitz-Assen - Martin Hiemink - Huus van de Taol","og_description":"Assen-Auschwitz-Assen vertelt het levensverhaal van Netty Lezer, die de concentratiekampen Westerbork, Auschwitz en Bergen Belsen overleefde.","og_url":"https:\/\/huusvandetaol.nl\/nl\/product\/assen-auschwitz-assen-martin-hiemink\/","og_site_name":"Huus van de Taol","article_publisher":"https:\/\/www.facebook.com\/huusvandetaol\/","article_modified_time":"2025-03-28T13:08:05+00:00","og_image":[{"width":1998,"height":1998,"url":"https:\/\/huusvandetaol.nl\/wp-content\/uploads\/2020\/04\/Assen-Auschwitz-Assen-Martin-Hiemink-Huus-van-de-Taol-Het-Drentse-Boek-2.jpg","type":"image\/jpeg"}],"twitter_card":"summary_large_image","twitter_site":"@HuusvandeTaol","twitter_misc":{"Geschatte leestijd":"1 minuut"},"schema":{"@context":"https:\/\/schema.org","@graph":[{"@type":"WebPage","@id":"https:\/\/huusvandetaol.nl\/nl\/product\/assen-auschwitz-assen-martin-hiemink\/","url":"https:\/\/huusvandetaol.nl\/nl\/product\/assen-auschwitz-assen-martin-hiemink\/","name":"Assen-Auschwitz-Assen - Martin Hiemink - Huus van de Taol","isPartOf":{"@id":"https:\/\/huusvandetaol.nl\/nl\/#website"},"primaryImageOfPage":{"@id":"https:\/\/huusvandetaol.nl\/nl\/product\/assen-auschwitz-assen-martin-hiemink\/#primaryimage"},"image":{"@id":"https:\/\/huusvandetaol.nl\/nl\/product\/assen-auschwitz-assen-martin-hiemink\/#primaryimage"},"thumbnailUrl":"https:\/\/huusvandetaol.nl\/wp-content\/uploads\/2020\/04\/Assen-Auschwitz-Assen-Martin-Hiemink-Huus-van-de-Taol-Het-Drentse-Boek-2.jpg","datePublished":"2020-04-17T08:18:42+00:00","dateModified":"2025-03-28T13:08:05+00:00","breadcrumb":{"@id":"https:\/\/huusvandetaol.nl\/nl\/product\/assen-auschwitz-assen-martin-hiemink\/#breadcrumb"},"inLanguage":"nl-NL","potentialAction":[{"@type":"ReadAction","target":["https:\/\/huusvandetaol.nl\/nl\/product\/assen-auschwitz-assen-martin-hiemink\/"]}]},{"@type":"ImageObject","inLanguage":"nl-NL","@id":"https:\/\/huusvandetaol.nl\/nl\/product\/assen-auschwitz-assen-martin-hiemink\/#primaryimage","url":"https:\/\/huusvandetaol.nl\/wp-content\/uploads\/2020\/04\/Assen-Auschwitz-Assen-Martin-Hiemink-Huus-van-de-Taol-Het-Drentse-Boek-2.jpg","contentUrl":"https:\/\/huusvandetaol.nl\/wp-content\/uploads\/2020\/04\/Assen-Auschwitz-Assen-Martin-Hiemink-Huus-van-de-Taol-Het-Drentse-Boek-2.jpg","width":1998,"height":1998,"caption":"Assen Auschwitz Assen Martin Hiemink Huus van de Taol Het Drentse Boek (2)"},{"@type":"BreadcrumbList","@id":"https:\/\/huusvandetaol.nl\/nl\/product\/assen-auschwitz-assen-martin-hiemink\/#breadcrumb","itemListElement":[{"@type":"ListItem","position":1,"name":"Thoesblad","item":"https:\/\/huusvandetaol.nl\/nl\/"},{"@type":"ListItem","position":2,"name":"Webshop","item":"https:\/\/huusvandetaol.nl\/nl\/webshop\/"},{"@type":"ListItem","position":3,"name":"Assen-Auschwitz-Assen &#8211; Martin Hiemink"}]},{"@type":"WebSite","@id":"https:\/\/huusvandetaol.nl\/nl\/#website","url":"https:\/\/huusvandetaol.nl\/nl\/","name":"Huus van de Taol","description":"Wies met Drents","publisher":{"@id":"https:\/\/huusvandetaol.nl\/nl\/#organization"},"potentialAction":[{"@type":"SearchAction","target":{"@type":"EntryPoint","urlTemplate":"https:\/\/huusvandetaol.nl\/nl\/?s={search_term_string}"},"query-input":{"@type":"PropertyValueSpecification","valueRequired":true,"valueName":"search_term_string"}}],"inLanguage":"nl-NL"},{"@type":"Organization","@id":"https:\/\/huusvandetaol.nl\/nl\/#organization","name":"Huus van de Taol","url":"https:\/\/huusvandetaol.nl\/nl\/","logo":{"@type":"ImageObject","inLanguage":"nl-NL","@id":"https:\/\/huusvandetaol.nl\/nl\/#\/schema\/logo\/image\/","url":"https:\/\/huusvandetaol.nl\/wp-content\/uploads\/downloads\/logo.png","contentUrl":"https:\/\/huusvandetaol.nl\/wp-content\/uploads\/downloads\/logo.png","width":1146,"height":693,"caption":"Huus van de Taol"},"image":{"@id":"https:\/\/huusvandetaol.nl\/nl\/#\/schema\/logo\/image\/"},"sameAs":["https:\/\/www.facebook.com\/huusvandetaol\/","https:\/\/x.com\/HuusvandeTaol","https:\/\/www.instagram.com\/huusvandetaol\/"]}]}},"_links":{"self":[{"href":"https:\/\/huusvandetaol.nl\/nl\/wp-json\/wp\/v2\/product\/59611","targetHints":{"allow":["GET"]}}],"collection":[{"href":"https:\/\/huusvandetaol.nl\/nl\/wp-json\/wp\/v2\/product"}],"about":[{"href":"https:\/\/huusvandetaol.nl\/nl\/wp-json\/wp\/v2\/types\/product"}],"wp:featuredmedia":[{"embeddable":true,"href":"https:\/\/huusvandetaol.nl\/nl\/wp-json\/wp\/v2\/media\/3633"}],"wp:attachment":[{"href":"https:\/\/huusvandetaol.nl\/nl\/wp-json\/wp\/v2\/media?parent=59611"}],"wp:term":[{"taxonomy":"product_brand","embeddable":true,"href":"https:\/\/huusvandetaol.nl\/nl\/wp-json\/wp\/v2\/product_brand?post=59611"},{"taxonomy":"product_cat","embeddable":true,"href":"https:\/\/huusvandetaol.nl\/nl\/wp-json\/wp\/v2\/product_cat?post=59611"},{"taxonomy":"product_tag","embeddable":true,"href":"https:\/\/huusvandetaol.nl\/nl\/wp-json\/wp\/v2\/product_tag?post=59611"}],"curies":[{"name":"wp","href":"https:\/\/api.w.org\/{rel}","templated":true}]}}