{"id":61053,"date":"2025-06-06T11:29:40","date_gmt":"2025-06-06T09:29:40","guid":{"rendered":"https:\/\/huusvandetaol.nl\/product\/t-shirt-blaffers-bint-gien-bieters\/"},"modified":"2025-08-14T14:58:05","modified_gmt":"2025-08-14T12:58:05","slug":"t-shirt-blaffers-bint-gien-bieters","status":"publish","type":"product","link":"https:\/\/huusvandetaol.nl\/nl\/product\/t-shirt-blaffers-bint-gien-bieters\/","title":{"rendered":"T-shirt &#8216;Blaffers bint gien bieters&#8217;"},"content":{"rendered":"<p>Blaffers bint gien bieters oftewal blaffende honden biet niet. Misschien hej wal een hond die altijd blaft, maor gien m\u00e8ens kwaod d\u00f6t. Of misschien maak ie z\u00f6lf wal een bult lawaai, maor doej nog gien vlieg kwaod. Met dit unisex t-shirt kuj de m\u00e8ensen um je hen dus geruststellen.<\/p>\n<p>Product kenmarken<br \/>\n&#8211; Maakt van 100% ketoen<br \/>\n&#8211; Zacht en comfortabel<\/p>\n<p>Wasveurschrift<br \/>\n&#8211; Dreuger: op lege temperatuur<br \/>\n&#8211; Niet bleken<br \/>\n&#8211; Strieken of stomen: op lege temperatuur<br \/>\n&#8211; Op max. 30 graoden wassen met gelieke kleuren<\/p>\n<table id=\"size-guide\" style=\"min-width: 360px;\">\n<thead>\n<tr>\n<th style=\"padding: 10px;\"><\/th>\n<th style=\"color: #000000; font-weight: 500; text-align: left; font-size: 15px; padding: 10px;\">S<\/th>\n<th style=\"color: #000000; font-weight: 500; text-align: left; font-size: 15px; padding: 10px;\">M<\/th>\n<th style=\"color: #000000; font-weight: 500; text-align: left; font-size: 15px; padding: 10px;\">L<\/th>\n<th style=\"color: #000000; font-weight: 500; text-align: left; font-size: 15px; padding: 10px;\">XL<\/th>\n<th style=\"color: #000000; font-weight: 500; text-align: left; font-size: 15px; padding: 10px;\">2XL<\/th>\n<th style=\"color: #000000; font-weight: 500; text-align: left; font-size: 15px; padding: 10px;\">3XL<\/th>\n<th style=\"color: #000000; font-weight: 500; text-align: left; font-size: 15px; padding: 10px;\">4XL<\/th>\n<th style=\"color: #000000; font-weight: 500; text-align: left; font-size: 15px; padding: 10px;\">5XL<\/th>\n<\/tr>\n<\/thead>\n<tbody>\n<tr>\n<td style=\"padding: 10px; color: #525252; font-size: 15px; border-top: 1px solid #ededed;\">Bredte, cm<\/td>\n<td style=\"padding: 10px; color: #525252; font-size: 15px; border-top: 1px solid #ededed;\">45.72<\/td>\n<td style=\"padding: 10px; color: #525252; font-size: 15px; border-top: 1px solid #ededed;\">50.80<\/td>\n<td style=\"padding: 10px; color: #525252; font-size: 15px; border-top: 1px solid #ededed;\">55.88<\/td>\n<td style=\"padding: 10px; color: #525252; font-size: 15px; border-top: 1px solid #ededed;\">60.96<\/td>\n<td style=\"padding: 10px; color: #525252; font-size: 15px; border-top: 1px solid #ededed;\">66.04<\/td>\n<td style=\"padding: 10px; color: #525252; font-size: 15px; border-top: 1px solid #ededed;\">71.12<\/td>\n<td style=\"padding: 10px; color: #525252; font-size: 15px; border-top: 1px solid #ededed;\">76.20<\/td>\n<td style=\"padding: 10px; color: #525252; font-size: 15px; border-top: 1px solid #ededed;\">81.28<\/td>\n<\/tr>\n<tr>\n<td style=\"padding: 10px; color: #525252; font-size: 15px; border-top: 1px solid #ededed;\">Lengte, cm<\/td>\n<td style=\"padding: 10px; color: #525252; font-size: 15px; border-top: 1px solid #ededed;\">71.12<\/td>\n<td style=\"padding: 10px; color: #525252; font-size: 15px; border-top: 1px solid #ededed;\">73.66<\/td>\n<td style=\"padding: 10px; color: #525252; font-size: 15px; border-top: 1px solid #ededed;\">76.20<\/td>\n<td style=\"padding: 10px; color: #525252; font-size: 15px; border-top: 1px solid #ededed;\">78.74<\/td>\n<td style=\"padding: 10px; color: #525252; font-size: 15px; border-top: 1px solid #ededed;\">81.28<\/td>\n<td style=\"padding: 10px; color: #525252; font-size: 15px; border-top: 1px solid #ededed;\">83.82<\/td>\n<td style=\"padding: 10px; color: #525252; font-size: 15px; border-top: 1px solid #ededed;\">86.36<\/td>\n<td style=\"padding: 10px; color: #525252; font-size: 15px; border-top: 1px solid #ededed;\">88.90<\/td>\n<\/tr>\n<tr>\n<td style=\"padding: 10px; color: #525252; font-size: 15px; border-top: 1px solid #ededed;\">Mouwlengte, cm<\/td>\n<td style=\"padding: 10px; color: #525252; font-size: 15px; border-top: 1px solid #ededed;\">20.90<\/td>\n<td style=\"padding: 10px; color: #525252; font-size: 15px; border-top: 1px solid #ededed;\">21.60<\/td>\n<td style=\"padding: 10px; color: #525252; font-size: 15px; border-top: 1px solid #ededed;\">22.20<\/td>\n<td style=\"padding: 10px; color: #525252; font-size: 15px; border-top: 1px solid #ededed;\">22.90<\/td>\n<td style=\"padding: 10px; color: #525252; font-size: 15px; border-top: 1px solid #ededed;\">23.50<\/td>\n<td style=\"padding: 10px; color: #525252; font-size: 15px; border-top: 1px solid #ededed;\">24.10<\/td>\n<td style=\"padding: 10px; color: #525252; font-size: 15px; border-top: 1px solid #ededed;\">24.70<\/td>\n<td style=\"padding: 10px; color: #525252; font-size: 15px; border-top: 1px solid #ededed;\">25.30<\/td>\n<\/tr>\n<tr>\n<td style=\"padding-top: 10px; padding-right: 10px; padding-bottom: 10px; color: #525252; font-size: 15px; border-top: 1px solid #ededed;\"><\/td>\n<td style=\"padding: 10px; color: #525252; font-size: 15px; border-top: 1px solid #ededed;\"><\/td>\n<td style=\"padding: 10px; color: #525252; font-size: 15px; border-top: 1px solid #ededed;\"><\/td>\n<td style=\"padding: 10px; color: #525252; font-size: 15px; border-top: 1px solid #ededed;\"><\/td>\n<td style=\"padding: 10px; color: #525252; font-size: 15px; border-top: 1px solid #ededed;\"><\/td>\n<td style=\"padding: 10px; color: #525252; font-size: 15px; border-top: 1px solid #ededed;\"><\/td>\n<td style=\"padding: 10px; color: #525252; font-size: 15px; border-top: 1px solid #ededed;\"><\/td>\n<td style=\"padding: 10px; color: #525252; font-size: 15px; border-top: 1px solid #ededed;\"><\/td>\n<td style=\"padding: 10px; color: #525252; font-size: 15px; border-top: 1px solid #ededed;\"><\/td>\n<\/tr>\n<\/tbody>\n<\/table>\n<p><em style=\"font-family: Montserrat, sans-serif; font-size: 15px; position: relative;\">Dit product wordt leverd deur een partner van het Huus van de Taol en pas maakt naodaj hum besteld hebt. Wij hebt hiervan dus gien veurraod liggen. Dat betiekent ok daj het niet weerum doen kunt.\u00a0<\/em><\/p>\n<p style=\"position: relative; margin-top: 0px; margin-bottom: 10px; font-size: 15px; line-height: 25px; font-family: Montserrat, sans-serif; background-color: #ffffff;\"><em style=\"position: relative;\">Gemiddeld duurt het een week veurdaj het bestelde product in hoes hebt.<\/em><\/p>\n","protected":false},"excerpt":{"rendered":"<p>Misschien maak ie z\u00f6lf wal een bult lawaai, maor doej nog gien vlieg kwaod.<\/p>\n","protected":false},"featured_media":61091,"template":"","meta":{"_acf_changed":false},"product_brand":[],"product_cat":[31,1533],"product_tag":[1686,211,1463,1498,1687],"class_list":{"0":"post-61053","1":"product","2":"type-product","3":"status-publish","4":"has-post-thumbnail","6":"product_cat-kleding","7":"product_cat-t-shirts","8":"product_tag-blaffers-bint-gien-bieters","9":"product_tag-drents","10":"product_tag-t-shirt-met-drentse-tekst","11":"product_tag-t-shirt-met-grappige-tekst","12":"product_tag-t-shirt-veur-hondenliefhebber","14":"first","15":"instock","16":"taxable","17":"shipping-taxable","18":"purchasable","19":"product-type-variable","20":"has-default-attributes"},"acf":[],"yoast_head":"<!-- This site is optimized with the Yoast SEO plugin v27.3 - https:\/\/yoast.com\/product\/yoast-seo-wordpress\/ -->\n<title>T-shirt &#039;Blaffers bint gien bieters&#039; - Huus van de Taol<\/title>\n<meta name=\"description\" content=\"Blaffers bint gien bieters oftewal blaffende honden biet niet.\" \/>\n<meta name=\"robots\" content=\"index, follow, max-snippet:-1, max-image-preview:large, max-video-preview:-1\" \/>\n<link rel=\"canonical\" href=\"https:\/\/huusvandetaol.nl\/nl\/product\/t-shirt-blaffers-bint-gien-bieters\/\" \/>\n<meta property=\"og:locale\" content=\"nl_NL\" \/>\n<meta property=\"og:type\" content=\"article\" \/>\n<meta property=\"og:title\" content=\"T-shirt &#039;Blaffers bint gien bieters&#039; - Huus van de Taol\" \/>\n<meta property=\"og:description\" content=\"Blaffers bint gien bieters oftewal blaffende honden biet niet.\" \/>\n<meta property=\"og:url\" content=\"https:\/\/huusvandetaol.nl\/nl\/product\/t-shirt-blaffers-bint-gien-bieters\/\" \/>\n<meta property=\"og:site_name\" content=\"Huus van de Taol\" \/>\n<meta property=\"article:publisher\" content=\"https:\/\/www.facebook.com\/huusvandetaol\/\" \/>\n<meta property=\"article:modified_time\" content=\"2025-08-14T12:58:05+00:00\" \/>\n<meta property=\"og:image\" content=\"https:\/\/huusvandetaol.nl\/wp-content\/uploads\/2025\/06\/9781955278440787940_2048.jpeg\" \/>\n\t<meta property=\"og:image:width\" content=\"2048\" \/>\n\t<meta property=\"og:image:height\" content=\"2048\" \/>\n\t<meta property=\"og:image:type\" content=\"image\/jpeg\" \/>\n<meta name=\"twitter:card\" content=\"summary_large_image\" \/>\n<meta name=\"twitter:site\" content=\"@HuusvandeTaol\" \/>\n<meta name=\"twitter:label1\" content=\"Geschatte leestijd\" \/>\n\t<meta name=\"twitter:data1\" content=\"2 minuten\" \/>\n<script type=\"application\/ld+json\" class=\"yoast-schema-graph\">{\"@context\":\"https:\\\/\\\/schema.org\",\"@graph\":[{\"@type\":\"WebPage\",\"@id\":\"https:\\\/\\\/huusvandetaol.nl\\\/nl\\\/product\\\/t-shirt-blaffers-bint-gien-bieters\\\/\",\"url\":\"https:\\\/\\\/huusvandetaol.nl\\\/nl\\\/product\\\/t-shirt-blaffers-bint-gien-bieters\\\/\",\"name\":\"T-shirt 'Blaffers bint gien bieters' - Huus van de Taol\",\"isPartOf\":{\"@id\":\"https:\\\/\\\/huusvandetaol.nl\\\/nl\\\/#website\"},\"primaryImageOfPage\":{\"@id\":\"https:\\\/\\\/huusvandetaol.nl\\\/nl\\\/product\\\/t-shirt-blaffers-bint-gien-bieters\\\/#primaryimage\"},\"image\":{\"@id\":\"https:\\\/\\\/huusvandetaol.nl\\\/nl\\\/product\\\/t-shirt-blaffers-bint-gien-bieters\\\/#primaryimage\"},\"thumbnailUrl\":\"https:\\\/\\\/huusvandetaol.nl\\\/wp-content\\\/uploads\\\/2025\\\/06\\\/9781955278440787940_2048.jpeg\",\"datePublished\":\"2025-06-06T09:29:40+00:00\",\"dateModified\":\"2025-08-14T12:58:05+00:00\",\"description\":\"Blaffers bint gien bieters oftewal blaffende honden biet niet.\",\"breadcrumb\":{\"@id\":\"https:\\\/\\\/huusvandetaol.nl\\\/nl\\\/product\\\/t-shirt-blaffers-bint-gien-bieters\\\/#breadcrumb\"},\"inLanguage\":\"nl-NL\",\"potentialAction\":[{\"@type\":\"ReadAction\",\"target\":[\"https:\\\/\\\/huusvandetaol.nl\\\/nl\\\/product\\\/t-shirt-blaffers-bint-gien-bieters\\\/\"]}]},{\"@type\":\"ImageObject\",\"inLanguage\":\"nl-NL\",\"@id\":\"https:\\\/\\\/huusvandetaol.nl\\\/nl\\\/product\\\/t-shirt-blaffers-bint-gien-bieters\\\/#primaryimage\",\"url\":\"https:\\\/\\\/huusvandetaol.nl\\\/wp-content\\\/uploads\\\/2025\\\/06\\\/9781955278440787940_2048.jpeg\",\"contentUrl\":\"https:\\\/\\\/huusvandetaol.nl\\\/wp-content\\\/uploads\\\/2025\\\/06\\\/9781955278440787940_2048.jpeg\",\"width\":2048,\"height\":2048},{\"@type\":\"BreadcrumbList\",\"@id\":\"https:\\\/\\\/huusvandetaol.nl\\\/nl\\\/product\\\/t-shirt-blaffers-bint-gien-bieters\\\/#breadcrumb\",\"itemListElement\":[{\"@type\":\"ListItem\",\"position\":1,\"name\":\"Thoesblad\",\"item\":\"https:\\\/\\\/huusvandetaol.nl\\\/nl\\\/\"},{\"@type\":\"ListItem\",\"position\":2,\"name\":\"Webshop\",\"item\":\"https:\\\/\\\/huusvandetaol.nl\\\/nl\\\/webshop\\\/\"},{\"@type\":\"ListItem\",\"position\":3,\"name\":\"T-shirt &#8216;Blaffers bint gien bieters&#8217;\"}]},{\"@type\":\"WebSite\",\"@id\":\"https:\\\/\\\/huusvandetaol.nl\\\/nl\\\/#website\",\"url\":\"https:\\\/\\\/huusvandetaol.nl\\\/nl\\\/\",\"name\":\"Huus van de Taol\",\"description\":\"Wies met Drents\",\"publisher\":{\"@id\":\"https:\\\/\\\/huusvandetaol.nl\\\/nl\\\/#organization\"},\"potentialAction\":[{\"@type\":\"SearchAction\",\"target\":{\"@type\":\"EntryPoint\",\"urlTemplate\":\"https:\\\/\\\/huusvandetaol.nl\\\/nl\\\/?s={search_term_string}\"},\"query-input\":{\"@type\":\"PropertyValueSpecification\",\"valueRequired\":true,\"valueName\":\"search_term_string\"}}],\"inLanguage\":\"nl-NL\"},{\"@type\":\"Organization\",\"@id\":\"https:\\\/\\\/huusvandetaol.nl\\\/nl\\\/#organization\",\"name\":\"Huus van de Taol\",\"url\":\"https:\\\/\\\/huusvandetaol.nl\\\/nl\\\/\",\"logo\":{\"@type\":\"ImageObject\",\"inLanguage\":\"nl-NL\",\"@id\":\"https:\\\/\\\/huusvandetaol.nl\\\/nl\\\/#\\\/schema\\\/logo\\\/image\\\/\",\"url\":\"https:\\\/\\\/huusvandetaol.nl\\\/wp-content\\\/uploads\\\/downloads\\\/logo.png\",\"contentUrl\":\"https:\\\/\\\/huusvandetaol.nl\\\/wp-content\\\/uploads\\\/downloads\\\/logo.png\",\"width\":1146,\"height\":693,\"caption\":\"Huus van de Taol\"},\"image\":{\"@id\":\"https:\\\/\\\/huusvandetaol.nl\\\/nl\\\/#\\\/schema\\\/logo\\\/image\\\/\"},\"sameAs\":[\"https:\\\/\\\/www.facebook.com\\\/huusvandetaol\\\/\",\"https:\\\/\\\/x.com\\\/HuusvandeTaol\",\"https:\\\/\\\/www.instagram.com\\\/huusvandetaol\\\/\"]}]}<\/script>\n<!-- \/ Yoast SEO plugin. -->","yoast_head_json":{"title":"T-shirt 'Blaffers bint gien bieters' - Huus van de Taol","description":"Blaffers bint gien bieters oftewal blaffende honden biet niet.","robots":{"index":"index","follow":"follow","max-snippet":"max-snippet:-1","max-image-preview":"max-image-preview:large","max-video-preview":"max-video-preview:-1"},"canonical":"https:\/\/huusvandetaol.nl\/nl\/product\/t-shirt-blaffers-bint-gien-bieters\/","og_locale":"nl_NL","og_type":"article","og_title":"T-shirt 'Blaffers bint gien bieters' - Huus van de Taol","og_description":"Blaffers bint gien bieters oftewal blaffende honden biet niet.","og_url":"https:\/\/huusvandetaol.nl\/nl\/product\/t-shirt-blaffers-bint-gien-bieters\/","og_site_name":"Huus van de Taol","article_publisher":"https:\/\/www.facebook.com\/huusvandetaol\/","article_modified_time":"2025-08-14T12:58:05+00:00","og_image":[{"width":2048,"height":2048,"url":"https:\/\/huusvandetaol.nl\/wp-content\/uploads\/2025\/06\/9781955278440787940_2048.jpeg","type":"image\/jpeg"}],"twitter_card":"summary_large_image","twitter_site":"@HuusvandeTaol","twitter_misc":{"Geschatte leestijd":"2 minuten"},"schema":{"@context":"https:\/\/schema.org","@graph":[{"@type":"WebPage","@id":"https:\/\/huusvandetaol.nl\/nl\/product\/t-shirt-blaffers-bint-gien-bieters\/","url":"https:\/\/huusvandetaol.nl\/nl\/product\/t-shirt-blaffers-bint-gien-bieters\/","name":"T-shirt 'Blaffers bint gien bieters' - Huus van de Taol","isPartOf":{"@id":"https:\/\/huusvandetaol.nl\/nl\/#website"},"primaryImageOfPage":{"@id":"https:\/\/huusvandetaol.nl\/nl\/product\/t-shirt-blaffers-bint-gien-bieters\/#primaryimage"},"image":{"@id":"https:\/\/huusvandetaol.nl\/nl\/product\/t-shirt-blaffers-bint-gien-bieters\/#primaryimage"},"thumbnailUrl":"https:\/\/huusvandetaol.nl\/wp-content\/uploads\/2025\/06\/9781955278440787940_2048.jpeg","datePublished":"2025-06-06T09:29:40+00:00","dateModified":"2025-08-14T12:58:05+00:00","description":"Blaffers bint gien bieters oftewal blaffende honden biet niet.","breadcrumb":{"@id":"https:\/\/huusvandetaol.nl\/nl\/product\/t-shirt-blaffers-bint-gien-bieters\/#breadcrumb"},"inLanguage":"nl-NL","potentialAction":[{"@type":"ReadAction","target":["https:\/\/huusvandetaol.nl\/nl\/product\/t-shirt-blaffers-bint-gien-bieters\/"]}]},{"@type":"ImageObject","inLanguage":"nl-NL","@id":"https:\/\/huusvandetaol.nl\/nl\/product\/t-shirt-blaffers-bint-gien-bieters\/#primaryimage","url":"https:\/\/huusvandetaol.nl\/wp-content\/uploads\/2025\/06\/9781955278440787940_2048.jpeg","contentUrl":"https:\/\/huusvandetaol.nl\/wp-content\/uploads\/2025\/06\/9781955278440787940_2048.jpeg","width":2048,"height":2048},{"@type":"BreadcrumbList","@id":"https:\/\/huusvandetaol.nl\/nl\/product\/t-shirt-blaffers-bint-gien-bieters\/#breadcrumb","itemListElement":[{"@type":"ListItem","position":1,"name":"Thoesblad","item":"https:\/\/huusvandetaol.nl\/nl\/"},{"@type":"ListItem","position":2,"name":"Webshop","item":"https:\/\/huusvandetaol.nl\/nl\/webshop\/"},{"@type":"ListItem","position":3,"name":"T-shirt &#8216;Blaffers bint gien bieters&#8217;"}]},{"@type":"WebSite","@id":"https:\/\/huusvandetaol.nl\/nl\/#website","url":"https:\/\/huusvandetaol.nl\/nl\/","name":"Huus van de Taol","description":"Wies met Drents","publisher":{"@id":"https:\/\/huusvandetaol.nl\/nl\/#organization"},"potentialAction":[{"@type":"SearchAction","target":{"@type":"EntryPoint","urlTemplate":"https:\/\/huusvandetaol.nl\/nl\/?s={search_term_string}"},"query-input":{"@type":"PropertyValueSpecification","valueRequired":true,"valueName":"search_term_string"}}],"inLanguage":"nl-NL"},{"@type":"Organization","@id":"https:\/\/huusvandetaol.nl\/nl\/#organization","name":"Huus van de Taol","url":"https:\/\/huusvandetaol.nl\/nl\/","logo":{"@type":"ImageObject","inLanguage":"nl-NL","@id":"https:\/\/huusvandetaol.nl\/nl\/#\/schema\/logo\/image\/","url":"https:\/\/huusvandetaol.nl\/wp-content\/uploads\/downloads\/logo.png","contentUrl":"https:\/\/huusvandetaol.nl\/wp-content\/uploads\/downloads\/logo.png","width":1146,"height":693,"caption":"Huus van de Taol"},"image":{"@id":"https:\/\/huusvandetaol.nl\/nl\/#\/schema\/logo\/image\/"},"sameAs":["https:\/\/www.facebook.com\/huusvandetaol\/","https:\/\/x.com\/HuusvandeTaol","https:\/\/www.instagram.com\/huusvandetaol\/"]}]}},"_links":{"self":[{"href":"https:\/\/huusvandetaol.nl\/nl\/wp-json\/wp\/v2\/product\/61053","targetHints":{"allow":["GET"]}}],"collection":[{"href":"https:\/\/huusvandetaol.nl\/nl\/wp-json\/wp\/v2\/product"}],"about":[{"href":"https:\/\/huusvandetaol.nl\/nl\/wp-json\/wp\/v2\/types\/product"}],"wp:featuredmedia":[{"embeddable":true,"href":"https:\/\/huusvandetaol.nl\/nl\/wp-json\/wp\/v2\/media\/61091"}],"wp:attachment":[{"href":"https:\/\/huusvandetaol.nl\/nl\/wp-json\/wp\/v2\/media?parent=61053"}],"wp:term":[{"taxonomy":"product_brand","embeddable":true,"href":"https:\/\/huusvandetaol.nl\/nl\/wp-json\/wp\/v2\/product_brand?post=61053"},{"taxonomy":"product_cat","embeddable":true,"href":"https:\/\/huusvandetaol.nl\/nl\/wp-json\/wp\/v2\/product_cat?post=61053"},{"taxonomy":"product_tag","embeddable":true,"href":"https:\/\/huusvandetaol.nl\/nl\/wp-json\/wp\/v2\/product_tag?post=61053"}],"curies":[{"name":"wp","href":"https:\/\/api.w.org\/{rel}","templated":true}]}}