{"id":64481,"date":"2025-10-09T11:18:34","date_gmt":"2025-10-09T09:18:34","guid":{"rendered":"https:\/\/huusvandetaol.nl\/?post_type=product&#038;p=64481"},"modified":"2026-04-14T15:51:35","modified_gmt":"2026-04-14T13:51:35","slug":"vals-hans-katerberg-en-rolf-mulder","status":"publish","type":"product","link":"https:\/\/huusvandetaol.nl\/nl\/product\/vals-hans-katerberg-en-rolf-mulder\/","title":{"rendered":"Vals &#8211; Hans Katerberg en Rolf Mulder"},"content":{"rendered":"<p>Al sinds de oertied vertelt m\u00e8enschen mekaor starke verhalen over de vos. Ien van de eerste geschreven verhalen over een vos is al driedoezend jaor old, te vinden op een kleitablet in spiekerschrift. Die rooie rekel h\u00e8f wat!<\/p>\n<p>In <i>Vals <\/i>vin ij de wriede geschiedenis van Reynaert de Vos, treffend verteld in Dr\u00e8ents. Het is gien boek veur wieke kinderzielties: seks, moord, incest, umklokkerij en hiel veul list en bedrog \u2013 het komp der allemaol in veur.<\/p>\n<p>Het oorspronkelijke verhaal is gehiel op riem schreven deur een zekere Willem, umdebij het jaor 1270. Het is ien van de heugtepunten in de w\u00e8reldliteratuur. Hans Katerberg en Rolf Mulder hebt dizze Dr\u00e8entse bewarking verz\u00f6rgd, niet op riem maor echt as verhaal. De illustraties bint van Maartje I. Jansen.<\/p>\n<p>&nbsp;<\/p>\n<p>&nbsp;<\/p>\n","protected":false},"excerpt":{"rendered":"<p>Met\u00a0<em>Vals komp <\/em>het beroemdste dierenverhaal oet de Middelieuwen tot leven in het Dr\u00e8ents. Een klassieker die, hoe old ok, nog altied prikkelt en verrast.<\/p>\n","protected":false},"featured_media":68241,"template":"","meta":{"_acf_changed":false},"product_brand":[],"product_cat":[26,198],"product_tag":[1755,1756,1033,1758,1759,1754,1757,1751,1753,1750,1752],"class_list":{"0":"post-64481","1":"product","2":"type-product","3":"status-publish","4":"has-post-thumbnail","6":"product_cat-boeken","7":"product_cat-literatuur-romans","8":"product_tag-dierenverhalen","9":"product_tag-fabel","10":"product_tag-hans-katerberg","11":"product_tag-klassieker","12":"product_tag-list-en-bedrog","13":"product_tag-maartje-i-jansen","14":"product_tag-middeleeuwen","15":"product_tag-reynaert-de-vos","16":"product_tag-rolf-jansen","17":"product_tag-vals","18":"product_tag-van-den-vos-reynaerde","20":"first","21":"instock","22":"taxable","23":"shipping-taxable","24":"purchasable","25":"product-type-simple"},"acf":[],"yoast_head":"<!-- This site is optimized with the Yoast SEO plugin v27.3 - https:\/\/yoast.com\/product\/yoast-seo-wordpress\/ -->\n<title>Vals - Hans Katerberg en Rolf Mulder - Huus van de Taol<\/title>\n<meta name=\"description\" content=\"In Vals vin ij de wriede geschiedenis van Reynaert de Vos, treffend verteld in Dr\u00e8ents.\" \/>\n<meta name=\"robots\" content=\"index, follow, max-snippet:-1, max-image-preview:large, max-video-preview:-1\" \/>\n<link rel=\"canonical\" href=\"https:\/\/huusvandetaol.nl\/nl\/product\/vals-hans-katerberg-en-rolf-mulder\/\" \/>\n<meta property=\"og:locale\" content=\"nl_NL\" \/>\n<meta property=\"og:type\" content=\"article\" \/>\n<meta property=\"og:title\" content=\"Vals - Hans Katerberg en Rolf Mulder - Huus van de Taol\" \/>\n<meta property=\"og:description\" content=\"In Vals vin ij de wriede geschiedenis van Reynaert de Vos, treffend verteld in Dr\u00e8ents.\" \/>\n<meta property=\"og:url\" content=\"https:\/\/huusvandetaol.nl\/nl\/product\/vals-hans-katerberg-en-rolf-mulder\/\" \/>\n<meta property=\"og:site_name\" content=\"Huus van de Taol\" \/>\n<meta property=\"article:publisher\" content=\"https:\/\/www.facebook.com\/huusvandetaol\/\" \/>\n<meta property=\"article:modified_time\" content=\"2026-04-14T13:51:35+00:00\" \/>\n<meta property=\"og:image\" content=\"https:\/\/huusvandetaol.nl\/wp-content\/uploads\/2025\/10\/VIERKANT-VALS.1.jpeg\" \/>\n\t<meta property=\"og:image:width\" content=\"1683\" \/>\n\t<meta property=\"og:image:height\" content=\"1683\" \/>\n\t<meta property=\"og:image:type\" content=\"image\/jpeg\" \/>\n<meta name=\"twitter:card\" content=\"summary_large_image\" \/>\n<meta name=\"twitter:site\" content=\"@HuusvandeTaol\" \/>\n<meta name=\"twitter:label1\" content=\"Geschatte leestijd\" \/>\n\t<meta name=\"twitter:data1\" content=\"1 minuut\" \/>\n<script type=\"application\/ld+json\" class=\"yoast-schema-graph\">{\"@context\":\"https:\\\/\\\/schema.org\",\"@graph\":[{\"@type\":\"WebPage\",\"@id\":\"https:\\\/\\\/huusvandetaol.nl\\\/nl\\\/product\\\/vals-hans-katerberg-en-rolf-mulder\\\/\",\"url\":\"https:\\\/\\\/huusvandetaol.nl\\\/nl\\\/product\\\/vals-hans-katerberg-en-rolf-mulder\\\/\",\"name\":\"Vals - Hans Katerberg en Rolf Mulder - Huus van de Taol\",\"isPartOf\":{\"@id\":\"https:\\\/\\\/huusvandetaol.nl\\\/nl\\\/#website\"},\"primaryImageOfPage\":{\"@id\":\"https:\\\/\\\/huusvandetaol.nl\\\/nl\\\/product\\\/vals-hans-katerberg-en-rolf-mulder\\\/#primaryimage\"},\"image\":{\"@id\":\"https:\\\/\\\/huusvandetaol.nl\\\/nl\\\/product\\\/vals-hans-katerberg-en-rolf-mulder\\\/#primaryimage\"},\"thumbnailUrl\":\"https:\\\/\\\/huusvandetaol.nl\\\/wp-content\\\/uploads\\\/2025\\\/10\\\/VIERKANT-VALS.1.jpeg\",\"datePublished\":\"2025-10-09T09:18:34+00:00\",\"dateModified\":\"2026-04-14T13:51:35+00:00\",\"description\":\"In Vals vin ij de wriede geschiedenis van Reynaert de Vos, treffend verteld in Dr\u00e8ents.\",\"breadcrumb\":{\"@id\":\"https:\\\/\\\/huusvandetaol.nl\\\/nl\\\/product\\\/vals-hans-katerberg-en-rolf-mulder\\\/#breadcrumb\"},\"inLanguage\":\"nl-NL\",\"potentialAction\":[{\"@type\":\"ReadAction\",\"target\":[\"https:\\\/\\\/huusvandetaol.nl\\\/nl\\\/product\\\/vals-hans-katerberg-en-rolf-mulder\\\/\"]}]},{\"@type\":\"ImageObject\",\"inLanguage\":\"nl-NL\",\"@id\":\"https:\\\/\\\/huusvandetaol.nl\\\/nl\\\/product\\\/vals-hans-katerberg-en-rolf-mulder\\\/#primaryimage\",\"url\":\"https:\\\/\\\/huusvandetaol.nl\\\/wp-content\\\/uploads\\\/2025\\\/10\\\/VIERKANT-VALS.1.jpeg\",\"contentUrl\":\"https:\\\/\\\/huusvandetaol.nl\\\/wp-content\\\/uploads\\\/2025\\\/10\\\/VIERKANT-VALS.1.jpeg\",\"width\":1683,\"height\":1683},{\"@type\":\"BreadcrumbList\",\"@id\":\"https:\\\/\\\/huusvandetaol.nl\\\/nl\\\/product\\\/vals-hans-katerberg-en-rolf-mulder\\\/#breadcrumb\",\"itemListElement\":[{\"@type\":\"ListItem\",\"position\":1,\"name\":\"Thoesblad\",\"item\":\"https:\\\/\\\/huusvandetaol.nl\\\/nl\\\/\"},{\"@type\":\"ListItem\",\"position\":2,\"name\":\"Webshop\",\"item\":\"https:\\\/\\\/huusvandetaol.nl\\\/nl\\\/webshop\\\/\"},{\"@type\":\"ListItem\",\"position\":3,\"name\":\"Vals &#8211; Hans Katerberg en Rolf Mulder\"}]},{\"@type\":\"WebSite\",\"@id\":\"https:\\\/\\\/huusvandetaol.nl\\\/nl\\\/#website\",\"url\":\"https:\\\/\\\/huusvandetaol.nl\\\/nl\\\/\",\"name\":\"Huus van de Taol\",\"description\":\"Wies met Drents\",\"publisher\":{\"@id\":\"https:\\\/\\\/huusvandetaol.nl\\\/nl\\\/#organization\"},\"potentialAction\":[{\"@type\":\"SearchAction\",\"target\":{\"@type\":\"EntryPoint\",\"urlTemplate\":\"https:\\\/\\\/huusvandetaol.nl\\\/nl\\\/?s={search_term_string}\"},\"query-input\":{\"@type\":\"PropertyValueSpecification\",\"valueRequired\":true,\"valueName\":\"search_term_string\"}}],\"inLanguage\":\"nl-NL\"},{\"@type\":\"Organization\",\"@id\":\"https:\\\/\\\/huusvandetaol.nl\\\/nl\\\/#organization\",\"name\":\"Huus van de Taol\",\"url\":\"https:\\\/\\\/huusvandetaol.nl\\\/nl\\\/\",\"logo\":{\"@type\":\"ImageObject\",\"inLanguage\":\"nl-NL\",\"@id\":\"https:\\\/\\\/huusvandetaol.nl\\\/nl\\\/#\\\/schema\\\/logo\\\/image\\\/\",\"url\":\"https:\\\/\\\/huusvandetaol.nl\\\/wp-content\\\/uploads\\\/downloads\\\/logo.png\",\"contentUrl\":\"https:\\\/\\\/huusvandetaol.nl\\\/wp-content\\\/uploads\\\/downloads\\\/logo.png\",\"width\":1146,\"height\":693,\"caption\":\"Huus van de Taol\"},\"image\":{\"@id\":\"https:\\\/\\\/huusvandetaol.nl\\\/nl\\\/#\\\/schema\\\/logo\\\/image\\\/\"},\"sameAs\":[\"https:\\\/\\\/www.facebook.com\\\/huusvandetaol\\\/\",\"https:\\\/\\\/x.com\\\/HuusvandeTaol\",\"https:\\\/\\\/www.instagram.com\\\/huusvandetaol\\\/\"]}]}<\/script>\n<!-- \/ Yoast SEO plugin. -->","yoast_head_json":{"title":"Vals - Hans Katerberg en Rolf Mulder - Huus van de Taol","description":"In Vals vin ij de wriede geschiedenis van Reynaert de Vos, treffend verteld in Dr\u00e8ents.","robots":{"index":"index","follow":"follow","max-snippet":"max-snippet:-1","max-image-preview":"max-image-preview:large","max-video-preview":"max-video-preview:-1"},"canonical":"https:\/\/huusvandetaol.nl\/nl\/product\/vals-hans-katerberg-en-rolf-mulder\/","og_locale":"nl_NL","og_type":"article","og_title":"Vals - Hans Katerberg en Rolf Mulder - Huus van de Taol","og_description":"In Vals vin ij de wriede geschiedenis van Reynaert de Vos, treffend verteld in Dr\u00e8ents.","og_url":"https:\/\/huusvandetaol.nl\/nl\/product\/vals-hans-katerberg-en-rolf-mulder\/","og_site_name":"Huus van de Taol","article_publisher":"https:\/\/www.facebook.com\/huusvandetaol\/","article_modified_time":"2026-04-14T13:51:35+00:00","og_image":[{"width":1683,"height":1683,"url":"https:\/\/huusvandetaol.nl\/wp-content\/uploads\/2025\/10\/VIERKANT-VALS.1.jpeg","type":"image\/jpeg"}],"twitter_card":"summary_large_image","twitter_site":"@HuusvandeTaol","twitter_misc":{"Geschatte leestijd":"1 minuut"},"schema":{"@context":"https:\/\/schema.org","@graph":[{"@type":"WebPage","@id":"https:\/\/huusvandetaol.nl\/nl\/product\/vals-hans-katerberg-en-rolf-mulder\/","url":"https:\/\/huusvandetaol.nl\/nl\/product\/vals-hans-katerberg-en-rolf-mulder\/","name":"Vals - Hans Katerberg en Rolf Mulder - Huus van de Taol","isPartOf":{"@id":"https:\/\/huusvandetaol.nl\/nl\/#website"},"primaryImageOfPage":{"@id":"https:\/\/huusvandetaol.nl\/nl\/product\/vals-hans-katerberg-en-rolf-mulder\/#primaryimage"},"image":{"@id":"https:\/\/huusvandetaol.nl\/nl\/product\/vals-hans-katerberg-en-rolf-mulder\/#primaryimage"},"thumbnailUrl":"https:\/\/huusvandetaol.nl\/wp-content\/uploads\/2025\/10\/VIERKANT-VALS.1.jpeg","datePublished":"2025-10-09T09:18:34+00:00","dateModified":"2026-04-14T13:51:35+00:00","description":"In Vals vin ij de wriede geschiedenis van Reynaert de Vos, treffend verteld in Dr\u00e8ents.","breadcrumb":{"@id":"https:\/\/huusvandetaol.nl\/nl\/product\/vals-hans-katerberg-en-rolf-mulder\/#breadcrumb"},"inLanguage":"nl-NL","potentialAction":[{"@type":"ReadAction","target":["https:\/\/huusvandetaol.nl\/nl\/product\/vals-hans-katerberg-en-rolf-mulder\/"]}]},{"@type":"ImageObject","inLanguage":"nl-NL","@id":"https:\/\/huusvandetaol.nl\/nl\/product\/vals-hans-katerberg-en-rolf-mulder\/#primaryimage","url":"https:\/\/huusvandetaol.nl\/wp-content\/uploads\/2025\/10\/VIERKANT-VALS.1.jpeg","contentUrl":"https:\/\/huusvandetaol.nl\/wp-content\/uploads\/2025\/10\/VIERKANT-VALS.1.jpeg","width":1683,"height":1683},{"@type":"BreadcrumbList","@id":"https:\/\/huusvandetaol.nl\/nl\/product\/vals-hans-katerberg-en-rolf-mulder\/#breadcrumb","itemListElement":[{"@type":"ListItem","position":1,"name":"Thoesblad","item":"https:\/\/huusvandetaol.nl\/nl\/"},{"@type":"ListItem","position":2,"name":"Webshop","item":"https:\/\/huusvandetaol.nl\/nl\/webshop\/"},{"@type":"ListItem","position":3,"name":"Vals &#8211; Hans Katerberg en Rolf Mulder"}]},{"@type":"WebSite","@id":"https:\/\/huusvandetaol.nl\/nl\/#website","url":"https:\/\/huusvandetaol.nl\/nl\/","name":"Huus van de Taol","description":"Wies met Drents","publisher":{"@id":"https:\/\/huusvandetaol.nl\/nl\/#organization"},"potentialAction":[{"@type":"SearchAction","target":{"@type":"EntryPoint","urlTemplate":"https:\/\/huusvandetaol.nl\/nl\/?s={search_term_string}"},"query-input":{"@type":"PropertyValueSpecification","valueRequired":true,"valueName":"search_term_string"}}],"inLanguage":"nl-NL"},{"@type":"Organization","@id":"https:\/\/huusvandetaol.nl\/nl\/#organization","name":"Huus van de Taol","url":"https:\/\/huusvandetaol.nl\/nl\/","logo":{"@type":"ImageObject","inLanguage":"nl-NL","@id":"https:\/\/huusvandetaol.nl\/nl\/#\/schema\/logo\/image\/","url":"https:\/\/huusvandetaol.nl\/wp-content\/uploads\/downloads\/logo.png","contentUrl":"https:\/\/huusvandetaol.nl\/wp-content\/uploads\/downloads\/logo.png","width":1146,"height":693,"caption":"Huus van de Taol"},"image":{"@id":"https:\/\/huusvandetaol.nl\/nl\/#\/schema\/logo\/image\/"},"sameAs":["https:\/\/www.facebook.com\/huusvandetaol\/","https:\/\/x.com\/HuusvandeTaol","https:\/\/www.instagram.com\/huusvandetaol\/"]}]}},"_links":{"self":[{"href":"https:\/\/huusvandetaol.nl\/nl\/wp-json\/wp\/v2\/product\/64481","targetHints":{"allow":["GET"]}}],"collection":[{"href":"https:\/\/huusvandetaol.nl\/nl\/wp-json\/wp\/v2\/product"}],"about":[{"href":"https:\/\/huusvandetaol.nl\/nl\/wp-json\/wp\/v2\/types\/product"}],"wp:featuredmedia":[{"embeddable":true,"href":"https:\/\/huusvandetaol.nl\/nl\/wp-json\/wp\/v2\/media\/68241"}],"wp:attachment":[{"href":"https:\/\/huusvandetaol.nl\/nl\/wp-json\/wp\/v2\/media?parent=64481"}],"wp:term":[{"taxonomy":"product_brand","embeddable":true,"href":"https:\/\/huusvandetaol.nl\/nl\/wp-json\/wp\/v2\/product_brand?post=64481"},{"taxonomy":"product_cat","embeddable":true,"href":"https:\/\/huusvandetaol.nl\/nl\/wp-json\/wp\/v2\/product_cat?post=64481"},{"taxonomy":"product_tag","embeddable":true,"href":"https:\/\/huusvandetaol.nl\/nl\/wp-json\/wp\/v2\/product_tag?post=64481"}],"curies":[{"name":"wp","href":"https:\/\/api.w.org\/{rel}","templated":true}]}}