{"id":71674,"date":"2026-03-16T14:36:24","date_gmt":"2026-03-16T13:36:24","guid":{"rendered":"https:\/\/huusvandetaol.nl\/product\/t-shirt-willem-ik-bin-hier-de-baos-vandaag\/"},"modified":"2026-03-16T14:49:05","modified_gmt":"2026-03-16T13:49:05","slug":"t-shirt-willem-ik-bin-hier-de-baos-vandaag","status":"publish","type":"product","link":"https:\/\/huusvandetaol.nl\/nl\/product\/t-shirt-willem-ik-bin-hier-de-baos-vandaag\/","title":{"rendered":"T-shirt &#8216;Willem? Ik bin hier de baos vandaag!&#8217;"},"content":{"rendered":"<p>Veur elkenien die van feest en plezier hold: dit T-shirt is de perfecte mix van comfort en stijl, en laat zien daj vandaag de baos bint. Z\u00f6lfs de Keuning mag het weten!<\/p>\n<p>Dit unisex T-shirt is maakt van 100% ketoen, de naodloze ziedkaanten z\u00f6rgt veur een soepele pasv\u00f6rm.<\/p>\n<p>.: Ie kunt het etiket deroet scheuren, dus gien jok of irritatie<br \/>\n.: Dit product wordt leverd deur een partner van het Huus van de Taol en pas maakt naodaj hum besteld hebt. Wij hebt hiervan dus gien veurraod liggen. En het betiekent ok daj het niet weerum doen kunt<\/p>\n<p style=\"position: relative; margin-top: 0px; margin-bottom: 10px; font-size: 15px; line-height: 25px; font-family: Montserrat, sans-serif; background-color: #ffffff;\"><em style=\"position: relative;\"><em style=\"position: relative;\"><span style=\"position: relative; font-weight: bolder;\">Geef acht:<\/span>\u00a0<span style=\"position: relative; font-weight: bolder;\">gemiddeld duurt het een week veurdaj je bestelling in hoes hebt. Bestel dus wal op tied!<\/span><\/em><\/em><\/p>\n<p style=\"position: relative; margin-top: 0px; margin-bottom: 10px; font-size: 15px; line-height: 25px; font-family: Montserrat, sans-serif; background-color: #ffffff;\">\n<table id=\"size-guide\" style=\"min-width: 360px;\">\n<thead>\n<tr>\n<th style=\"padding: 10px;\"><\/th>\n<th style=\"color: #000000; font-weight: 500; text-align: left; font-size: 15px; padding: 10px;\">S<\/th>\n<th style=\"color: #000000; font-weight: 500; text-align: left; font-size: 15px; padding: 10px;\">M<\/th>\n<th style=\"color: #000000; font-weight: 500; text-align: left; font-size: 15px; padding: 10px;\">L<\/th>\n<th style=\"color: #000000; font-weight: 500; text-align: left; font-size: 15px; padding: 10px;\">XL<\/th>\n<th style=\"color: #000000; font-weight: 500; text-align: left; font-size: 15px; padding: 10px;\">2XL<\/th>\n<th style=\"color: #000000; font-weight: 500; text-align: left; font-size: 15px; padding: 10px;\">3XL<\/th>\n<th style=\"color: #000000; font-weight: 500; text-align: left; font-size: 15px; padding: 10px;\">4XL<\/th>\n<th style=\"color: #000000; font-weight: 500; text-align: left; font-size: 15px; padding: 10px;\">5XL<\/th>\n<\/tr>\n<\/thead>\n<tbody>\n<tr>\n<td style=\"padding: 10px; color: #525252; font-size: 15px; border-top: 1px solid #ededed;\">Bredte, cm<\/td>\n<td style=\"padding: 10px; color: #525252; font-size: 15px; border-top: 1px solid #ededed;\">45.72<\/td>\n<td style=\"padding: 10px; color: #525252; font-size: 15px; border-top: 1px solid #ededed;\">50.80<\/td>\n<td style=\"padding: 10px; color: #525252; font-size: 15px; border-top: 1px solid #ededed;\">55.88<\/td>\n<td style=\"padding: 10px; color: #525252; font-size: 15px; border-top: 1px solid #ededed;\">60.96<\/td>\n<td style=\"padding: 10px; color: #525252; font-size: 15px; border-top: 1px solid #ededed;\">66.04<\/td>\n<td style=\"padding: 10px; color: #525252; font-size: 15px; border-top: 1px solid #ededed;\">71.12<\/td>\n<td style=\"padding: 10px; color: #525252; font-size: 15px; border-top: 1px solid #ededed;\">76.20<\/td>\n<td style=\"padding: 10px; color: #525252; font-size: 15px; border-top: 1px solid #ededed;\">81.28<\/td>\n<\/tr>\n<tr>\n<td style=\"padding: 10px; color: #525252; font-size: 15px; border-top: 1px solid #ededed;\">Lengte, cm<\/td>\n<td style=\"padding: 10px; color: #525252; font-size: 15px; border-top: 1px solid #ededed;\">71.12<\/td>\n<td style=\"padding: 10px; color: #525252; font-size: 15px; border-top: 1px solid #ededed;\">73.66<\/td>\n<td style=\"padding: 10px; color: #525252; font-size: 15px; border-top: 1px solid #ededed;\">76.20<\/td>\n<td style=\"padding: 10px; color: #525252; font-size: 15px; border-top: 1px solid #ededed;\">78.74<\/td>\n<td style=\"padding: 10px; color: #525252; font-size: 15px; border-top: 1px solid #ededed;\">81.28<\/td>\n<td style=\"padding: 10px; color: #525252; font-size: 15px; border-top: 1px solid #ededed;\">83.82<\/td>\n<td style=\"padding: 10px; color: #525252; font-size: 15px; border-top: 1px solid #ededed;\">86.36<\/td>\n<td style=\"padding: 10px; color: #525252; font-size: 15px; border-top: 1px solid #ededed;\">88.90<\/td>\n<\/tr>\n<tr>\n<td style=\"padding: 10px; color: #525252; font-size: 15px; border-top: 1px solid #ededed;\">Mouwlengte (vanof het midden van de rug), cm<\/td>\n<td style=\"padding: 10px; color: #525252; font-size: 15px; border-top: 1px solid #ededed;\">38.35<\/td>\n<td style=\"padding: 10px; color: #525252; font-size: 15px; border-top: 1px solid #ededed;\">41.91<\/td>\n<td style=\"padding: 10px; color: #525252; font-size: 15px; border-top: 1px solid #ededed;\">45.72<\/td>\n<td style=\"padding: 10px; color: #525252; font-size: 15px; border-top: 1px solid #ededed;\">49.53<\/td>\n<td style=\"padding: 10px; color: #525252; font-size: 15px; border-top: 1px solid #ededed;\">53.34<\/td>\n<td style=\"padding: 10px; color: #525252; font-size: 15px; border-top: 1px solid #ededed;\">56.90<\/td>\n<td style=\"padding: 10px; color: #525252; font-size: 15px; border-top: 1px solid #ededed;\">60.20<\/td>\n<td style=\"padding: 10px; color: #525252; font-size: 15px; border-top: 1px solid #ededed;\">63.50<\/td>\n<\/tr>\n<tr>\n<td style=\"padding: 10px; color: #525252; font-size: 15px; border-top: 1px solid #ededed;\"><\/td>\n<td style=\"padding: 10px; color: #525252; font-size: 15px; border-top: 1px solid #ededed;\"><\/td>\n<td style=\"padding: 10px; color: #525252; font-size: 15px; border-top: 1px solid #ededed;\"><\/td>\n<td style=\"padding: 10px; color: #525252; font-size: 15px; border-top: 1px solid #ededed;\"><\/td>\n<td style=\"padding: 10px; color: #525252; font-size: 15px; border-top: 1px solid #ededed;\"><\/td>\n<td style=\"padding: 10px; color: #525252; font-size: 15px; border-top: 1px solid #ededed;\"><\/td>\n<td style=\"padding: 10px; color: #525252; font-size: 15px; border-top: 1px solid #ededed;\"><\/td>\n<td style=\"padding: 10px; color: #525252; font-size: 15px; border-top: 1px solid #ededed;\"><\/td>\n<td style=\"padding: 10px; color: #525252; font-size: 15px; border-top: 1px solid #ededed;\"><\/td>\n<\/tr>\n<\/tbody>\n<\/table>\n<p>&nbsp;<\/p>\n","protected":false},"excerpt":{"rendered":"<p>Veur elkenien die van feest en plezier hold: dit T-shirt is de perfecte mix van comfort en stijl, en laat zien daj vandaag de baos bint. Z\u00f6lfs de Keuning mag het weten! Dit unisex T-shirt is maakt van 100% ketoen, de naodloze ziedkaanten z\u00f6rgt veur een soepele pasv\u00f6rm. .: Ie kunt het etiket deroet scheuren, [&hellip;]<\/p>\n","protected":false},"featured_media":71688,"template":"","meta":{"_acf_changed":false},"product_brand":[],"product_cat":[31,1293],"product_tag":[1500,1793,1294,1295,1298,122,1792,1791],"class_list":{"0":"post-71674","1":"product","2":"type-product","3":"status-publish","4":"has-post-thumbnail","6":"product_cat-kleding","7":"product_cat-oranje","8":"product_tag-drents-t-shirt","9":"product_tag-drents-t-shirt-met-grappige-tekst","10":"product_tag-keuningsdag","11":"product_tag-koningsdag","12":"product_tag-oranje","13":"product_tag-t-shirt","14":"product_tag-tshirt-keuningsdag","15":"product_tag-willem","17":"first","18":"instock","19":"taxable","20":"shipping-taxable","21":"purchasable","22":"product-type-variable","23":"has-default-attributes"},"acf":[],"yoast_head":"<!-- This site is optimized with the Yoast SEO plugin v27.3 - https:\/\/yoast.com\/product\/yoast-seo-wordpress\/ -->\n<title>T-shirt &#039;Willem? Ik bin hier de baos vandaag!&#039; - Huus van de Taol<\/title>\n<meta name=\"robots\" content=\"index, follow, max-snippet:-1, max-image-preview:large, max-video-preview:-1\" \/>\n<link rel=\"canonical\" href=\"https:\/\/huusvandetaol.nl\/nl\/product\/t-shirt-willem-ik-bin-hier-de-baos-vandaag\/\" \/>\n<meta property=\"og:locale\" content=\"nl_NL\" \/>\n<meta property=\"og:type\" content=\"article\" \/>\n<meta property=\"og:title\" content=\"T-shirt &#039;Willem? Ik bin hier de baos vandaag!&#039; - Huus van de Taol\" \/>\n<meta property=\"og:description\" content=\"Veur elkenien die van feest en plezier hold: dit T-shirt is de perfecte mix van comfort en stijl, en laat zien daj vandaag de baos bint. Z\u00f6lfs de Keuning mag het weten! Dit unisex T-shirt is maakt van 100% ketoen, de naodloze ziedkaanten z\u00f6rgt veur een soepele pasv\u00f6rm. .: Ie kunt het etiket deroet scheuren, [&hellip;]\" \/>\n<meta property=\"og:url\" content=\"https:\/\/huusvandetaol.nl\/nl\/product\/t-shirt-willem-ik-bin-hier-de-baos-vandaag\/\" \/>\n<meta property=\"og:site_name\" content=\"Huus van de Taol\" \/>\n<meta property=\"article:publisher\" content=\"https:\/\/www.facebook.com\/huusvandetaol\/\" \/>\n<meta property=\"article:modified_time\" content=\"2026-03-16T13:49:05+00:00\" \/>\n<meta property=\"og:image\" content=\"https:\/\/huusvandetaol.nl\/wp-content\/uploads\/2026\/03\/15741895195685379827_2048.jpeg\" \/>\n\t<meta property=\"og:image:width\" content=\"2048\" \/>\n\t<meta property=\"og:image:height\" content=\"2048\" \/>\n\t<meta property=\"og:image:type\" content=\"image\/jpeg\" \/>\n<meta name=\"twitter:card\" content=\"summary_large_image\" \/>\n<meta name=\"twitter:site\" content=\"@HuusvandeTaol\" \/>\n<meta name=\"twitter:label1\" content=\"Geschatte leestijd\" \/>\n\t<meta name=\"twitter:data1\" content=\"1 minuut\" \/>\n<script type=\"application\/ld+json\" class=\"yoast-schema-graph\">{\"@context\":\"https:\\\/\\\/schema.org\",\"@graph\":[{\"@type\":\"WebPage\",\"@id\":\"https:\\\/\\\/huusvandetaol.nl\\\/nl\\\/product\\\/t-shirt-willem-ik-bin-hier-de-baos-vandaag\\\/\",\"url\":\"https:\\\/\\\/huusvandetaol.nl\\\/nl\\\/product\\\/t-shirt-willem-ik-bin-hier-de-baos-vandaag\\\/\",\"name\":\"T-shirt 'Willem? Ik bin hier de baos vandaag!' - Huus van de Taol\",\"isPartOf\":{\"@id\":\"https:\\\/\\\/huusvandetaol.nl\\\/nl\\\/#website\"},\"primaryImageOfPage\":{\"@id\":\"https:\\\/\\\/huusvandetaol.nl\\\/nl\\\/product\\\/t-shirt-willem-ik-bin-hier-de-baos-vandaag\\\/#primaryimage\"},\"image\":{\"@id\":\"https:\\\/\\\/huusvandetaol.nl\\\/nl\\\/product\\\/t-shirt-willem-ik-bin-hier-de-baos-vandaag\\\/#primaryimage\"},\"thumbnailUrl\":\"https:\\\/\\\/huusvandetaol.nl\\\/wp-content\\\/uploads\\\/2026\\\/03\\\/15741895195685379827_2048.jpeg\",\"datePublished\":\"2026-03-16T13:36:24+00:00\",\"dateModified\":\"2026-03-16T13:49:05+00:00\",\"breadcrumb\":{\"@id\":\"https:\\\/\\\/huusvandetaol.nl\\\/nl\\\/product\\\/t-shirt-willem-ik-bin-hier-de-baos-vandaag\\\/#breadcrumb\"},\"inLanguage\":\"nl-NL\",\"potentialAction\":[{\"@type\":\"ReadAction\",\"target\":[\"https:\\\/\\\/huusvandetaol.nl\\\/nl\\\/product\\\/t-shirt-willem-ik-bin-hier-de-baos-vandaag\\\/\"]}]},{\"@type\":\"ImageObject\",\"inLanguage\":\"nl-NL\",\"@id\":\"https:\\\/\\\/huusvandetaol.nl\\\/nl\\\/product\\\/t-shirt-willem-ik-bin-hier-de-baos-vandaag\\\/#primaryimage\",\"url\":\"https:\\\/\\\/huusvandetaol.nl\\\/wp-content\\\/uploads\\\/2026\\\/03\\\/15741895195685379827_2048.jpeg\",\"contentUrl\":\"https:\\\/\\\/huusvandetaol.nl\\\/wp-content\\\/uploads\\\/2026\\\/03\\\/15741895195685379827_2048.jpeg\",\"width\":2048,\"height\":2048},{\"@type\":\"BreadcrumbList\",\"@id\":\"https:\\\/\\\/huusvandetaol.nl\\\/nl\\\/product\\\/t-shirt-willem-ik-bin-hier-de-baos-vandaag\\\/#breadcrumb\",\"itemListElement\":[{\"@type\":\"ListItem\",\"position\":1,\"name\":\"Thoesblad\",\"item\":\"https:\\\/\\\/huusvandetaol.nl\\\/nl\\\/\"},{\"@type\":\"ListItem\",\"position\":2,\"name\":\"Webshop\",\"item\":\"https:\\\/\\\/huusvandetaol.nl\\\/nl\\\/webshop\\\/\"},{\"@type\":\"ListItem\",\"position\":3,\"name\":\"T-shirt &#8216;Willem? Ik bin hier de baos vandaag!&#8217;\"}]},{\"@type\":\"WebSite\",\"@id\":\"https:\\\/\\\/huusvandetaol.nl\\\/nl\\\/#website\",\"url\":\"https:\\\/\\\/huusvandetaol.nl\\\/nl\\\/\",\"name\":\"Huus van de Taol\",\"description\":\"Wies met Drents\",\"publisher\":{\"@id\":\"https:\\\/\\\/huusvandetaol.nl\\\/nl\\\/#organization\"},\"potentialAction\":[{\"@type\":\"SearchAction\",\"target\":{\"@type\":\"EntryPoint\",\"urlTemplate\":\"https:\\\/\\\/huusvandetaol.nl\\\/nl\\\/?s={search_term_string}\"},\"query-input\":{\"@type\":\"PropertyValueSpecification\",\"valueRequired\":true,\"valueName\":\"search_term_string\"}}],\"inLanguage\":\"nl-NL\"},{\"@type\":\"Organization\",\"@id\":\"https:\\\/\\\/huusvandetaol.nl\\\/nl\\\/#organization\",\"name\":\"Huus van de Taol\",\"url\":\"https:\\\/\\\/huusvandetaol.nl\\\/nl\\\/\",\"logo\":{\"@type\":\"ImageObject\",\"inLanguage\":\"nl-NL\",\"@id\":\"https:\\\/\\\/huusvandetaol.nl\\\/nl\\\/#\\\/schema\\\/logo\\\/image\\\/\",\"url\":\"https:\\\/\\\/huusvandetaol.nl\\\/wp-content\\\/uploads\\\/downloads\\\/logo.png\",\"contentUrl\":\"https:\\\/\\\/huusvandetaol.nl\\\/wp-content\\\/uploads\\\/downloads\\\/logo.png\",\"width\":1146,\"height\":693,\"caption\":\"Huus van de Taol\"},\"image\":{\"@id\":\"https:\\\/\\\/huusvandetaol.nl\\\/nl\\\/#\\\/schema\\\/logo\\\/image\\\/\"},\"sameAs\":[\"https:\\\/\\\/www.facebook.com\\\/huusvandetaol\\\/\",\"https:\\\/\\\/x.com\\\/HuusvandeTaol\",\"https:\\\/\\\/www.instagram.com\\\/huusvandetaol\\\/\"]}]}<\/script>\n<!-- \/ Yoast SEO plugin. -->","yoast_head_json":{"title":"T-shirt 'Willem? Ik bin hier de baos vandaag!' - Huus van de Taol","robots":{"index":"index","follow":"follow","max-snippet":"max-snippet:-1","max-image-preview":"max-image-preview:large","max-video-preview":"max-video-preview:-1"},"canonical":"https:\/\/huusvandetaol.nl\/nl\/product\/t-shirt-willem-ik-bin-hier-de-baos-vandaag\/","og_locale":"nl_NL","og_type":"article","og_title":"T-shirt 'Willem? Ik bin hier de baos vandaag!' - Huus van de Taol","og_description":"Veur elkenien die van feest en plezier hold: dit T-shirt is de perfecte mix van comfort en stijl, en laat zien daj vandaag de baos bint. Z\u00f6lfs de Keuning mag het weten! Dit unisex T-shirt is maakt van 100% ketoen, de naodloze ziedkaanten z\u00f6rgt veur een soepele pasv\u00f6rm. .: Ie kunt het etiket deroet scheuren, [&hellip;]","og_url":"https:\/\/huusvandetaol.nl\/nl\/product\/t-shirt-willem-ik-bin-hier-de-baos-vandaag\/","og_site_name":"Huus van de Taol","article_publisher":"https:\/\/www.facebook.com\/huusvandetaol\/","article_modified_time":"2026-03-16T13:49:05+00:00","og_image":[{"width":2048,"height":2048,"url":"https:\/\/huusvandetaol.nl\/wp-content\/uploads\/2026\/03\/15741895195685379827_2048.jpeg","type":"image\/jpeg"}],"twitter_card":"summary_large_image","twitter_site":"@HuusvandeTaol","twitter_misc":{"Geschatte leestijd":"1 minuut"},"schema":{"@context":"https:\/\/schema.org","@graph":[{"@type":"WebPage","@id":"https:\/\/huusvandetaol.nl\/nl\/product\/t-shirt-willem-ik-bin-hier-de-baos-vandaag\/","url":"https:\/\/huusvandetaol.nl\/nl\/product\/t-shirt-willem-ik-bin-hier-de-baos-vandaag\/","name":"T-shirt 'Willem? Ik bin hier de baos vandaag!' - Huus van de Taol","isPartOf":{"@id":"https:\/\/huusvandetaol.nl\/nl\/#website"},"primaryImageOfPage":{"@id":"https:\/\/huusvandetaol.nl\/nl\/product\/t-shirt-willem-ik-bin-hier-de-baos-vandaag\/#primaryimage"},"image":{"@id":"https:\/\/huusvandetaol.nl\/nl\/product\/t-shirt-willem-ik-bin-hier-de-baos-vandaag\/#primaryimage"},"thumbnailUrl":"https:\/\/huusvandetaol.nl\/wp-content\/uploads\/2026\/03\/15741895195685379827_2048.jpeg","datePublished":"2026-03-16T13:36:24+00:00","dateModified":"2026-03-16T13:49:05+00:00","breadcrumb":{"@id":"https:\/\/huusvandetaol.nl\/nl\/product\/t-shirt-willem-ik-bin-hier-de-baos-vandaag\/#breadcrumb"},"inLanguage":"nl-NL","potentialAction":[{"@type":"ReadAction","target":["https:\/\/huusvandetaol.nl\/nl\/product\/t-shirt-willem-ik-bin-hier-de-baos-vandaag\/"]}]},{"@type":"ImageObject","inLanguage":"nl-NL","@id":"https:\/\/huusvandetaol.nl\/nl\/product\/t-shirt-willem-ik-bin-hier-de-baos-vandaag\/#primaryimage","url":"https:\/\/huusvandetaol.nl\/wp-content\/uploads\/2026\/03\/15741895195685379827_2048.jpeg","contentUrl":"https:\/\/huusvandetaol.nl\/wp-content\/uploads\/2026\/03\/15741895195685379827_2048.jpeg","width":2048,"height":2048},{"@type":"BreadcrumbList","@id":"https:\/\/huusvandetaol.nl\/nl\/product\/t-shirt-willem-ik-bin-hier-de-baos-vandaag\/#breadcrumb","itemListElement":[{"@type":"ListItem","position":1,"name":"Thoesblad","item":"https:\/\/huusvandetaol.nl\/nl\/"},{"@type":"ListItem","position":2,"name":"Webshop","item":"https:\/\/huusvandetaol.nl\/nl\/webshop\/"},{"@type":"ListItem","position":3,"name":"T-shirt &#8216;Willem? Ik bin hier de baos vandaag!&#8217;"}]},{"@type":"WebSite","@id":"https:\/\/huusvandetaol.nl\/nl\/#website","url":"https:\/\/huusvandetaol.nl\/nl\/","name":"Huus van de Taol","description":"Wies met Drents","publisher":{"@id":"https:\/\/huusvandetaol.nl\/nl\/#organization"},"potentialAction":[{"@type":"SearchAction","target":{"@type":"EntryPoint","urlTemplate":"https:\/\/huusvandetaol.nl\/nl\/?s={search_term_string}"},"query-input":{"@type":"PropertyValueSpecification","valueRequired":true,"valueName":"search_term_string"}}],"inLanguage":"nl-NL"},{"@type":"Organization","@id":"https:\/\/huusvandetaol.nl\/nl\/#organization","name":"Huus van de Taol","url":"https:\/\/huusvandetaol.nl\/nl\/","logo":{"@type":"ImageObject","inLanguage":"nl-NL","@id":"https:\/\/huusvandetaol.nl\/nl\/#\/schema\/logo\/image\/","url":"https:\/\/huusvandetaol.nl\/wp-content\/uploads\/downloads\/logo.png","contentUrl":"https:\/\/huusvandetaol.nl\/wp-content\/uploads\/downloads\/logo.png","width":1146,"height":693,"caption":"Huus van de Taol"},"image":{"@id":"https:\/\/huusvandetaol.nl\/nl\/#\/schema\/logo\/image\/"},"sameAs":["https:\/\/www.facebook.com\/huusvandetaol\/","https:\/\/x.com\/HuusvandeTaol","https:\/\/www.instagram.com\/huusvandetaol\/"]}]}},"_links":{"self":[{"href":"https:\/\/huusvandetaol.nl\/nl\/wp-json\/wp\/v2\/product\/71674","targetHints":{"allow":["GET"]}}],"collection":[{"href":"https:\/\/huusvandetaol.nl\/nl\/wp-json\/wp\/v2\/product"}],"about":[{"href":"https:\/\/huusvandetaol.nl\/nl\/wp-json\/wp\/v2\/types\/product"}],"wp:featuredmedia":[{"embeddable":true,"href":"https:\/\/huusvandetaol.nl\/nl\/wp-json\/wp\/v2\/media\/71688"}],"wp:attachment":[{"href":"https:\/\/huusvandetaol.nl\/nl\/wp-json\/wp\/v2\/media?parent=71674"}],"wp:term":[{"taxonomy":"product_brand","embeddable":true,"href":"https:\/\/huusvandetaol.nl\/nl\/wp-json\/wp\/v2\/product_brand?post=71674"},{"taxonomy":"product_cat","embeddable":true,"href":"https:\/\/huusvandetaol.nl\/nl\/wp-json\/wp\/v2\/product_cat?post=71674"},{"taxonomy":"product_tag","embeddable":true,"href":"https:\/\/huusvandetaol.nl\/nl\/wp-json\/wp\/v2\/product_tag?post=71674"}],"curies":[{"name":"wp","href":"https:\/\/api.w.org\/{rel}","templated":true}]}}